{"id":1263,"date":"2016-02-21T10:59:05","date_gmt":"2016-02-21T15:59:05","guid":{"rendered":"http:\/\/stopmarketingtokids.ca\/fr\/?page_id=1263"},"modified":"2017-01-31T16:43:01","modified_gmt":"2017-01-31T21:43:01","slug":"le-marketing-destine-aux-enfants-est-devenu-plus-agressif","status":"publish","type":"page","link":"https:\/\/stopmarketingtokids.ca\/fr\/le-marketing-destine-aux-enfants-est-devenu-plus-agressif\/","title":{"rendered":"Le marketing destin\u00e9 aux enfants est devenu plus agressif"},"content":{"rendered":"\n<style type=\"text\/css\" data-created_by=\"avia_inline_auto\" id=\"style-css-av-av_section-a667b45f101257b5ed8e973b2c045fbf\">\n.avia-section.av-av_section-a667b45f101257b5ed8e973b2c045fbf{\nbackground-color:#477fb7;\nbackground-image:unset;\n}\n<\/style>\n<div id='av_section_1'  class='avia-section av-av_section-a667b45f101257b5ed8e973b2c045fbf alternate_color avia-section-small avia-no-shadow  avia-builder-el-0  el_before_av_layerslider  avia-builder-el-first  avia-bg-style-scroll container_wrap fullsize'  ><div class='container av-section-cont-open' ><main  role=\"main\" itemprop=\"mainContentOfPage\"  class='template-page content  av-content-full alpha units'><div class='post-entry post-entry-type-page post-entry-1263'><div class='entry-content-wrapper clearfix'>\n\n<style type=\"text\/css\" data-created_by=\"avia_inline_auto\" id=\"style-css-av-av_heading-5877710e22613649e3e3a3e3cea3abed\">\n#top .av-special-heading.av-av_heading-5877710e22613649e3e3a3e3cea3abed{\npadding-bottom:5px;\n}\nbody .av-special-heading.av-av_heading-5877710e22613649e3e3a3e3cea3abed .av-special-heading-tag .heading-char{\nfont-size:25px;\n}\n.av-special-heading.av-av_heading-5877710e22613649e3e3a3e3cea3abed .av-subheading{\nfont-size:15px;\n}\n<\/style>\n<div  class='av-special-heading av-av_heading-5877710e22613649e3e3a3e3cea3abed av-special-heading-h1 blockquote modern-quote  avia-builder-el-1  avia-builder-el-no-sibling '><h1 class='av-special-heading-tag '  itemprop=\"headline\"  >Le marketing destin\u00e9 aux enfants est devenu plus agressif<\/h1><div class=\"special-heading-border\"><div class=\"special-heading-inner-border\"><\/div><\/div><\/div>\n\n<\/div><\/div><\/main><!-- close content main element --><\/div><\/div><div id='layer_slider_1'  class='avia-layerslider main_color avia-shadow  avia-builder-el-2  el_after_av_section  el_before_av_section  slider-not-first container_wrap fullsize'  style='height: 421px;'  ><\/div>\n<div id='av_section_2'  class='avia-section av-av_section-d18d8c2c81d10022ebd21ffa95322c35 main_color avia-section-default avia-no-shadow  avia-builder-el-3  el_after_av_layerslider  el_before_av_hr  avia-bg-style-scroll container_wrap fullsize'  ><div class='container av-section-cont-open' ><div class='template-page content  av-content-full alpha units'><div class='post-entry post-entry-type-page post-entry-1263'><div class='entry-content-wrapper clearfix'>\n\n<style type=\"text\/css\" data-created_by=\"avia_inline_auto\" id=\"style-css-av-av_two_third-352b07ef7d3bc99b2e9f92e7a9e06bdb\">\n.flex_column.av-av_two_third-352b07ef7d3bc99b2e9f92e7a9e06bdb{\nborder-radius:0px 0px 0px 0px;\npadding:0px 0px 0px 0px;\n}\n<\/style>\n<div  class='flex_column av-av_two_third-352b07ef7d3bc99b2e9f92e7a9e06bdb av_two_third  avia-builder-el-4  el_before_av_one_third  avia-builder-el-first  first flex_column_div av-zero-column-padding  '     ><section  class='av_textblock_section av-av_textblock-0366cc7376be6c9e82a3e9cc8987b64f '   itemscope=\"itemscope\" itemtype=\"https:\/\/schema.org\/CreativeWork\" ><div class='avia_textblock'  itemprop=\"text\" ><p><b> Les produits alimentaires constituent un march\u00e9 important. Davantage d\u2019entreprises mettent l\u2019accent sur la publicit\u00e9 d\u2019aliments et de boissons destin\u00e9e aux enfants.<\/b><\/p>\n<ul>\n<li>La publicit\u00e9 destin\u00e9e aux enfants a radicalement chang\u00e9 au cours des 10 \u00e0 15\u00a0derni\u00e8res ann\u00e9es. Il n\u2019est plus passif.<\/li>\n<li>Aujourd\u2019hui, cette publicit\u00e9 est fluide, sophistiqu\u00e9e et souvent interactive.<\/li>\n<li>La distinction entre publicit\u00e9 et divertissement pour enfants est de plus en plus floue et, aujourd\u2019hui, des messages publicitaires sont int\u00e9gr\u00e9s dans les sonneries de t\u00e9l\u00e9phone portable, les applications, les jouets, les livres d\u2019activit\u00e9s, les films, les dessins anim\u00e9s, les vid\u00e9oclips, les sites Web, les jeux vid\u00e9o, les concours dans les \u00e9coles, etc.<\/li>\n<li>Les entreprises du secteur alimentairedu secteur alimentaire cr\u00e9ent des \u00ab\u00a0environnements de marque\u00a0\u00bb en ligne o\u00f9 les enfants peuvent s\u2019inscrire et avoir acc\u00e8s \u00e0 des vid\u00e9os, des jeux, des jeux-questionnaires, des concours et des jeux publicitaires (jeux vid\u00e9o int\u00e9grant des outils de marketing et le placement de logo).<\/li>\n<li>Les m\u00e9thodes de marketing num\u00e9riques encouragent fr\u00e9quemment les enfants \u00e0 inviter leurs amis \u00e0 visiter, \u00e0 participer, \u00e0 s\u2019inscrire et \u00e0 partager. C\u2019est ce qu\u2019on appelle le marketing viral.<\/li>\n<li>Une \u00e9tude canadienne a r\u00e9v\u00e9l\u00e9 que 83\u00a0% des sites Web des entreprises du secteur alimentaire ciblaient les enfants de moins de 12\u00a0ans. La plupart offraient l\u2019acc\u00e8s \u00e0 des jeux vid\u00e9o et la possibilit\u00e9 de s\u2019inscrire.<\/li>\n<\/ul>\n<p><strong>Les entreprises du secteur alimentaire peuvent \u00e9galement surveiller les comportements des enfants en ligne. Cela permet aux entreprises\u00a0:<\/strong><\/p>\n<ul>\n<li>D\u2019\u00e9valuer l\u2019efficacit\u00e9 de diff\u00e9rentes techniques de marketing<\/li>\n<li>De cr\u00e9er des profils de comportements personnalis\u00e9s pour les enfants<\/li>\n<li>De diffuser des publicit\u00e9s adapt\u00e9es aux int\u00e9r\u00eats de chaque enfant<\/li>\n<\/ul>\n<\/div><\/section><\/div>\n<style type=\"text\/css\" data-created_by=\"avia_inline_auto\" id=\"style-css-av-av_one_third-2a64de42b738552fe666ca889af77e28\">\n.flex_column.av-av_one_third-2a64de42b738552fe666ca889af77e28{\nborder-radius:0px 0px 0px 0px;\npadding:0px 0px 0px 0px;\n}\n<\/style>\n<div  class='flex_column av-av_one_third-2a64de42b738552fe666ca889af77e28 av_one_third  avia-builder-el-6  el_after_av_two_third  avia-builder-el-last  flex_column_div av-zero-column-padding  '     ><p>\n<style type=\"text\/css\" data-created_by=\"avia_inline_auto\" id=\"style-css-av-av_image-1c3df376bf97b9923f0a116c75f3c780\">\n.avia-image-container.av-av_image-1c3df376bf97b9923f0a116c75f3c780 img.avia_image{\nbox-shadow:none;\n}\n.avia-image-container.av-av_image-1c3df376bf97b9923f0a116c75f3c780 .av-image-caption-overlay-center{\ncolor:#ffffff;\n}\n<\/style>\n<div  class='avia-image-container av-av_image-1c3df376bf97b9923f0a116c75f3c780 av-styling- avia-align-center  avia-builder-el-7  el_before_av_textblock  avia-builder-el-first '   itemprop=\"image\" itemscope=\"itemscope\" itemtype=\"https:\/\/schema.org\/ImageObject\" ><div class=\"avia-image-container-inner\"><div class=\"avia-image-overlay-wrap\"><img decoding=\"async\" fetchpriority=\"high\" class='wp-image-961 avia-img-lazy-loading-not-961 avia_image ' src=\"https:\/\/stopmarketingtokids.ca\/wp-content\/uploads\/2015\/10\/HS_TOYS_1.png\" alt='' title='HS_TOYS_1'  height=\"468\" width=\"600\"  itemprop=\"thumbnailUrl\" srcset=\"https:\/\/stopmarketingtokids.ca\/wp-content\/uploads\/2015\/10\/HS_TOYS_1.png 600w, https:\/\/stopmarketingtokids.ca\/wp-content\/uploads\/2015\/10\/HS_TOYS_1-300x234.png 300w, https:\/\/stopmarketingtokids.ca\/wp-content\/uploads\/2015\/10\/HS_TOYS_1-450x351.png 450w\" sizes=\"(max-width: 600px) 100vw, 600px\" \/><\/div><\/div><\/div><br \/>\n\n<style type=\"text\/css\" data-created_by=\"avia_inline_auto\" id=\"style-css-av-av_textblock-6c4e1785a8f9bdc54e3d7bcb70f1c1bc\">\n#top .av_textblock_section.av-av_textblock-6c4e1785a8f9bdc54e3d7bcb70f1c1bc .avia_textblock{\nfont-size:10px;\n}\n<\/style>\n<section  class='av_textblock_section av-av_textblock-6c4e1785a8f9bdc54e3d7bcb70f1c1bc '   itemscope=\"itemscope\" itemtype=\"https:\/\/schema.org\/CreativeWork\" ><div class='avia_textblock'  itemprop=\"text\" ><p>Capture d&#8217;\u00e9cran, source\u00a0: <a href=\"http:\/\/www.amazon.ca\/Umagine-20051005-Slurpee-Maker\/dp\/B007X9DRWO\">http:\/\/www.amazon.ca\/Umagine-20051005-Slurpee-Maker\/dp\/B007X9DRWO<\/a><\/p>\n<p>\u00a9 2008-2016, Amazon.com, Inc. ou ses filiales<\/p>\n<\/div><\/section><br \/>\n\n<style type=\"text\/css\" data-created_by=\"avia_inline_auto\" id=\"style-css-av-av_hr-ee2847e2e025ce3d30801259a03f9fd4\">\n#top .hr.hr-invisible.av-av_hr-ee2847e2e025ce3d30801259a03f9fd4{\nheight:10px;\n}\n<\/style>\n<div  class='hr av-av_hr-ee2847e2e025ce3d30801259a03f9fd4 hr-invisible  avia-builder-el-9  el_after_av_textblock  el_before_av_image '><span class='hr-inner '><span class=\"hr-inner-style\"><\/span><\/span><\/div><br \/>\n\n<style type=\"text\/css\" data-created_by=\"avia_inline_auto\" id=\"style-css-av-av_image-7e65934cc368d684f98c62b15d8e7d1e\">\n.avia-image-container.av-av_image-7e65934cc368d684f98c62b15d8e7d1e img.avia_image{\nbox-shadow:none;\n}\n.avia-image-container.av-av_image-7e65934cc368d684f98c62b15d8e7d1e .av-image-caption-overlay-center{\ncolor:#ffffff;\n}\n<\/style>\n<div  class='avia-image-container av-av_image-7e65934cc368d684f98c62b15d8e7d1e av-styling- avia-align-center  avia-builder-el-10  el_after_av_hr  el_before_av_textblock '   itemprop=\"image\" itemscope=\"itemscope\" itemtype=\"https:\/\/schema.org\/ImageObject\" ><div class=\"avia-image-container-inner\"><div class=\"avia-image-overlay-wrap\"><img decoding=\"async\" fetchpriority=\"high\" class='wp-image-963 avia-img-lazy-loading-not-963 avia_image ' src=\"https:\/\/stopmarketingtokids.ca\/wp-content\/uploads\/2015\/10\/HS_WEBSITES_2.png\" alt='' title='HS_WEBSITES_2'  height=\"441\" width=\"600\"  itemprop=\"thumbnailUrl\" srcset=\"https:\/\/stopmarketingtokids.ca\/wp-content\/uploads\/2015\/10\/HS_WEBSITES_2.png 600w, https:\/\/stopmarketingtokids.ca\/wp-content\/uploads\/2015\/10\/HS_WEBSITES_2-300x221.png 300w, https:\/\/stopmarketingtokids.ca\/wp-content\/uploads\/2015\/10\/HS_WEBSITES_2-450x331.png 450w\" sizes=\"(max-width: 600px) 100vw, 600px\" \/><\/div><\/div><\/div><br \/>\n\n<style type=\"text\/css\" data-created_by=\"avia_inline_auto\" id=\"style-css-av-av_textblock-6c4e1785a8f9bdc54e3d7bcb70f1c1bc\">\n#top .av_textblock_section.av-av_textblock-6c4e1785a8f9bdc54e3d7bcb70f1c1bc .avia_textblock{\nfont-size:10px;\n}\n<\/style>\n<section  class='av_textblock_section av-av_textblock-6c4e1785a8f9bdc54e3d7bcb70f1c1bc '   itemscope=\"itemscope\" itemtype=\"https:\/\/schema.org\/CreativeWork\" ><div class='avia_textblock'  itemprop=\"text\" ><p>Capture d&#8217;\u00e9cran, source\u00a0: <a href=\"http:\/\/www.girlsgogames.com\/game\/frozen-ice-cream-pie\">http:\/\/www.girlsgogames.com\/game\/frozen-ice-cream-pie<\/a><\/p>\n<p>\u00a9 2016 SPIL GAMES<\/p>\n<\/div><\/section><br \/>\n\n<style type=\"text\/css\" data-created_by=\"avia_inline_auto\" id=\"style-css-av-av_hr-ee2847e2e025ce3d30801259a03f9fd4\">\n#top .hr.hr-invisible.av-av_hr-ee2847e2e025ce3d30801259a03f9fd4{\nheight:10px;\n}\n<\/style>\n<div  class='hr av-av_hr-ee2847e2e025ce3d30801259a03f9fd4 hr-invisible  avia-builder-el-12  el_after_av_textblock  avia-builder-el-last '><span class='hr-inner '><span class=\"hr-inner-style\"><\/span><\/span><\/div><\/p><\/div><\/div><\/div><\/div><!-- close content main div --><\/div><\/div><div id='after_section_2'  class='main_color av_default_container_wrap container_wrap fullsize'  ><div class='container av-section-cont-open' ><div class='template-page content  av-content-full alpha units'><div class='post-entry post-entry-type-page post-entry-1263'><div class='entry-content-wrapper clearfix'>\n<style type=\"text\/css\" data-created_by=\"avia_inline_auto\" id=\"style-css-av-av_hr-0688d0b0b6ed2f8b057db7a8270206df\">\n#top .hr.hr-invisible.av-av_hr-0688d0b0b6ed2f8b057db7a8270206df{\nheight:50px;\n}\n<\/style>\n<div  class='hr av-av_hr-0688d0b0b6ed2f8b057db7a8270206df hr-invisible  avia-builder-el-13  el_after_av_section  avia-builder-el-no-sibling '><span class='hr-inner '><span class=\"hr-inner-style\"><\/span><\/span><\/div><\/p>\n","protected":false},"excerpt":{"rendered":"","protected":false},"author":6,"featured_media":0,"parent":0,"menu_order":0,"comment_status":"open","ping_status":"open","template":"","meta":{"footnotes":""},"class_list":["post-1263","page","type-page","status-publish","hentry"],"yoast_head":"<!-- This site is optimized with the Yoast SEO plugin v27.4 - https:\/\/yoast.com\/product\/yoast-seo-wordpress\/ -->\n<title>Le marketing destin\u00e9 aux enfants est devenu plus agressif - Stop Marketing to Kids Coalition<\/title>\n<meta name=\"robots\" content=\"index, follow, max-snippet:-1, max-image-preview:large, max-video-preview:-1\" \/>\n<link rel=\"canonical\" href=\"https:\/\/stopmarketingtokids.ca\/fr\/le-marketing-destine-aux-enfants-est-devenu-plus-agressif\/\" \/>\n<meta property=\"og:locale\" content=\"fr_FR\" \/>\n<meta property=\"og:type\" content=\"article\" \/>\n<meta property=\"og:title\" content=\"Le marketing destin\u00e9 aux enfants est devenu plus agressif - Stop Marketing to Kids Coalition\" \/>\n<meta property=\"og:url\" content=\"https:\/\/stopmarketingtokids.ca\/fr\/le-marketing-destine-aux-enfants-est-devenu-plus-agressif\/\" \/>\n<meta property=\"og:site_name\" content=\"Stop Marketing to Kids Coalition\" \/>\n<meta property=\"article:publisher\" content=\"https:\/\/www.facebook.com\/heartandstroke\" \/>\n<meta property=\"article:modified_time\" content=\"2017-01-31T21:43:01+00:00\" \/>\n<meta name=\"twitter:card\" content=\"summary_large_image\" \/>\n<meta name=\"twitter:site\" content=\"@TheHSF\" \/>\n<meta name=\"twitter:label1\" content=\"Est. reading time\" \/>\n\t<meta name=\"twitter:data1\" content=\"4 minutes\" \/>\n<script type=\"application\/ld+json\" class=\"yoast-schema-graph\">{\"@context\":\"https:\\\/\\\/schema.org\",\"@graph\":[{\"@type\":\"WebPage\",\"@id\":\"https:\\\/\\\/stopmarketingtokids.ca\\\/fr\\\/le-marketing-destine-aux-enfants-est-devenu-plus-agressif\\\/\",\"url\":\"https:\\\/\\\/stopmarketingtokids.ca\\\/fr\\\/le-marketing-destine-aux-enfants-est-devenu-plus-agressif\\\/\",\"name\":\"Le marketing destin\u00e9 aux enfants est devenu plus agressif - Stop Marketing to Kids Coalition\",\"isPartOf\":{\"@id\":\"https:\\\/\\\/stopmarketingtokids.ca\\\/#website\"},\"datePublished\":\"2016-02-21T15:59:05+00:00\",\"dateModified\":\"2017-01-31T21:43:01+00:00\",\"breadcrumb\":{\"@id\":\"https:\\\/\\\/stopmarketingtokids.ca\\\/fr\\\/le-marketing-destine-aux-enfants-est-devenu-plus-agressif\\\/#breadcrumb\"},\"inLanguage\":\"fr-FR\",\"potentialAction\":[{\"@type\":\"ReadAction\",\"target\":[\"https:\\\/\\\/stopmarketingtokids.ca\\\/fr\\\/le-marketing-destine-aux-enfants-est-devenu-plus-agressif\\\/\"]}]},{\"@type\":\"BreadcrumbList\",\"@id\":\"https:\\\/\\\/stopmarketingtokids.ca\\\/fr\\\/le-marketing-destine-aux-enfants-est-devenu-plus-agressif\\\/#breadcrumb\",\"itemListElement\":[{\"@type\":\"ListItem\",\"position\":1,\"name\":\"Home\",\"item\":\"https:\\\/\\\/stopmarketingtokids.ca\\\/fr\\\/page-daccueil\\\/\"},{\"@type\":\"ListItem\",\"position\":2,\"name\":\"Le marketing destin\u00e9 aux enfants est devenu plus agressif\"}]},{\"@type\":\"WebSite\",\"@id\":\"https:\\\/\\\/stopmarketingtokids.ca\\\/#website\",\"url\":\"https:\\\/\\\/stopmarketingtokids.ca\\\/\",\"name\":\"Stop Marketing to Kids Coalition\",\"description\":\"Coalition Arr\u00eatons La Pub Destin\u00e9e Aux Enfants\",\"publisher\":{\"@id\":\"https:\\\/\\\/stopmarketingtokids.ca\\\/#organization\"},\"potentialAction\":[{\"@type\":\"SearchAction\",\"target\":{\"@type\":\"EntryPoint\",\"urlTemplate\":\"https:\\\/\\\/stopmarketingtokids.ca\\\/?s={search_term_string}\"},\"query-input\":{\"@type\":\"PropertyValueSpecification\",\"valueRequired\":true,\"valueName\":\"search_term_string\"}}],\"inLanguage\":\"fr-FR\"},{\"@type\":\"Organization\",\"@id\":\"https:\\\/\\\/stopmarketingtokids.ca\\\/#organization\",\"name\":\"Heart and Stroke Foundation of Canada\",\"url\":\"https:\\\/\\\/stopmarketingtokids.ca\\\/\",\"logo\":{\"@type\":\"ImageObject\",\"inLanguage\":\"fr-FR\",\"@id\":\"https:\\\/\\\/stopmarketingtokids.ca\\\/#\\\/schema\\\/logo\\\/image\\\/\",\"url\":\"https:\\\/\\\/stopmarketingtokids.ca\\\/wp-content\\\/uploads\\\/2017\\\/05\\\/smtk-logo-english.png\",\"contentUrl\":\"https:\\\/\\\/stopmarketingtokids.ca\\\/wp-content\\\/uploads\\\/2017\\\/05\\\/smtk-logo-english.png\",\"width\":2095,\"height\":161,\"caption\":\"Heart and Stroke Foundation of Canada\"},\"image\":{\"@id\":\"https:\\\/\\\/stopmarketingtokids.ca\\\/#\\\/schema\\\/logo\\\/image\\\/\"},\"sameAs\":[\"https:\\\/\\\/www.facebook.com\\\/heartandstroke\",\"https:\\\/\\\/x.com\\\/TheHSF\",\"https:\\\/\\\/www.instagram.com\\\/thehsf\\\/\",\"https:\\\/\\\/ca.linkedin.com\\\/company\\\/heart-and-stroke-foundation\",\"https:\\\/\\\/www.youtube.com\\\/user\\\/heartandstrokefdn\"]}]}<\/script>\n<!-- \/ Yoast SEO plugin. -->","yoast_head_json":{"title":"Le marketing destin\u00e9 aux enfants est devenu plus agressif - Stop Marketing to Kids Coalition","robots":{"index":"index","follow":"follow","max-snippet":"max-snippet:-1","max-image-preview":"max-image-preview:large","max-video-preview":"max-video-preview:-1"},"canonical":"https:\/\/stopmarketingtokids.ca\/fr\/le-marketing-destine-aux-enfants-est-devenu-plus-agressif\/","og_locale":"fr_FR","og_type":"article","og_title":"Le marketing destin\u00e9 aux enfants est devenu plus agressif - Stop Marketing to Kids Coalition","og_url":"https:\/\/stopmarketingtokids.ca\/fr\/le-marketing-destine-aux-enfants-est-devenu-plus-agressif\/","og_site_name":"Stop Marketing to Kids Coalition","article_publisher":"https:\/\/www.facebook.com\/heartandstroke","article_modified_time":"2017-01-31T21:43:01+00:00","twitter_card":"summary_large_image","twitter_site":"@TheHSF","twitter_misc":{"Est. reading time":"4 minutes"},"schema":{"@context":"https:\/\/schema.org","@graph":[{"@type":"WebPage","@id":"https:\/\/stopmarketingtokids.ca\/fr\/le-marketing-destine-aux-enfants-est-devenu-plus-agressif\/","url":"https:\/\/stopmarketingtokids.ca\/fr\/le-marketing-destine-aux-enfants-est-devenu-plus-agressif\/","name":"Le marketing destin\u00e9 aux enfants est devenu plus agressif - Stop Marketing to Kids Coalition","isPartOf":{"@id":"https:\/\/stopmarketingtokids.ca\/#website"},"datePublished":"2016-02-21T15:59:05+00:00","dateModified":"2017-01-31T21:43:01+00:00","breadcrumb":{"@id":"https:\/\/stopmarketingtokids.ca\/fr\/le-marketing-destine-aux-enfants-est-devenu-plus-agressif\/#breadcrumb"},"inLanguage":"fr-FR","potentialAction":[{"@type":"ReadAction","target":["https:\/\/stopmarketingtokids.ca\/fr\/le-marketing-destine-aux-enfants-est-devenu-plus-agressif\/"]}]},{"@type":"BreadcrumbList","@id":"https:\/\/stopmarketingtokids.ca\/fr\/le-marketing-destine-aux-enfants-est-devenu-plus-agressif\/#breadcrumb","itemListElement":[{"@type":"ListItem","position":1,"name":"Home","item":"https:\/\/stopmarketingtokids.ca\/fr\/page-daccueil\/"},{"@type":"ListItem","position":2,"name":"Le marketing destin\u00e9 aux enfants est devenu plus agressif"}]},{"@type":"WebSite","@id":"https:\/\/stopmarketingtokids.ca\/#website","url":"https:\/\/stopmarketingtokids.ca\/","name":"Stop Marketing to Kids Coalition","description":"Coalition Arr\u00eatons La Pub Destin\u00e9e Aux Enfants","publisher":{"@id":"https:\/\/stopmarketingtokids.ca\/#organization"},"potentialAction":[{"@type":"SearchAction","target":{"@type":"EntryPoint","urlTemplate":"https:\/\/stopmarketingtokids.ca\/?s={search_term_string}"},"query-input":{"@type":"PropertyValueSpecification","valueRequired":true,"valueName":"search_term_string"}}],"inLanguage":"fr-FR"},{"@type":"Organization","@id":"https:\/\/stopmarketingtokids.ca\/#organization","name":"Heart and Stroke Foundation of Canada","url":"https:\/\/stopmarketingtokids.ca\/","logo":{"@type":"ImageObject","inLanguage":"fr-FR","@id":"https:\/\/stopmarketingtokids.ca\/#\/schema\/logo\/image\/","url":"https:\/\/stopmarketingtokids.ca\/wp-content\/uploads\/2017\/05\/smtk-logo-english.png","contentUrl":"https:\/\/stopmarketingtokids.ca\/wp-content\/uploads\/2017\/05\/smtk-logo-english.png","width":2095,"height":161,"caption":"Heart and Stroke Foundation of Canada"},"image":{"@id":"https:\/\/stopmarketingtokids.ca\/#\/schema\/logo\/image\/"},"sameAs":["https:\/\/www.facebook.com\/heartandstroke","https:\/\/x.com\/TheHSF","https:\/\/www.instagram.com\/thehsf\/","https:\/\/ca.linkedin.com\/company\/heart-and-stroke-foundation","https:\/\/www.youtube.com\/user\/heartandstrokefdn"]}]}},"_links":{"self":[{"href":"https:\/\/stopmarketingtokids.ca\/fr\/wp-json\/wp\/v2\/pages\/1263\/"}],"collection":[{"href":"https:\/\/stopmarketingtokids.ca\/fr\/wp-json\/wp\/v2\/pages\/"}],"about":[{"href":"https:\/\/stopmarketingtokids.ca\/fr\/wp-json\/wp\/v2\/types\/page\/"}],"author":[{"embeddable":true,"href":"https:\/\/stopmarketingtokids.ca\/fr\/wp-json\/wp\/v2\/users\/6\/"}],"replies":[{"embeddable":true,"href":"https:\/\/stopmarketingtokids.ca\/fr\/wp-json\/wp\/v2\/comments\/?post=1263"}],"version-history":[{"count":4,"href":"https:\/\/stopmarketingtokids.ca\/fr\/wp-json\/wp\/v2\/pages\/1263\/revisions\/"}],"predecessor-version":[{"id":2645,"href":"https:\/\/stopmarketingtokids.ca\/fr\/wp-json\/wp\/v2\/pages\/1263\/revisions\/2645\/"}],"wp:attachment":[{"href":"https:\/\/stopmarketingtokids.ca\/fr\/wp-json\/wp\/v2\/media\/?parent=1263"}],"curies":[{"name":"wp","href":"https:\/\/api.w.org\/{rel}","templated":true}]}}