{"id":1269,"date":"2016-02-21T11:03:15","date_gmt":"2016-02-21T16:03:15","guid":{"rendered":"http:\/\/stopmarketingtokids.ca\/fr\/?page_id=1269"},"modified":"2017-01-31T15:52:29","modified_gmt":"2017-01-31T20:52:29","slug":"ampleur-du-probleme","status":"publish","type":"page","link":"https:\/\/stopmarketingtokids.ca\/fr\/ampleur-du-probleme\/","title":{"rendered":"\u00c9tendue du probl\u00e8me"},"content":{"rendered":"\n<style type=\"text\/css\" data-created_by=\"avia_inline_auto\" id=\"style-css-av-av_section-a667b45f101257b5ed8e973b2c045fbf\">\n.avia-section.av-av_section-a667b45f101257b5ed8e973b2c045fbf{\nbackground-color:#477fb7;\nbackground-image:unset;\n}\n<\/style>\n<div id='av_section_1'  class='avia-section av-av_section-a667b45f101257b5ed8e973b2c045fbf alternate_color avia-section-small avia-no-shadow  avia-builder-el-0  el_before_av_layerslider  avia-builder-el-first  avia-bg-style-scroll container_wrap fullsize'  ><div class='container av-section-cont-open' ><main  role=\"main\" itemprop=\"mainContentOfPage\"  class='template-page content  av-content-full alpha units'><div class='post-entry post-entry-type-page post-entry-1269'><div class='entry-content-wrapper clearfix'>\n\n<style type=\"text\/css\" data-created_by=\"avia_inline_auto\" id=\"style-css-av-av_heading-6157dee169a9408f78cf4a1947229c9c\">\n#top .av-special-heading.av-av_heading-6157dee169a9408f78cf4a1947229c9c{\npadding-bottom:5px;\n}\nbody .av-special-heading.av-av_heading-6157dee169a9408f78cf4a1947229c9c .av-special-heading-tag .heading-char{\nfont-size:25px;\n}\n.av-special-heading.av-av_heading-6157dee169a9408f78cf4a1947229c9c .av-subheading{\nfont-size:15px;\n}\n<\/style>\n<div  class='av-special-heading av-av_heading-6157dee169a9408f78cf4a1947229c9c av-special-heading-h1 blockquote modern-quote  avia-builder-el-1  avia-builder-el-no-sibling '><h1 class='av-special-heading-tag '  itemprop=\"headline\"  >\u00c9tendue du probl\u00e8me<\/h1><div class=\"special-heading-border\"><div class=\"special-heading-inner-border\"><\/div><\/div><\/div>\n<\/div><\/div><\/main><!-- close content main element --><\/div><\/div><div id='layer_slider_1'  class='avia-layerslider main_color avia-shadow  avia-builder-el-2  el_after_av_section  el_before_av_section  slider-not-first container_wrap fullsize'  style='height: 421px;'  ><\/div><\/p>\n<div id='av_section_2'  class='avia-section av-av_section-d18d8c2c81d10022ebd21ffa95322c35 main_color avia-section-default avia-no-shadow  avia-builder-el-3  el_after_av_layerslider  el_before_av_hr  avia-bg-style-scroll container_wrap fullsize'  ><div class='container av-section-cont-open' ><div class='template-page content  av-content-full alpha units'><div class='post-entry post-entry-type-page post-entry-1269'><div class='entry-content-wrapper clearfix'>\n\n<style type=\"text\/css\" data-created_by=\"avia_inline_auto\" id=\"style-css-av-av_two_fifth-9497bbf8bff73ea4c6992cc17fa9ec36\">\n.flex_column.av-av_two_fifth-9497bbf8bff73ea4c6992cc17fa9ec36{\nborder-radius:0px 0px 0px 0px;\npadding:0px 0px 0px 0px;\n}\n<\/style>\n<div  class='flex_column av-av_two_fifth-9497bbf8bff73ea4c6992cc17fa9ec36 av_two_fifth  avia-builder-el-4  el_before_av_three_fifth  avia-builder-el-first  first flex_column_div av-zero-column-padding  '     ><p><section  class='av_textblock_section av-av_textblock-0366cc7376be6c9e82a3e9cc8987b64f '   itemscope=\"itemscope\" itemtype=\"https:\/\/schema.org\/CreativeWork\" ><div class='avia_textblock'  itemprop=\"text\" ><p><strong>\u00ab\u00a0La publicit\u00e9 balaie notre pays comme un raz de mar\u00e9e, et nous essayons d\u2019apprendre aux gens \u00e0 nager\u00a0\u00bb.<br \/>\n<\/strong><\/p>\n<p>&#8211;Dr. Kelly D. Brownells, University of Connecticut, Rudd Center<\/p>\n<\/div><\/section><br \/>\n\n<style type=\"text\/css\" data-created_by=\"avia_inline_auto\" id=\"style-css-av-av_image-8a84f566e9be5b31d9f32996d45bbe97\">\n.avia-image-container.av-av_image-8a84f566e9be5b31d9f32996d45bbe97 img.avia_image{\nbox-shadow:none;\n}\n.avia-image-container.av-av_image-8a84f566e9be5b31d9f32996d45bbe97 .av-image-caption-overlay-center{\ncolor:#ffffff;\n}\n<\/style>\n<div  class='avia-image-container av-av_image-8a84f566e9be5b31d9f32996d45bbe97 av-styling- avia-align-center  avia-builder-el-6  el_after_av_textblock  el_before_av_textblock '   itemprop=\"image\" itemscope=\"itemscope\" itemtype=\"https:\/\/schema.org\/ImageObject\" ><div class=\"avia-image-container-inner\"><div class=\"avia-image-overlay-wrap\"><img decoding=\"async\" fetchpriority=\"high\" class='wp-image-1119 avia-img-lazy-loading-not-1119 avia_image ' src=\"https:\/\/stopmarketingtokids.ca\/wp-content\/uploads\/2016\/02\/Smurfs_VIDEOS_2-copyzoomed-1030x650.png\" alt='' title='Smurfs_VIDEOS_2 copyzoomed'  height=\"650\" width=\"1030\"  itemprop=\"thumbnailUrl\" srcset=\"https:\/\/stopmarketingtokids.ca\/wp-content\/uploads\/2016\/02\/Smurfs_VIDEOS_2-copyzoomed-1030x650.png 1030w, https:\/\/stopmarketingtokids.ca\/wp-content\/uploads\/2016\/02\/Smurfs_VIDEOS_2-copyzoomed-300x189.png 300w, https:\/\/stopmarketingtokids.ca\/wp-content\/uploads\/2016\/02\/Smurfs_VIDEOS_2-copyzoomed-705x445.png 705w, https:\/\/stopmarketingtokids.ca\/wp-content\/uploads\/2016\/02\/Smurfs_VIDEOS_2-copyzoomed-450x284.png 450w, https:\/\/stopmarketingtokids.ca\/wp-content\/uploads\/2016\/02\/Smurfs_VIDEOS_2-copyzoomed.png 1174w\" sizes=\"(max-width: 1030px) 100vw, 1030px\" \/><\/div><\/div><\/div><br \/>\n\n<style type=\"text\/css\" data-created_by=\"avia_inline_auto\" id=\"style-css-av-av_textblock-6c4e1785a8f9bdc54e3d7bcb70f1c1bc\">\n#top .av_textblock_section.av-av_textblock-6c4e1785a8f9bdc54e3d7bcb70f1c1bc .avia_textblock{\nfont-size:10px;\n}\n<\/style>\n<section  class='av_textblock_section av-av_textblock-6c4e1785a8f9bdc54e3d7bcb70f1c1bc '   itemscope=\"itemscope\" itemtype=\"https:\/\/schema.org\/CreativeWork\" ><div class='avia_textblock'  itemprop=\"text\" ><p>Photo, source\u00a0: Image from Smurfs 2<\/p>\n<p>\u00a9 2016 Heart and Stroke Foundation of Canada<\/p>\n<\/div><\/section><br \/>\n\n<style type=\"text\/css\" data-created_by=\"avia_inline_auto\" id=\"style-css-av-av_hr-ee2847e2e025ce3d30801259a03f9fd4\">\n#top .hr.hr-invisible.av-av_hr-ee2847e2e025ce3d30801259a03f9fd4{\nheight:10px;\n}\n<\/style>\n<div  class='hr av-av_hr-ee2847e2e025ce3d30801259a03f9fd4 hr-invisible  avia-builder-el-8  el_after_av_textblock  avia-builder-el-last '><span class='hr-inner '><span class=\"hr-inner-style\"><\/span><\/span><\/div><\/p><\/div>\n<style type=\"text\/css\" data-created_by=\"avia_inline_auto\" id=\"style-css-av-av_three_fifth-9c1d454dc06f7247226bc4e8f931daae\">\n.flex_column.av-av_three_fifth-9c1d454dc06f7247226bc4e8f931daae{\nborder-radius:0px 0px 0px 0px;\npadding:0px 0px 0px 0px;\n}\n<\/style>\n<div  class='flex_column av-av_three_fifth-9c1d454dc06f7247226bc4e8f931daae av_three_fifth  avia-builder-el-9  el_after_av_two_fifth  avia-builder-el-last  flex_column_div av-zero-column-padding  '     ><section  class='av_textblock_section av-av_textblock-0366cc7376be6c9e82a3e9cc8987b64f '   itemscope=\"itemscope\" itemtype=\"https:\/\/schema.org\/CreativeWork\" ><div class='avia_textblock'  itemprop=\"text\" ><ul>\n<li>Au cours de la seule ann\u00e9e 2009, les entreprises du secteur alimentaire ont d\u00e9pens\u00e9 environ 1,79\u00a0milliard de dollars aux \u00c9tats-Unis pour la publicit\u00e9 destin\u00e9e aux enfants et aux adolescents.<\/li>\n<li>Cette statistique n\u2019est pas disponible au Canada puisque nos gouvernements n\u2019exigent pas des entreprises qu\u2019elles d\u00e9clarent leurs d\u00e9penses pour la publicit\u00e9 destin\u00e9e aux enfants et celles-ci n\u2019ont pas divulgu\u00e9 ces renseignements.<\/li>\n<li>Quatre-vingt-dix pour cent des produits dont la publicit\u00e9 est diffus\u00e9e pendant les \u00e9missions t\u00e9l\u00e9vis\u00e9es pour enfants ont une teneur \u00e9lev\u00e9e en sucre, en gras ou en sel.<\/li>\n<li>Dans le cadre d\u2019une \u00e9tude comparant les donn\u00e9es de 13\u00a0pays, le Canada pr\u00e9sentait le troisi\u00e8me plus haut taux de publicit\u00e9s pour des aliments nuisibles \u00e0 la sant\u00e9 visant les enfants diffus\u00e9es \u00e0 la t\u00e9l\u00e9vision.<\/li>\n<li>Les cha\u00eenes de t\u00e9l\u00e9vision offrant des programmes destin\u00e9s aux enfants et aux adolescents canadiens diffusent jusqu\u2019\u00e0 cinq publicit\u00e9s de produits alimentaires et de boissons par station\/heure. Cela signifie qu\u2019un enfant ou un adolescent qui regarde la t\u00e9l\u00e9 pendant deux heures par jour est susceptible d\u2019\u00eatre expos\u00e9 \u00e0 3\u00a0600\u00a0annonces publicitaires chaque ann\u00e9e uniquement par l\u2019interm\u00e9diaire de la t\u00e9l\u00e9!<\/li>\n<li>Les aliments dont les publicit\u00e9s sont le plus diffus\u00e9es aux enfants sur les cha\u00eenes de t\u00e9l\u00e9vision sp\u00e9cialis\u00e9es sont les produits de restauration rapide, les bonbons et chocolats, les g\u00e2teaux, les biscuits et les cr\u00e8mes glac\u00e9es.<\/li>\n<li>Parmi les aliments dont les publicit\u00e9s sont le plus diffus\u00e9es aux adolescents sur les cha\u00eenes sp\u00e9cialis\u00e9es, on retrouve les jus de fruits, les boissons gazeuses et les boissons \u00e9nerg\u00e9tiques, les produits de restauration rapide et les bonbons et chocolats.<\/li>\n<\/ul>\n<\/div><\/section><\/div><\/div><\/div><\/div><!-- close content main div --><\/div><\/div><div id='after_section_2'  class='main_color av_default_container_wrap container_wrap fullsize'  ><div class='container av-section-cont-open' ><div class='template-page content  av-content-full alpha units'><div class='post-entry post-entry-type-page post-entry-1269'><div class='entry-content-wrapper clearfix'>\n<style type=\"text\/css\" data-created_by=\"avia_inline_auto\" id=\"style-css-av-av_hr-0688d0b0b6ed2f8b057db7a8270206df\">\n#top .hr.hr-invisible.av-av_hr-0688d0b0b6ed2f8b057db7a8270206df{\nheight:50px;\n}\n<\/style>\n<div  class='hr av-av_hr-0688d0b0b6ed2f8b057db7a8270206df hr-invisible  avia-builder-el-11  el_after_av_section  avia-builder-el-no-sibling '><span class='hr-inner '><span class=\"hr-inner-style\"><\/span><\/span><\/div><\/p>\n","protected":false},"excerpt":{"rendered":"","protected":false},"author":6,"featured_media":0,"parent":0,"menu_order":0,"comment_status":"closed","ping_status":"open","template":"","meta":{"footnotes":""},"class_list":["post-1269","page","type-page","status-publish","hentry"],"yoast_head":"<!-- This site is optimized with the Yoast SEO plugin v27.4 - https:\/\/yoast.com\/product\/yoast-seo-wordpress\/ -->\n<title>\u00c9tendue du probl\u00e8me - Stop Marketing to Kids Coalition<\/title>\n<meta name=\"robots\" content=\"index, follow, max-snippet:-1, max-image-preview:large, max-video-preview:-1\" \/>\n<link rel=\"canonical\" href=\"https:\/\/stopmarketingtokids.ca\/fr\/ampleur-du-probleme\/\" \/>\n<meta property=\"og:locale\" content=\"fr_FR\" \/>\n<meta property=\"og:type\" content=\"article\" \/>\n<meta property=\"og:title\" content=\"\u00c9tendue du probl\u00e8me - Stop Marketing to Kids Coalition\" \/>\n<meta property=\"og:url\" content=\"https:\/\/stopmarketingtokids.ca\/fr\/ampleur-du-probleme\/\" \/>\n<meta property=\"og:site_name\" content=\"Stop Marketing to Kids Coalition\" \/>\n<meta property=\"article:publisher\" content=\"https:\/\/www.facebook.com\/heartandstroke\" \/>\n<meta property=\"article:modified_time\" content=\"2017-01-31T20:52:29+00:00\" \/>\n<meta name=\"twitter:card\" content=\"summary_large_image\" \/>\n<meta name=\"twitter:site\" content=\"@TheHSF\" \/>\n<meta name=\"twitter:label1\" content=\"Est. reading time\" \/>\n\t<meta name=\"twitter:data1\" content=\"4 minutes\" \/>\n<script type=\"application\/ld+json\" class=\"yoast-schema-graph\">{\"@context\":\"https:\\\/\\\/schema.org\",\"@graph\":[{\"@type\":\"WebPage\",\"@id\":\"https:\\\/\\\/stopmarketingtokids.ca\\\/fr\\\/ampleur-du-probleme\\\/\",\"url\":\"https:\\\/\\\/stopmarketingtokids.ca\\\/fr\\\/ampleur-du-probleme\\\/\",\"name\":\"\u00c9tendue du probl\u00e8me - Stop Marketing to Kids Coalition\",\"isPartOf\":{\"@id\":\"https:\\\/\\\/stopmarketingtokids.ca\\\/#website\"},\"datePublished\":\"2016-02-21T16:03:15+00:00\",\"dateModified\":\"2017-01-31T20:52:29+00:00\",\"breadcrumb\":{\"@id\":\"https:\\\/\\\/stopmarketingtokids.ca\\\/fr\\\/ampleur-du-probleme\\\/#breadcrumb\"},\"inLanguage\":\"fr-FR\",\"potentialAction\":[{\"@type\":\"ReadAction\",\"target\":[\"https:\\\/\\\/stopmarketingtokids.ca\\\/fr\\\/ampleur-du-probleme\\\/\"]}]},{\"@type\":\"BreadcrumbList\",\"@id\":\"https:\\\/\\\/stopmarketingtokids.ca\\\/fr\\\/ampleur-du-probleme\\\/#breadcrumb\",\"itemListElement\":[{\"@type\":\"ListItem\",\"position\":1,\"name\":\"Home\",\"item\":\"https:\\\/\\\/stopmarketingtokids.ca\\\/fr\\\/page-daccueil\\\/\"},{\"@type\":\"ListItem\",\"position\":2,\"name\":\"\u00c9tendue du probl\u00e8me\"}]},{\"@type\":\"WebSite\",\"@id\":\"https:\\\/\\\/stopmarketingtokids.ca\\\/#website\",\"url\":\"https:\\\/\\\/stopmarketingtokids.ca\\\/\",\"name\":\"Stop Marketing to Kids Coalition\",\"description\":\"Coalition Arr\u00eatons La Pub Destin\u00e9e Aux Enfants\",\"publisher\":{\"@id\":\"https:\\\/\\\/stopmarketingtokids.ca\\\/#organization\"},\"potentialAction\":[{\"@type\":\"SearchAction\",\"target\":{\"@type\":\"EntryPoint\",\"urlTemplate\":\"https:\\\/\\\/stopmarketingtokids.ca\\\/?s={search_term_string}\"},\"query-input\":{\"@type\":\"PropertyValueSpecification\",\"valueRequired\":true,\"valueName\":\"search_term_string\"}}],\"inLanguage\":\"fr-FR\"},{\"@type\":\"Organization\",\"@id\":\"https:\\\/\\\/stopmarketingtokids.ca\\\/#organization\",\"name\":\"Heart and Stroke Foundation of Canada\",\"url\":\"https:\\\/\\\/stopmarketingtokids.ca\\\/\",\"logo\":{\"@type\":\"ImageObject\",\"inLanguage\":\"fr-FR\",\"@id\":\"https:\\\/\\\/stopmarketingtokids.ca\\\/#\\\/schema\\\/logo\\\/image\\\/\",\"url\":\"https:\\\/\\\/stopmarketingtokids.ca\\\/wp-content\\\/uploads\\\/2017\\\/05\\\/smtk-logo-english.png\",\"contentUrl\":\"https:\\\/\\\/stopmarketingtokids.ca\\\/wp-content\\\/uploads\\\/2017\\\/05\\\/smtk-logo-english.png\",\"width\":2095,\"height\":161,\"caption\":\"Heart and Stroke Foundation of Canada\"},\"image\":{\"@id\":\"https:\\\/\\\/stopmarketingtokids.ca\\\/#\\\/schema\\\/logo\\\/image\\\/\"},\"sameAs\":[\"https:\\\/\\\/www.facebook.com\\\/heartandstroke\",\"https:\\\/\\\/x.com\\\/TheHSF\",\"https:\\\/\\\/www.instagram.com\\\/thehsf\\\/\",\"https:\\\/\\\/ca.linkedin.com\\\/company\\\/heart-and-stroke-foundation\",\"https:\\\/\\\/www.youtube.com\\\/user\\\/heartandstrokefdn\"]}]}<\/script>\n<!-- \/ Yoast SEO plugin. -->","yoast_head_json":{"title":"\u00c9tendue du probl\u00e8me - Stop Marketing to Kids Coalition","robots":{"index":"index","follow":"follow","max-snippet":"max-snippet:-1","max-image-preview":"max-image-preview:large","max-video-preview":"max-video-preview:-1"},"canonical":"https:\/\/stopmarketingtokids.ca\/fr\/ampleur-du-probleme\/","og_locale":"fr_FR","og_type":"article","og_title":"\u00c9tendue du probl\u00e8me - Stop Marketing to Kids Coalition","og_url":"https:\/\/stopmarketingtokids.ca\/fr\/ampleur-du-probleme\/","og_site_name":"Stop Marketing to Kids Coalition","article_publisher":"https:\/\/www.facebook.com\/heartandstroke","article_modified_time":"2017-01-31T20:52:29+00:00","twitter_card":"summary_large_image","twitter_site":"@TheHSF","twitter_misc":{"Est. reading time":"4 minutes"},"schema":{"@context":"https:\/\/schema.org","@graph":[{"@type":"WebPage","@id":"https:\/\/stopmarketingtokids.ca\/fr\/ampleur-du-probleme\/","url":"https:\/\/stopmarketingtokids.ca\/fr\/ampleur-du-probleme\/","name":"\u00c9tendue du probl\u00e8me - Stop Marketing to Kids Coalition","isPartOf":{"@id":"https:\/\/stopmarketingtokids.ca\/#website"},"datePublished":"2016-02-21T16:03:15+00:00","dateModified":"2017-01-31T20:52:29+00:00","breadcrumb":{"@id":"https:\/\/stopmarketingtokids.ca\/fr\/ampleur-du-probleme\/#breadcrumb"},"inLanguage":"fr-FR","potentialAction":[{"@type":"ReadAction","target":["https:\/\/stopmarketingtokids.ca\/fr\/ampleur-du-probleme\/"]}]},{"@type":"BreadcrumbList","@id":"https:\/\/stopmarketingtokids.ca\/fr\/ampleur-du-probleme\/#breadcrumb","itemListElement":[{"@type":"ListItem","position":1,"name":"Home","item":"https:\/\/stopmarketingtokids.ca\/fr\/page-daccueil\/"},{"@type":"ListItem","position":2,"name":"\u00c9tendue du probl\u00e8me"}]},{"@type":"WebSite","@id":"https:\/\/stopmarketingtokids.ca\/#website","url":"https:\/\/stopmarketingtokids.ca\/","name":"Stop Marketing to Kids Coalition","description":"Coalition Arr\u00eatons La Pub Destin\u00e9e Aux Enfants","publisher":{"@id":"https:\/\/stopmarketingtokids.ca\/#organization"},"potentialAction":[{"@type":"SearchAction","target":{"@type":"EntryPoint","urlTemplate":"https:\/\/stopmarketingtokids.ca\/?s={search_term_string}"},"query-input":{"@type":"PropertyValueSpecification","valueRequired":true,"valueName":"search_term_string"}}],"inLanguage":"fr-FR"},{"@type":"Organization","@id":"https:\/\/stopmarketingtokids.ca\/#organization","name":"Heart and Stroke Foundation of Canada","url":"https:\/\/stopmarketingtokids.ca\/","logo":{"@type":"ImageObject","inLanguage":"fr-FR","@id":"https:\/\/stopmarketingtokids.ca\/#\/schema\/logo\/image\/","url":"https:\/\/stopmarketingtokids.ca\/wp-content\/uploads\/2017\/05\/smtk-logo-english.png","contentUrl":"https:\/\/stopmarketingtokids.ca\/wp-content\/uploads\/2017\/05\/smtk-logo-english.png","width":2095,"height":161,"caption":"Heart and Stroke Foundation of Canada"},"image":{"@id":"https:\/\/stopmarketingtokids.ca\/#\/schema\/logo\/image\/"},"sameAs":["https:\/\/www.facebook.com\/heartandstroke","https:\/\/x.com\/TheHSF","https:\/\/www.instagram.com\/thehsf\/","https:\/\/ca.linkedin.com\/company\/heart-and-stroke-foundation","https:\/\/www.youtube.com\/user\/heartandstrokefdn"]}]}},"_links":{"self":[{"href":"https:\/\/stopmarketingtokids.ca\/fr\/wp-json\/wp\/v2\/pages\/1269\/"}],"collection":[{"href":"https:\/\/stopmarketingtokids.ca\/fr\/wp-json\/wp\/v2\/pages\/"}],"about":[{"href":"https:\/\/stopmarketingtokids.ca\/fr\/wp-json\/wp\/v2\/types\/page\/"}],"author":[{"embeddable":true,"href":"https:\/\/stopmarketingtokids.ca\/fr\/wp-json\/wp\/v2\/users\/6\/"}],"replies":[{"embeddable":true,"href":"https:\/\/stopmarketingtokids.ca\/fr\/wp-json\/wp\/v2\/comments\/?post=1269"}],"version-history":[{"count":5,"href":"https:\/\/stopmarketingtokids.ca\/fr\/wp-json\/wp\/v2\/pages\/1269\/revisions\/"}],"predecessor-version":[{"id":8885,"href":"https:\/\/stopmarketingtokids.ca\/fr\/wp-json\/wp\/v2\/pages\/1269\/revisions\/8885\/"}],"wp:attachment":[{"href":"https:\/\/stopmarketingtokids.ca\/fr\/wp-json\/wp\/v2\/media\/?parent=1269"}],"curies":[{"name":"wp","href":"https:\/\/api.w.org\/{rel}","templated":true}]}}