{"id":1273,"date":"2016-02-21T11:07:37","date_gmt":"2016-02-21T16:07:37","guid":{"rendered":"http:\/\/stopmarketingtokids.ca\/fr\/?page_id=1273"},"modified":"2017-02-08T12:47:01","modified_gmt":"2017-02-08T17:47:01","slug":"pourquoi-lautoreglementation-ne-marche-pas","status":"publish","type":"page","link":"https:\/\/stopmarketingtokids.ca\/fr\/pourquoi-lautoreglementation-ne-marche-pas\/","title":{"rendered":"Pourquoi l\u2019autor\u00e9gulation ne fonctionne pas"},"content":{"rendered":"\n<style type=\"text\/css\" data-created_by=\"avia_inline_auto\" id=\"style-css-av-av_section-a667b45f101257b5ed8e973b2c045fbf\">\n.avia-section.av-av_section-a667b45f101257b5ed8e973b2c045fbf{\nbackground-color:#477fb7;\nbackground-image:unset;\n}\n<\/style>\n<div id='av_section_1'  class='avia-section av-av_section-a667b45f101257b5ed8e973b2c045fbf alternate_color avia-section-small avia-no-shadow  avia-builder-el-0  el_before_av_layerslider  avia-builder-el-first  avia-bg-style-scroll container_wrap fullsize'  ><div class='container av-section-cont-open' ><main  role=\"main\" itemprop=\"mainContentOfPage\"  class='template-page content  av-content-full alpha units'><div class='post-entry post-entry-type-page post-entry-1273'><div class='entry-content-wrapper clearfix'>\n\n<style type=\"text\/css\" data-created_by=\"avia_inline_auto\" id=\"style-css-av-av_heading-68ce00dfb26a14cdd982f4f5184cebc0\">\n#top .av-special-heading.av-av_heading-68ce00dfb26a14cdd982f4f5184cebc0{\npadding-bottom:5px;\n}\nbody .av-special-heading.av-av_heading-68ce00dfb26a14cdd982f4f5184cebc0 .av-special-heading-tag .heading-char{\nfont-size:25px;\n}\n.av-special-heading.av-av_heading-68ce00dfb26a14cdd982f4f5184cebc0 .av-subheading{\nfont-size:15px;\n}\n<\/style>\n<div  class='av-special-heading av-av_heading-68ce00dfb26a14cdd982f4f5184cebc0 av-special-heading-h1 blockquote modern-quote  avia-builder-el-1  avia-builder-el-no-sibling '><h1 class='av-special-heading-tag '  itemprop=\"headline\"  >Pourquoi l\u2019autor\u00e9gulation ne fonctionne pas<\/h1><div class=\"special-heading-border\"><div class=\"special-heading-inner-border\"><\/div><\/div><\/div>\n\n<\/div><\/div><\/main><!-- close content main element --><\/div><\/div><div id='layer_slider_1'  class='avia-layerslider main_color avia-shadow  avia-builder-el-2  el_after_av_section  el_before_av_section  slider-not-first container_wrap fullsize'  style='height: 421px;'  ><\/div>\n<div id='av_section_2'  class='avia-section av-av_section-d18d8c2c81d10022ebd21ffa95322c35 main_color avia-section-default avia-no-shadow  avia-builder-el-3  el_after_av_layerslider  el_before_av_hr  avia-bg-style-scroll container_wrap fullsize'  ><div class='container av-section-cont-open' ><div class='template-page content  av-content-full alpha units'><div class='post-entry post-entry-type-page post-entry-1273'><div class='entry-content-wrapper clearfix'>\n\n<style type=\"text\/css\" data-created_by=\"avia_inline_auto\" id=\"style-css-av-av_one_half-9497bbf8bff73ea4c6992cc17fa9ec36\">\n.flex_column.av-av_one_half-9497bbf8bff73ea4c6992cc17fa9ec36{\nborder-radius:0px 0px 0px 0px;\npadding:0px 0px 0px 0px;\n}\n<\/style>\n<div  class='flex_column av-av_one_half-9497bbf8bff73ea4c6992cc17fa9ec36 av_one_half  avia-builder-el-4  el_before_av_one_half  avia-builder-el-first  first flex_column_div av-zero-column-padding  '     ><p>\n<style type=\"text\/css\" data-created_by=\"avia_inline_auto\" id=\"style-css-av-av_image-696cec24ef36061793d7cdb3213734bc\">\n.avia-image-container.av-av_image-696cec24ef36061793d7cdb3213734bc img.avia_image{\nbox-shadow:none;\n}\n.avia-image-container.av-av_image-696cec24ef36061793d7cdb3213734bc .av-image-caption-overlay-center{\ncolor:#ffffff;\n}\n<\/style>\n<div  class='avia-image-container av-av_image-696cec24ef36061793d7cdb3213734bc av-styling- avia-align-center  avia-builder-el-5  el_before_av_textblock  avia-builder-el-first '   itemprop=\"image\" itemscope=\"itemscope\" itemtype=\"https:\/\/schema.org\/ImageObject\" ><div class=\"avia-image-container-inner\"><div class=\"avia-image-overlay-wrap\"><img decoding=\"async\" fetchpriority=\"high\" class='wp-image-1240 avia-img-lazy-loading-not-1240 avia_image ' src=\"https:\/\/stopmarketingtokids.ca\/wp-content\/uploads\/2016\/02\/HS_RESTAURANTS_3-1030x805.png\" alt='' title='HS_RESTAURANTS_3'  height=\"805\" width=\"1030\"  itemprop=\"thumbnailUrl\" srcset=\"https:\/\/stopmarketingtokids.ca\/wp-content\/uploads\/2016\/02\/HS_RESTAURANTS_3-1030x805.png 1030w, https:\/\/stopmarketingtokids.ca\/wp-content\/uploads\/2016\/02\/HS_RESTAURANTS_3-300x234.png 300w, https:\/\/stopmarketingtokids.ca\/wp-content\/uploads\/2016\/02\/HS_RESTAURANTS_3-768x600.png 768w, https:\/\/stopmarketingtokids.ca\/wp-content\/uploads\/2016\/02\/HS_RESTAURANTS_3-1500x1172.png 1500w, https:\/\/stopmarketingtokids.ca\/wp-content\/uploads\/2016\/02\/HS_RESTAURANTS_3-705x551.png 705w, https:\/\/stopmarketingtokids.ca\/wp-content\/uploads\/2016\/02\/HS_RESTAURANTS_3-450x352.png 450w, https:\/\/stopmarketingtokids.ca\/wp-content\/uploads\/2016\/02\/HS_RESTAURANTS_3.png 1920w\" sizes=\"(max-width: 1030px) 100vw, 1030px\" \/><\/div><\/div><\/div><br \/>\n\n<style type=\"text\/css\" data-created_by=\"avia_inline_auto\" id=\"style-css-av-av_textblock-6c4e1785a8f9bdc54e3d7bcb70f1c1bc\">\n#top .av_textblock_section.av-av_textblock-6c4e1785a8f9bdc54e3d7bcb70f1c1bc .avia_textblock{\nfont-size:10px;\n}\n<\/style>\n<section  class='av_textblock_section av-av_textblock-6c4e1785a8f9bdc54e3d7bcb70f1c1bc '   itemscope=\"itemscope\" itemtype=\"https:\/\/schema.org\/CreativeWork\" ><div class='avia_textblock'  itemprop=\"text\" ><p>Screenshot source:\u00a0http:\/\/www.mcdonalds.ca\/ca\/en\/menu\/meal_bundles\/happy_meal.html<\/p>\n<p>\u00a9 2016 Heart and Stroke Foundation of Canada<\/p>\n<\/div><\/section><\/p><\/div>\n<style type=\"text\/css\" data-created_by=\"avia_inline_auto\" id=\"style-css-av-av_one_half-2a64de42b738552fe666ca889af77e28\">\n.flex_column.av-av_one_half-2a64de42b738552fe666ca889af77e28{\nborder-radius:0px 0px 0px 0px;\npadding:0px 0px 0px 0px;\n}\n<\/style>\n<div  class='flex_column av-av_one_half-2a64de42b738552fe666ca889af77e28 av_one_half  avia-builder-el-7  el_after_av_one_half  el_before_av_hr  flex_column_div av-zero-column-padding  '     ><section  class='av_textblock_section av-av_textblock-0366cc7376be6c9e82a3e9cc8987b64f '   itemscope=\"itemscope\" itemtype=\"https:\/\/schema.org\/CreativeWork\" ><div class='avia_textblock'  itemprop=\"text\" ><ul>\n<li>Aujourd\u2019hui, au pays, les entreprises du secteur alimentaire \u00e9tablissent leurs propres r\u00e8gles en ce qui concerne la publicit\u00e9 d\u2019aliments et de boissons destin\u00e9e aux enfants.<\/li>\n<li>La Canadian Children Food and Beverage Marketing Initiative a \u00e9t\u00e9 lanc\u00e9e en 2007 par les entreprises du secteur alimentaire. Elle regroupe actuellement 17\u00a0entreprises.<\/li>\n<li>La moiti\u00e9 de ces entreprises se sont engag\u00e9es \u00e0 cesser la publicit\u00e9 destin\u00e9e les enfants de moins de 12\u00a0ans.<\/li>\n<li>Les autres ont promis de diffuser uniquement de la publicit\u00e9 pour des aliments sant\u00e9 aux enfants.<\/li>\n<li>Chaque entreprise a \u00e9tabli sa propre d\u00e9finition de \u00ab\u00a0marketing visant les enfants\u00a0\u00bb et de \u00ab\u00a0programmes destin\u00e9s aux enfants\u00a0\u00bb.<\/li>\n<li>Les entreprises ont \u00e9galement d\u00e9fini ce qu\u2019elles entendent par \u00ab\u00a0aliments sant\u00e9\u00a0\u00bb.<\/li>\n<\/ul>\n<\/div><\/section><\/div>\n<style type=\"text\/css\" data-created_by=\"avia_inline_auto\" id=\"style-css-av-av_hr-0688d0b0b6ed2f8b057db7a8270206df\">\n#top .hr.hr-invisible.av-av_hr-0688d0b0b6ed2f8b057db7a8270206df{\nheight:50px;\n}\n<\/style>\n<div  class='hr av-av_hr-0688d0b0b6ed2f8b057db7a8270206df hr-invisible  avia-builder-el-9  el_after_av_one_half  el_before_av_textblock '><span class='hr-inner '><span class=\"hr-inner-style\"><\/span><\/span><\/div>\n<section  class='av_textblock_section av-av_textblock-0366cc7376be6c9e82a3e9cc8987b64f '   itemscope=\"itemscope\" itemtype=\"https:\/\/schema.org\/CreativeWork\" ><div class='avia_textblock'  itemprop=\"text\" ><p><strong><em>Cette approche ne fonctionne pas.<\/em><\/strong><\/p>\n<ul>\n<li>Entre 2006 et 2009, l\u2019exposition des enfants \u00e0 des publicit\u00e9s pour des aliments, \u00e0 la t\u00e9l\u00e9 seulement, a augment\u00e9 de 17 % \u00e0 Toronto et de 6 % \u00e0 Vancouver.<\/li>\n<li>La valeur nutritive des aliments dont les publicit\u00e9s font la promotion ne s\u2019est pas am\u00e9lior\u00e9e depuis que ces promesses ont \u00e9t\u00e9 faites.<\/li>\n<li>La plupart des aliments et boissons pr\u00e9sent\u00e9s dans les publicit\u00e9s destin\u00e9es aux enfants sont toujours consid\u00e9r\u00e9s comme nuisibles \u00e0 la sant\u00e9 et demeurent \u00e0 forte teneur en gras, en sucre et en sel.<\/li>\n<li>Des personnages porte-parole, comme Tony le tigre de Kellogg\u2019s, et des personnages sous licence, comme Dora l\u2019exploratrice, sont de plus en plus utilis\u00e9s dans les publicit\u00e9s t\u00e9l\u00e9vis\u00e9es pour favoriser la vente des produits alimentaires.<\/li>\n<\/ul>\n<p><strong><em>Le Qu\u00e9bec a adopt\u00e9, depuis le d\u00e9but des ann\u00e9es 1980, une loi pour prot\u00e9ger les enfants contre la publicit\u00e9. <\/em><\/strong><\/p>\n<ul>\n<li>Aux termes de cette loi, les entreprises ne sont pas autoris\u00e9es \u00e0 diffuser des publicit\u00e9s destin\u00e9es aux enfants \u00e2g\u00e9s de moins de 13\u00a0ans. Cette interdiction de la publicit\u00e9 n\u2019est pas parfaite, mais ses effets se font sentir\u00a0:<\/li>\n<li>Les enfants au Qu\u00e9bec voient moins de publicit\u00e9s de produits alimentaires \u00e0 la t\u00e9l\u00e9vision et \u00e0 l\u2019\u00e9cole que les enfants du reste du Canada.<\/li>\n<li>Certaines cat\u00e9gories de produits comme les c\u00e9r\u00e9ales et les aliments de collation pour enfants ne font pas l\u2019objet de publicit\u00e9 \u00e0 la t\u00e9l\u00e9.<\/li>\n<li>Les enfants sont moins souvent cibl\u00e9s par les publicit\u00e9s de produits alimentaires.<\/li>\n<li>Les personnages porte-parole et les personnages sous licence sont tr\u00e8s rarement utilis\u00e9s dans les publicit\u00e9s destin\u00e9es aux enfants.<\/li>\n<\/ul>\n<\/div><\/section>\n<\/div><\/div><\/div><!-- close content main div --><\/div><\/div><div id='after_section_2'  class='main_color av_default_container_wrap container_wrap fullsize'  ><div class='container av-section-cont-open' ><div class='template-page content  av-content-full alpha units'><div class='post-entry post-entry-type-page post-entry-1273'><div class='entry-content-wrapper clearfix'>\n<style type=\"text\/css\" data-created_by=\"avia_inline_auto\" id=\"style-css-av-av_hr-0688d0b0b6ed2f8b057db7a8270206df\">\n#top .hr.hr-invisible.av-av_hr-0688d0b0b6ed2f8b057db7a8270206df{\nheight:50px;\n}\n<\/style>\n<div  class='hr av-av_hr-0688d0b0b6ed2f8b057db7a8270206df hr-invisible  avia-builder-el-11  el_after_av_section  avia-builder-el-no-sibling '><span class='hr-inner '><span class=\"hr-inner-style\"><\/span><\/span><\/div><\/p>\n","protected":false},"excerpt":{"rendered":"","protected":false},"author":6,"featured_media":0,"parent":0,"menu_order":0,"comment_status":"closed","ping_status":"open","template":"","meta":{"footnotes":""},"class_list":["post-1273","page","type-page","status-publish","hentry"],"yoast_head":"<!-- This site is optimized with the Yoast SEO plugin v27.4 - https:\/\/yoast.com\/product\/yoast-seo-wordpress\/ -->\n<title>Pourquoi l\u2019autor\u00e9gulation ne fonctionne pas - Stop Marketing to Kids Coalition<\/title>\n<meta name=\"robots\" content=\"index, follow, max-snippet:-1, max-image-preview:large, max-video-preview:-1\" \/>\n<link rel=\"canonical\" href=\"https:\/\/stopmarketingtokids.ca\/fr\/pourquoi-lautoreglementation-ne-marche-pas\/\" \/>\n<meta property=\"og:locale\" content=\"fr_FR\" \/>\n<meta property=\"og:type\" content=\"article\" \/>\n<meta property=\"og:title\" content=\"Pourquoi l\u2019autor\u00e9gulation ne fonctionne pas - Stop Marketing to Kids Coalition\" \/>\n<meta property=\"og:url\" content=\"https:\/\/stopmarketingtokids.ca\/fr\/pourquoi-lautoreglementation-ne-marche-pas\/\" \/>\n<meta property=\"og:site_name\" content=\"Stop Marketing to Kids Coalition\" \/>\n<meta property=\"article:publisher\" content=\"https:\/\/www.facebook.com\/heartandstroke\" \/>\n<meta property=\"article:modified_time\" content=\"2017-02-08T17:47:01+00:00\" \/>\n<meta name=\"twitter:card\" content=\"summary_large_image\" \/>\n<meta name=\"twitter:site\" content=\"@TheHSF\" \/>\n<meta name=\"twitter:label1\" content=\"Est. reading time\" \/>\n\t<meta name=\"twitter:data1\" content=\"4 minutes\" \/>\n<script type=\"application\/ld+json\" class=\"yoast-schema-graph\">{\"@context\":\"https:\\\/\\\/schema.org\",\"@graph\":[{\"@type\":\"WebPage\",\"@id\":\"https:\\\/\\\/stopmarketingtokids.ca\\\/fr\\\/pourquoi-lautoreglementation-ne-marche-pas\\\/\",\"url\":\"https:\\\/\\\/stopmarketingtokids.ca\\\/fr\\\/pourquoi-lautoreglementation-ne-marche-pas\\\/\",\"name\":\"Pourquoi l\u2019autor\u00e9gulation ne fonctionne pas - Stop Marketing to Kids Coalition\",\"isPartOf\":{\"@id\":\"https:\\\/\\\/stopmarketingtokids.ca\\\/#website\"},\"datePublished\":\"2016-02-21T16:07:37+00:00\",\"dateModified\":\"2017-02-08T17:47:01+00:00\",\"breadcrumb\":{\"@id\":\"https:\\\/\\\/stopmarketingtokids.ca\\\/fr\\\/pourquoi-lautoreglementation-ne-marche-pas\\\/#breadcrumb\"},\"inLanguage\":\"fr-FR\",\"potentialAction\":[{\"@type\":\"ReadAction\",\"target\":[\"https:\\\/\\\/stopmarketingtokids.ca\\\/fr\\\/pourquoi-lautoreglementation-ne-marche-pas\\\/\"]}]},{\"@type\":\"BreadcrumbList\",\"@id\":\"https:\\\/\\\/stopmarketingtokids.ca\\\/fr\\\/pourquoi-lautoreglementation-ne-marche-pas\\\/#breadcrumb\",\"itemListElement\":[{\"@type\":\"ListItem\",\"position\":1,\"name\":\"Home\",\"item\":\"https:\\\/\\\/stopmarketingtokids.ca\\\/fr\\\/page-daccueil\\\/\"},{\"@type\":\"ListItem\",\"position\":2,\"name\":\"Pourquoi l\u2019autor\u00e9gulation ne fonctionne pas\"}]},{\"@type\":\"WebSite\",\"@id\":\"https:\\\/\\\/stopmarketingtokids.ca\\\/#website\",\"url\":\"https:\\\/\\\/stopmarketingtokids.ca\\\/\",\"name\":\"Stop Marketing to Kids Coalition\",\"description\":\"Coalition Arr\u00eatons La Pub Destin\u00e9e Aux Enfants\",\"publisher\":{\"@id\":\"https:\\\/\\\/stopmarketingtokids.ca\\\/#organization\"},\"potentialAction\":[{\"@type\":\"SearchAction\",\"target\":{\"@type\":\"EntryPoint\",\"urlTemplate\":\"https:\\\/\\\/stopmarketingtokids.ca\\\/?s={search_term_string}\"},\"query-input\":{\"@type\":\"PropertyValueSpecification\",\"valueRequired\":true,\"valueName\":\"search_term_string\"}}],\"inLanguage\":\"fr-FR\"},{\"@type\":\"Organization\",\"@id\":\"https:\\\/\\\/stopmarketingtokids.ca\\\/#organization\",\"name\":\"Heart and Stroke Foundation of Canada\",\"url\":\"https:\\\/\\\/stopmarketingtokids.ca\\\/\",\"logo\":{\"@type\":\"ImageObject\",\"inLanguage\":\"fr-FR\",\"@id\":\"https:\\\/\\\/stopmarketingtokids.ca\\\/#\\\/schema\\\/logo\\\/image\\\/\",\"url\":\"https:\\\/\\\/stopmarketingtokids.ca\\\/wp-content\\\/uploads\\\/2017\\\/05\\\/smtk-logo-english.png\",\"contentUrl\":\"https:\\\/\\\/stopmarketingtokids.ca\\\/wp-content\\\/uploads\\\/2017\\\/05\\\/smtk-logo-english.png\",\"width\":2095,\"height\":161,\"caption\":\"Heart and Stroke Foundation of Canada\"},\"image\":{\"@id\":\"https:\\\/\\\/stopmarketingtokids.ca\\\/#\\\/schema\\\/logo\\\/image\\\/\"},\"sameAs\":[\"https:\\\/\\\/www.facebook.com\\\/heartandstroke\",\"https:\\\/\\\/x.com\\\/TheHSF\",\"https:\\\/\\\/www.instagram.com\\\/thehsf\\\/\",\"https:\\\/\\\/ca.linkedin.com\\\/company\\\/heart-and-stroke-foundation\",\"https:\\\/\\\/www.youtube.com\\\/user\\\/heartandstrokefdn\"]}]}<\/script>\n<!-- \/ Yoast SEO plugin. -->","yoast_head_json":{"title":"Pourquoi l\u2019autor\u00e9gulation ne fonctionne pas - Stop Marketing to Kids Coalition","robots":{"index":"index","follow":"follow","max-snippet":"max-snippet:-1","max-image-preview":"max-image-preview:large","max-video-preview":"max-video-preview:-1"},"canonical":"https:\/\/stopmarketingtokids.ca\/fr\/pourquoi-lautoreglementation-ne-marche-pas\/","og_locale":"fr_FR","og_type":"article","og_title":"Pourquoi l\u2019autor\u00e9gulation ne fonctionne pas - Stop Marketing to Kids Coalition","og_url":"https:\/\/stopmarketingtokids.ca\/fr\/pourquoi-lautoreglementation-ne-marche-pas\/","og_site_name":"Stop Marketing to Kids Coalition","article_publisher":"https:\/\/www.facebook.com\/heartandstroke","article_modified_time":"2017-02-08T17:47:01+00:00","twitter_card":"summary_large_image","twitter_site":"@TheHSF","twitter_misc":{"Est. reading time":"4 minutes"},"schema":{"@context":"https:\/\/schema.org","@graph":[{"@type":"WebPage","@id":"https:\/\/stopmarketingtokids.ca\/fr\/pourquoi-lautoreglementation-ne-marche-pas\/","url":"https:\/\/stopmarketingtokids.ca\/fr\/pourquoi-lautoreglementation-ne-marche-pas\/","name":"Pourquoi l\u2019autor\u00e9gulation ne fonctionne pas - Stop Marketing to Kids Coalition","isPartOf":{"@id":"https:\/\/stopmarketingtokids.ca\/#website"},"datePublished":"2016-02-21T16:07:37+00:00","dateModified":"2017-02-08T17:47:01+00:00","breadcrumb":{"@id":"https:\/\/stopmarketingtokids.ca\/fr\/pourquoi-lautoreglementation-ne-marche-pas\/#breadcrumb"},"inLanguage":"fr-FR","potentialAction":[{"@type":"ReadAction","target":["https:\/\/stopmarketingtokids.ca\/fr\/pourquoi-lautoreglementation-ne-marche-pas\/"]}]},{"@type":"BreadcrumbList","@id":"https:\/\/stopmarketingtokids.ca\/fr\/pourquoi-lautoreglementation-ne-marche-pas\/#breadcrumb","itemListElement":[{"@type":"ListItem","position":1,"name":"Home","item":"https:\/\/stopmarketingtokids.ca\/fr\/page-daccueil\/"},{"@type":"ListItem","position":2,"name":"Pourquoi l\u2019autor\u00e9gulation ne fonctionne pas"}]},{"@type":"WebSite","@id":"https:\/\/stopmarketingtokids.ca\/#website","url":"https:\/\/stopmarketingtokids.ca\/","name":"Stop Marketing to Kids Coalition","description":"Coalition Arr\u00eatons La Pub Destin\u00e9e Aux Enfants","publisher":{"@id":"https:\/\/stopmarketingtokids.ca\/#organization"},"potentialAction":[{"@type":"SearchAction","target":{"@type":"EntryPoint","urlTemplate":"https:\/\/stopmarketingtokids.ca\/?s={search_term_string}"},"query-input":{"@type":"PropertyValueSpecification","valueRequired":true,"valueName":"search_term_string"}}],"inLanguage":"fr-FR"},{"@type":"Organization","@id":"https:\/\/stopmarketingtokids.ca\/#organization","name":"Heart and Stroke Foundation of Canada","url":"https:\/\/stopmarketingtokids.ca\/","logo":{"@type":"ImageObject","inLanguage":"fr-FR","@id":"https:\/\/stopmarketingtokids.ca\/#\/schema\/logo\/image\/","url":"https:\/\/stopmarketingtokids.ca\/wp-content\/uploads\/2017\/05\/smtk-logo-english.png","contentUrl":"https:\/\/stopmarketingtokids.ca\/wp-content\/uploads\/2017\/05\/smtk-logo-english.png","width":2095,"height":161,"caption":"Heart and Stroke Foundation of Canada"},"image":{"@id":"https:\/\/stopmarketingtokids.ca\/#\/schema\/logo\/image\/"},"sameAs":["https:\/\/www.facebook.com\/heartandstroke","https:\/\/x.com\/TheHSF","https:\/\/www.instagram.com\/thehsf\/","https:\/\/ca.linkedin.com\/company\/heart-and-stroke-foundation","https:\/\/www.youtube.com\/user\/heartandstrokefdn"]}]}},"_links":{"self":[{"href":"https:\/\/stopmarketingtokids.ca\/fr\/wp-json\/wp\/v2\/pages\/1273\/"}],"collection":[{"href":"https:\/\/stopmarketingtokids.ca\/fr\/wp-json\/wp\/v2\/pages\/"}],"about":[{"href":"https:\/\/stopmarketingtokids.ca\/fr\/wp-json\/wp\/v2\/types\/page\/"}],"author":[{"embeddable":true,"href":"https:\/\/stopmarketingtokids.ca\/fr\/wp-json\/wp\/v2\/users\/6\/"}],"replies":[{"embeddable":true,"href":"https:\/\/stopmarketingtokids.ca\/fr\/wp-json\/wp\/v2\/comments\/?post=1273"}],"version-history":[{"count":6,"href":"https:\/\/stopmarketingtokids.ca\/fr\/wp-json\/wp\/v2\/pages\/1273\/revisions\/"}],"predecessor-version":[{"id":2827,"href":"https:\/\/stopmarketingtokids.ca\/fr\/wp-json\/wp\/v2\/pages\/1273\/revisions\/2827\/"}],"wp:attachment":[{"href":"https:\/\/stopmarketingtokids.ca\/fr\/wp-json\/wp\/v2\/media\/?parent=1273"}],"curies":[{"name":"wp","href":"https:\/\/api.w.org\/{rel}","templated":true}]}}