{"id":1310,"date":"2016-02-21T12:21:23","date_gmt":"2016-02-21T17:21:23","guid":{"rendered":"http:\/\/stopmarketingtokids.ca\/fr\/?page_id=1310"},"modified":"2026-04-25T04:24:37","modified_gmt":"2026-04-25T08:24:37","slug":"page-daccueil","status":"publish","type":"page","link":"https:\/\/stopmarketingtokids.ca\/fr\/","title":{"rendered":"Accueil"},"content":{"rendered":"<div id='layer_slider_1'  class='avia-layerslider main_color avia-shadow  avia-builder-el-0  el_before_av_section  avia-builder-el-first  container_wrap fullsize'  style='height: 421px; max-width: 1920px; margin: 0 auto;'  ><\/div>\n<div id='stop_feeding'  class='avia-section av-1c517ta-ed227632e1db67fb752663057238154d alternate_color avia-section-default avia-no-shadow  avia-builder-el-1  el_after_av_layerslider  el_before_av_section  avia-bg-style-scroll container_wrap fullsize'  ><div class='container av-section-cont-open' ><div class='template-page content  av-content-full alpha units'><div class='post-entry post-entry-type-page post-entry-1310'><div class='entry-content-wrapper clearfix'>\n\n<style type=\"text\/css\" data-created_by=\"avia_inline_auto\" id=\"style-css-av-18vayni-2c76a2595c0e7f3ea104a8e90c27c844\">\n.flex_column.av-18vayni-2c76a2595c0e7f3ea104a8e90c27c844{\nborder-radius:0px 0px 0px 0px;\npadding:0px 0px 0px 0px;\n}\n<\/style>\n<div  class='flex_column av-18vayni-2c76a2595c0e7f3ea104a8e90c27c844 av_one_half  avia-builder-el-2  el_before_av_hr  avia-builder-el-first  first flex_column_div av-zero-column-padding  '     ><p>\n<style type=\"text\/css\" data-created_by=\"avia_inline_auto\" id=\"style-css-av-jt0ktf8q-d7546d023a9934f6f4484a22ce764899\">\n.avia-image-container.av-jt0ktf8q-d7546d023a9934f6f4484a22ce764899 img.avia_image{\nbox-shadow:none;\n}\n.avia-image-container.av-jt0ktf8q-d7546d023a9934f6f4484a22ce764899 .av-image-caption-overlay-center{\ncolor:#ffffff;\n}\n<\/style>\n<div  class='avia-image-container av-jt0ktf8q-d7546d023a9934f6f4484a22ce764899 av-styling- av-img-linked avia-align-center  avia-builder-el-3  el_before_av_textblock  avia-builder-el-first '   itemprop=\"image\" itemscope=\"itemscope\" itemtype=\"https:\/\/schema.org\/ImageObject\" ><div class=\"avia-image-container-inner\"><div class=\"avia-image-overlay-wrap\"><a href=\"https:\/\/stopmarketingtokids.ca\/fr\/take-action\" class='avia_image '  aria-label='stop-marketing-to-kids-french'><img decoding=\"async\" fetchpriority=\"high\" class='wp-image-7544 avia-img-lazy-loading-not-7544 avia_image ' src=\"https:\/\/stopmarketingtokids.ca\/wp-content\/uploads\/2019\/09\/stop-marketing-to-kids-french.jpg\" alt='' title='stop-marketing-to-kids-french'  height=\"512\" width=\"1024\"  itemprop=\"thumbnailUrl\" srcset=\"https:\/\/stopmarketingtokids.ca\/wp-content\/uploads\/2019\/09\/stop-marketing-to-kids-french.jpg 1024w, https:\/\/stopmarketingtokids.ca\/wp-content\/uploads\/2019\/09\/stop-marketing-to-kids-french-300x150.jpg 300w, https:\/\/stopmarketingtokids.ca\/wp-content\/uploads\/2019\/09\/stop-marketing-to-kids-french-768x384.jpg 768w, https:\/\/stopmarketingtokids.ca\/wp-content\/uploads\/2019\/09\/stop-marketing-to-kids-french-705x353.jpg 705w, https:\/\/stopmarketingtokids.ca\/wp-content\/uploads\/2019\/09\/stop-marketing-to-kids-french-450x225.jpg 450w\" sizes=\"(max-width: 1024px) 100vw, 1024px\" \/><\/a><\/div><\/div><\/div><br \/>\n<section  class='av_textblock_section av-10oulzy-b96525bf0789844f11b9b66fc7ea3434 '   itemscope=\"itemscope\" itemtype=\"https:\/\/schema.org\/CreativeWork\" ><div class='avia_textblock'  itemprop=\"text\" ><p>Visitez notre page <a href=\"https:\/\/stopmarketingtokids.ca\/fr\/agissez\/\">Agissez<\/a> pour conna\u00eetre les fa\u00e7ons de faire votre part.<\/p>\n<\/div><\/section><\/p><\/div><div  class='hr av-v2aqa6-121e210aa26c3df7febf83d6e1ef673b hr-default  avia-builder-el-5  el_after_av_one_half  el_before_av_image '><span class='hr-inner '><span class=\"hr-inner-style\"><\/span><\/span><\/div>\n\n<style type=\"text\/css\" data-created_by=\"avia_inline_auto\" id=\"style-css-av-ti1hby-23f47419bc2363f185157d37ca937a0f\">\n.avia-image-container.av-ti1hby-23f47419bc2363f185157d37ca937a0f img.avia_image{\nbox-shadow:none;\n}\n.avia-image-container.av-ti1hby-23f47419bc2363f185157d37ca937a0f .av-image-caption-overlay-center{\ncolor:#ffffff;\nfont-size:24px;\n}\n<\/style>\n<div  class='avia-image-container av-ti1hby-23f47419bc2363f185157d37ca937a0f av-styling-no-styling avia-align-center  avia-builder-el-6  el_after_av_hr  avia-builder-el-last '   itemprop=\"image\" itemscope=\"itemscope\" itemtype=\"https:\/\/schema.org\/ImageObject\" ><div class=\"avia-image-container-inner\"><div class=\"avia-image-overlay-wrap\"><img decoding=\"async\" fetchpriority=\"high\" class='wp-image-1461 avia-img-lazy-loading-not-1461 avia_image ' src=\"https:\/\/stopmarketingtokids.ca\/wp-content\/uploads\/2016\/02\/M2KBanner_Main_FR.jpg\" alt='' title='M2KBanner_Main_FR'  height=\"422\" width=\"1210\"  itemprop=\"thumbnailUrl\" srcset=\"https:\/\/stopmarketingtokids.ca\/wp-content\/uploads\/2016\/02\/M2KBanner_Main_FR.jpg 1210w, https:\/\/stopmarketingtokids.ca\/wp-content\/uploads\/2016\/02\/M2KBanner_Main_FR-300x105.jpg 300w, https:\/\/stopmarketingtokids.ca\/wp-content\/uploads\/2016\/02\/M2KBanner_Main_FR-768x268.jpg 768w, https:\/\/stopmarketingtokids.ca\/wp-content\/uploads\/2016\/02\/M2KBanner_Main_FR-1030x359.jpg 1030w, https:\/\/stopmarketingtokids.ca\/wp-content\/uploads\/2016\/02\/M2KBanner_Main_FR-705x246.jpg 705w, https:\/\/stopmarketingtokids.ca\/wp-content\/uploads\/2016\/02\/M2KBanner_Main_FR-450x157.jpg 450w\" sizes=\"(max-width: 1210px) 100vw, 1210px\" \/><\/div><\/div><\/div>\n\n<\/div><\/div><\/div><!-- close content main div --><\/div><\/div><div id='av_section_2'  class='avia-section av-pidl26-8d5bc65844e7f65ef8f1e87b83e32fa8 main_color avia-section-default avia-no-shadow  avia-builder-el-7  el_after_av_section  avia-builder-el-last  avia-bg-style-scroll container_wrap fullsize'  ><div class='container av-section-cont-open' ><div class='template-page content  av-content-full alpha units'><div class='post-entry post-entry-type-page post-entry-1310'><div class='entry-content-wrapper clearfix'>\n<div  class='avia-logo-element-container av-2gym7y-08fcfdc49bcc227d62e7f70b31efc17b av-border-deactivate avia-logo-slider avia-content-slider avia-smallarrow-slider avia-content-slider-active noHover avia-content-slider-even  avia-builder-el-8  el_before_av_textblock  avia-builder-el-first  av-slideshow-ui av-control-default av-nav-arrows-visible av-nav-dots-visible av-no-slider-navigation av-slideshow-autoplay av-loop-endless av-loop-manual-endless avia-content-slider1' data-slideshow-options=\"{&quot;animation&quot;:&quot;slide&quot;,&quot;autoplay&quot;:true,&quot;loop_autoplay&quot;:&quot;endless&quot;,&quot;interval&quot;:4,&quot;loop_manual&quot;:&quot;manual-endless&quot;,&quot;autoplay_stopper&quot;:false,&quot;noNavigation&quot;:false,&quot;bg_slider&quot;:false,&quot;keep_padding&quot;:&quot;&quot;,&quot;hoverpause&quot;:false,&quot;show_slide_delay&quot;:0}\"><div class='avia-smallarrow-slider-heading '><div class='new-special-heading'><h3 class='av-logo-special-heading-text '>Merci aux organisations suivantes pour leur contribution financi\u00e8re ou humaine :<\/h3><\/div><div class='avia-slideshow-arrows avia-slideshow-controls' ><a href='#prev' class='prev-slide  avia-svg-icon avia-font-svg_entypo-fontello' data-av_svg_icon='left-open-big' data-av_iconset='svg_entypo-fontello' tabindex='-1' title=\"Pr\u00e9c\u00e9dent\"><svg version=\"1.1\" xmlns=\"http:\/\/www.w3.org\/2000\/svg\" width=\"15\" height=\"32\" viewBox=\"0 0 15 32\" preserveAspectRatio=\"xMidYMid meet\" aria-labelledby='av-svg-title-1' aria-describedby='av-svg-desc-1' role=\"graphics-symbol\" aria-hidden=\"true\">\n<title id='av-svg-title-1'>Pr\u00e9c\u00e9dent<\/title>\n<desc id='av-svg-desc-1'>Pr\u00e9c\u00e9dent<\/desc>\n<path d=\"M14.464 27.84q0.832 0.832 0 1.536-0.832 0.832-1.536 0l-12.544-12.608q-0.768-0.768 0-1.6l12.544-12.608q0.704-0.832 1.536 0 0.832 0.704 0 1.536l-11.456 11.904z\"><\/path>\n<\/svg><span class='avia_hidden_link_text'>Pr\u00e9c\u00e9dent<\/span><\/a><a href='#next' class='next-slide  avia-svg-icon avia-font-svg_entypo-fontello' data-av_svg_icon='right-open-big' data-av_iconset='svg_entypo-fontello' tabindex='-1' title=\"Suivant\"><svg version=\"1.1\" xmlns=\"http:\/\/www.w3.org\/2000\/svg\" width=\"15\" height=\"32\" viewBox=\"0 0 15 32\" preserveAspectRatio=\"xMidYMid meet\" aria-labelledby='av-svg-title-2' aria-describedby='av-svg-desc-2' role=\"graphics-symbol\" aria-hidden=\"true\">\n<title id='av-svg-title-2'>Suivant<\/title>\n<desc id='av-svg-desc-2'>Suivant<\/desc>\n<path d=\"M0.416 27.84l11.456-11.84-11.456-11.904q-0.832-0.832 0-1.536 0.832-0.832 1.536 0l12.544 12.608q0.768 0.832 0 1.6l-12.544 12.608q-0.704 0.832-1.536 0-0.832-0.704 0-1.536z\"><\/path>\n<\/svg><span class='avia_hidden_link_text'>Suivant<\/span><\/a><\/div><\/div><div class=\"avia-content-slider-inner\"><div class=\"slide-entry-wrap\"><div  class='slide-entry av-2538f2-608ac2291d1d0c4634dd3af44bcb6566 flex_column no_margin av_one_fourth real-thumbnail post-entry slide-entry-overview slide-loop-1 slide-parity-odd  first'><span class='av-partner-fake-img' style='padding-bottom:40.318302387268%; background-image:url(https:\/\/stopmarketingtokids.ca\/wp-content\/uploads\/2017\/05\/HSF_FRE.jpg);'><\/span><\/div><div  class='slide-entry av-lt3vv43e-73b180b0ad8ca5084e13d19113dd36b9 flex_column no_margin av_one_fourth real-thumbnail post-entry slide-entry-overview slide-loop-2 slide-parity-even  '><span class='av-partner-fake-img' style='padding-bottom:40.318302387268%; background-image:url(https:\/\/stopmarketingtokids.ca\/wp-content\/uploads\/2023\/09\/download-3.png);'><\/span><\/div><div  class='slide-entry av-iyh7r2-507613474635009517253115bf14b5c7 flex_column no_margin av_one_fourth real-thumbnail post-entry slide-entry-overview slide-loop-3 slide-parity-odd  '><span class='av-partner-fake-img' style='padding-bottom:40.318302387268%; background-image:url(https:\/\/stopmarketingtokids.ca\/wp-content\/uploads\/2016\/02\/bcahl-logo-colour-cmyk.jpg);'><\/span><\/div><div  class='slide-entry av-h72z9a-9d04c3783f0909846baf1fd9816b8cd0 flex_column no_margin av_one_fourth real-thumbnail post-entry slide-entry-overview slide-loop-4 slide-parity-even  '><span class='av-partner-fake-img' style='padding-bottom:40.318302387268%; background-image:url(https:\/\/stopmarketingtokids.ca\/wp-content\/uploads\/2016\/02\/DC_H_CMYK_FRE2.jpg);'><\/span><\/div><\/div><div class=\"slide-entry-wrap\"><div  class='slide-entry av-av_partner_logo-6f0fba7cd0620a4e6826ec02d92b0d4b flex_column no_margin av_one_fourth real-thumbnail post-entry slide-entry-overview slide-loop-5 slide-parity-odd  first'><span class='av-partner-fake-img' style='padding-bottom:40.318302387268%; background-image:url(https:\/\/stopmarketingtokids.ca\/wp-content\/uploads\/2026\/03\/e7a651_d9ae015feb164e658131c16f90075cb0mv2.avif);'><\/span><\/div><div  class='slide-entry av-em3xfi-ba8408e20b35640a7c6aa6a5748fa4d7 flex_column no_margin av_one_fourth real-thumbnail post-entry slide-entry-overview slide-loop-6 slide-parity-even  '><span class='av-partner-fake-img' style='padding-bottom:40.318302387268%; background-image:url(https:\/\/stopmarketingtokids.ca\/wp-content\/uploads\/2026\/03\/vital-couleur-002.png);'><\/span><\/div><div  class='slide-entry av-c69ujy-e211a355ddb6fd6654cbcd544d08b98b flex_column no_margin av_one_fourth real-thumbnail post-entry slide-entry-overview slide-loop-7 slide-parity-odd  '><span class='av-partner-fake-img' style='padding-bottom:40.318302387268%; background-image:url(https:\/\/stopmarketingtokids.ca\/wp-content\/uploads\/2016\/02\/logo-ccs_fr-en2.jpg);'><\/span><\/div><div  class='slide-entry av-65smzy-8dc9bfd9678f1ab43a1f1698157da9ca flex_column no_margin av_one_fourth real-thumbnail post-entry slide-entry-overview slide-loop-8 slide-parity-even  '><span class='av-partner-fake-img' style='padding-bottom:40.318302387268%; background-image:url(https:\/\/stopmarketingtokids.ca\/wp-content\/uploads\/2015\/08\/cda-logo_f_h.jpg);'><\/span><\/div><\/div><div class=\"slide-entry-wrap\"><div  class='slide-entry av-45tre6-eaaec748a9bdeb21406f16fcb7b64d83 flex_column no_margin av_one_fourth real-thumbnail post-entry slide-entry-overview slide-loop-9 slide-parity-odd post-entry-last first'><span class='av-partner-fake-img' style='padding-bottom:40.318302387268%; background-image:url(https:\/\/stopmarketingtokids.ca\/wp-content\/uploads\/2016\/02\/Artboard-1@2x.png);'><\/span><\/div><\/div><\/div><\/div>\n<section  class='av_textblock_section av-2r4wy6-b658886af1e6e6107b2c39b1f8263c13 '   itemscope=\"itemscope\" itemtype=\"https:\/\/schema.org\/CreativeWork\" ><div class='avia_textblock'  itemprop=\"text\" ><p>Les marques sont utilis\u00e9es avec permission.<\/p>\n<\/div><\/section>\n\n","protected":false},"excerpt":{"rendered":"","protected":false},"author":6,"featured_media":0,"parent":0,"menu_order":0,"comment_status":"open","ping_status":"open","template":"","meta":{"footnotes":""},"class_list":["post-1310","page","type-page","status-publish","hentry"],"yoast_head":"<!-- This site is optimized with the Yoast SEO plugin v27.4 - https:\/\/yoast.com\/product\/yoast-seo-wordpress\/ -->\n<title>La Coalition Arr\u00eatons la pub destin\u00e9e aux enfants<\/title>\n<meta name=\"description\" content=\"On envisage un avenir pour le Canada o\u00f9 les enfants et les parents feront des choix alimentaires nutritifs dans un environnement libre d\u2019influence de la publicit\u00e9 sur les aliments et les boissons aupr\u00e8s des enfants.\" \/>\n<meta name=\"robots\" content=\"index, follow, max-snippet:-1, max-image-preview:large, max-video-preview:-1\" \/>\n<link rel=\"canonical\" href=\"https:\/\/stopmarketingtokids.ca\/fr\/page-daccueil\/\" \/>\n<meta property=\"og:locale\" content=\"fr_FR\" \/>\n<meta property=\"og:type\" content=\"article\" \/>\n<meta property=\"og:title\" content=\"La Coalition Arr\u00eatons la pub destin\u00e9e aux enfants\" \/>\n<meta property=\"og:description\" content=\"On envisage un avenir pour le Canada o\u00f9 les enfants et les parents feront des choix alimentaires nutritifs dans un environnement libre d\u2019influence de la publicit\u00e9 sur les aliments et les boissons aupr\u00e8s des enfants.\" \/>\n<meta property=\"og:url\" content=\"https:\/\/stopmarketingtokids.ca\/fr\/page-daccueil\/\" \/>\n<meta property=\"og:site_name\" content=\"Stop Marketing to Kids Coalition\" \/>\n<meta property=\"article:publisher\" content=\"https:\/\/www.facebook.com\/heartandstroke\" \/>\n<meta property=\"article:modified_time\" content=\"2026-04-25T08:24:37+00:00\" \/>\n<meta name=\"twitter:card\" content=\"summary_large_image\" \/>\n<meta name=\"twitter:site\" content=\"@TheHSF\" \/>\n<meta name=\"twitter:label1\" content=\"Est. reading time\" \/>\n\t<meta name=\"twitter:data1\" content=\"1 minute\" \/>\n<script type=\"application\/ld+json\" class=\"yoast-schema-graph\">{\"@context\":\"https:\\\/\\\/schema.org\",\"@graph\":[{\"@type\":\"WebPage\",\"@id\":\"https:\\\/\\\/stopmarketingtokids.ca\\\/fr\\\/page-daccueil\\\/\",\"url\":\"https:\\\/\\\/stopmarketingtokids.ca\\\/fr\\\/page-daccueil\\\/\",\"name\":\"La Coalition Arr\u00eatons la pub destin\u00e9e aux enfants\",\"isPartOf\":{\"@id\":\"https:\\\/\\\/stopmarketingtokids.ca\\\/#website\"},\"datePublished\":\"2016-02-21T17:21:23+00:00\",\"dateModified\":\"2026-04-25T08:24:37+00:00\",\"description\":\"On envisage un avenir pour le Canada o\u00f9 les enfants et les parents feront des choix alimentaires nutritifs dans un environnement libre d\u2019influence de la publicit\u00e9 sur les aliments et les boissons aupr\u00e8s des enfants.\",\"breadcrumb\":{\"@id\":\"https:\\\/\\\/stopmarketingtokids.ca\\\/fr\\\/page-daccueil\\\/#breadcrumb\"},\"inLanguage\":\"fr-FR\",\"potentialAction\":[{\"@type\":\"ReadAction\",\"target\":[\"https:\\\/\\\/stopmarketingtokids.ca\\\/fr\\\/page-daccueil\\\/\"]}]},{\"@type\":\"BreadcrumbList\",\"@id\":\"https:\\\/\\\/stopmarketingtokids.ca\\\/fr\\\/page-daccueil\\\/#breadcrumb\",\"itemListElement\":[{\"@type\":\"ListItem\",\"position\":1,\"name\":\"Home\",\"item\":\"https:\\\/\\\/stopmarketingtokids.ca\\\/fr\\\/page-daccueil\\\/\"},{\"@type\":\"ListItem\",\"position\":2,\"name\":\"Accueil\"}]},{\"@type\":\"WebSite\",\"@id\":\"https:\\\/\\\/stopmarketingtokids.ca\\\/#website\",\"url\":\"https:\\\/\\\/stopmarketingtokids.ca\\\/\",\"name\":\"Stop Marketing to Kids Coalition\",\"description\":\"Coalition Arr\u00eatons La Pub Destin\u00e9e Aux Enfants\",\"publisher\":{\"@id\":\"https:\\\/\\\/stopmarketingtokids.ca\\\/#organization\"},\"potentialAction\":[{\"@type\":\"SearchAction\",\"target\":{\"@type\":\"EntryPoint\",\"urlTemplate\":\"https:\\\/\\\/stopmarketingtokids.ca\\\/?s={search_term_string}\"},\"query-input\":{\"@type\":\"PropertyValueSpecification\",\"valueRequired\":true,\"valueName\":\"search_term_string\"}}],\"inLanguage\":\"fr-FR\"},{\"@type\":\"Organization\",\"@id\":\"https:\\\/\\\/stopmarketingtokids.ca\\\/#organization\",\"name\":\"Heart and Stroke Foundation of Canada\",\"url\":\"https:\\\/\\\/stopmarketingtokids.ca\\\/\",\"logo\":{\"@type\":\"ImageObject\",\"inLanguage\":\"fr-FR\",\"@id\":\"https:\\\/\\\/stopmarketingtokids.ca\\\/#\\\/schema\\\/logo\\\/image\\\/\",\"url\":\"https:\\\/\\\/stopmarketingtokids.ca\\\/wp-content\\\/uploads\\\/2017\\\/05\\\/smtk-logo-english.png\",\"contentUrl\":\"https:\\\/\\\/stopmarketingtokids.ca\\\/wp-content\\\/uploads\\\/2017\\\/05\\\/smtk-logo-english.png\",\"width\":2095,\"height\":161,\"caption\":\"Heart and Stroke Foundation of Canada\"},\"image\":{\"@id\":\"https:\\\/\\\/stopmarketingtokids.ca\\\/#\\\/schema\\\/logo\\\/image\\\/\"},\"sameAs\":[\"https:\\\/\\\/www.facebook.com\\\/heartandstroke\",\"https:\\\/\\\/x.com\\\/TheHSF\",\"https:\\\/\\\/www.instagram.com\\\/thehsf\\\/\",\"https:\\\/\\\/ca.linkedin.com\\\/company\\\/heart-and-stroke-foundation\",\"https:\\\/\\\/www.youtube.com\\\/user\\\/heartandstrokefdn\"]}]}<\/script>\n<!-- \/ Yoast SEO plugin. -->","yoast_head_json":{"title":"La Coalition Arr\u00eatons la pub destin\u00e9e aux enfants","description":"On envisage un avenir pour le Canada o\u00f9 les enfants et les parents feront des choix alimentaires nutritifs dans un environnement libre d\u2019influence de la publicit\u00e9 sur les aliments et les boissons aupr\u00e8s des enfants.","robots":{"index":"index","follow":"follow","max-snippet":"max-snippet:-1","max-image-preview":"max-image-preview:large","max-video-preview":"max-video-preview:-1"},"canonical":"https:\/\/stopmarketingtokids.ca\/fr\/page-daccueil\/","og_locale":"fr_FR","og_type":"article","og_title":"La Coalition Arr\u00eatons la pub destin\u00e9e aux enfants","og_description":"On envisage un avenir pour le Canada o\u00f9 les enfants et les parents feront des choix alimentaires nutritifs dans un environnement libre d\u2019influence de la publicit\u00e9 sur les aliments et les boissons aupr\u00e8s des enfants.","og_url":"https:\/\/stopmarketingtokids.ca\/fr\/page-daccueil\/","og_site_name":"Stop Marketing to Kids Coalition","article_publisher":"https:\/\/www.facebook.com\/heartandstroke","article_modified_time":"2026-04-25T08:24:37+00:00","twitter_card":"summary_large_image","twitter_site":"@TheHSF","twitter_misc":{"Est. reading time":"1 minute"},"schema":{"@context":"https:\/\/schema.org","@graph":[{"@type":"WebPage","@id":"https:\/\/stopmarketingtokids.ca\/fr\/page-daccueil\/","url":"https:\/\/stopmarketingtokids.ca\/fr\/page-daccueil\/","name":"La Coalition Arr\u00eatons la pub destin\u00e9e aux enfants","isPartOf":{"@id":"https:\/\/stopmarketingtokids.ca\/#website"},"datePublished":"2016-02-21T17:21:23+00:00","dateModified":"2026-04-25T08:24:37+00:00","description":"On envisage un avenir pour le Canada o\u00f9 les enfants et les parents feront des choix alimentaires nutritifs dans un environnement libre d\u2019influence de la publicit\u00e9 sur les aliments et les boissons aupr\u00e8s des enfants.","breadcrumb":{"@id":"https:\/\/stopmarketingtokids.ca\/fr\/page-daccueil\/#breadcrumb"},"inLanguage":"fr-FR","potentialAction":[{"@type":"ReadAction","target":["https:\/\/stopmarketingtokids.ca\/fr\/page-daccueil\/"]}]},{"@type":"BreadcrumbList","@id":"https:\/\/stopmarketingtokids.ca\/fr\/page-daccueil\/#breadcrumb","itemListElement":[{"@type":"ListItem","position":1,"name":"Home","item":"https:\/\/stopmarketingtokids.ca\/fr\/page-daccueil\/"},{"@type":"ListItem","position":2,"name":"Accueil"}]},{"@type":"WebSite","@id":"https:\/\/stopmarketingtokids.ca\/#website","url":"https:\/\/stopmarketingtokids.ca\/","name":"Stop Marketing to Kids Coalition","description":"Coalition Arr\u00eatons La Pub Destin\u00e9e Aux Enfants","publisher":{"@id":"https:\/\/stopmarketingtokids.ca\/#organization"},"potentialAction":[{"@type":"SearchAction","target":{"@type":"EntryPoint","urlTemplate":"https:\/\/stopmarketingtokids.ca\/?s={search_term_string}"},"query-input":{"@type":"PropertyValueSpecification","valueRequired":true,"valueName":"search_term_string"}}],"inLanguage":"fr-FR"},{"@type":"Organization","@id":"https:\/\/stopmarketingtokids.ca\/#organization","name":"Heart and Stroke Foundation of Canada","url":"https:\/\/stopmarketingtokids.ca\/","logo":{"@type":"ImageObject","inLanguage":"fr-FR","@id":"https:\/\/stopmarketingtokids.ca\/#\/schema\/logo\/image\/","url":"https:\/\/stopmarketingtokids.ca\/wp-content\/uploads\/2017\/05\/smtk-logo-english.png","contentUrl":"https:\/\/stopmarketingtokids.ca\/wp-content\/uploads\/2017\/05\/smtk-logo-english.png","width":2095,"height":161,"caption":"Heart and Stroke Foundation of Canada"},"image":{"@id":"https:\/\/stopmarketingtokids.ca\/#\/schema\/logo\/image\/"},"sameAs":["https:\/\/www.facebook.com\/heartandstroke","https:\/\/x.com\/TheHSF","https:\/\/www.instagram.com\/thehsf\/","https:\/\/ca.linkedin.com\/company\/heart-and-stroke-foundation","https:\/\/www.youtube.com\/user\/heartandstrokefdn"]}]}},"_links":{"self":[{"href":"https:\/\/stopmarketingtokids.ca\/fr\/wp-json\/wp\/v2\/pages\/1310\/"}],"collection":[{"href":"https:\/\/stopmarketingtokids.ca\/fr\/wp-json\/wp\/v2\/pages\/"}],"about":[{"href":"https:\/\/stopmarketingtokids.ca\/fr\/wp-json\/wp\/v2\/types\/page\/"}],"author":[{"embeddable":true,"href":"https:\/\/stopmarketingtokids.ca\/fr\/wp-json\/wp\/v2\/users\/6\/"}],"replies":[{"embeddable":true,"href":"https:\/\/stopmarketingtokids.ca\/fr\/wp-json\/wp\/v2\/comments\/?post=1310"}],"version-history":[{"count":101,"href":"https:\/\/stopmarketingtokids.ca\/fr\/wp-json\/wp\/v2\/pages\/1310\/revisions\/"}],"predecessor-version":[{"id":9298,"href":"https:\/\/stopmarketingtokids.ca\/fr\/wp-json\/wp\/v2\/pages\/1310\/revisions\/9298\/"}],"wp:attachment":[{"href":"https:\/\/stopmarketingtokids.ca\/fr\/wp-json\/wp\/v2\/media\/?parent=1310"}],"curies":[{"name":"wp","href":"https:\/\/api.w.org\/{rel}","templated":true}]}}