{"id":2450,"date":"2017-01-20T11:37:17","date_gmt":"2017-01-20T16:37:17","guid":{"rendered":"http:\/\/stopmarketingtokids.ca\/?page_id=2450\/"},"modified":"2021-03-25T08:06:41","modified_gmt":"2021-03-25T12:06:41","slug":"des-interdictions-en-matiere-de-publicite","status":"publish","type":"page","link":"https:\/\/stopmarketingtokids.ca\/fr\/des-interdictions-en-matiere-de-publicite\/","title":{"rendered":"Des interdictions en mati\u00e8re de publicit\u00e9"},"content":{"rendered":"\n<style type=\"text\/css\" data-created_by=\"avia_inline_auto\" id=\"style-css-av-az4sxu-5b5a260a03bddddf63819d1372688e3d\">\n.avia-section.av-az4sxu-5b5a260a03bddddf63819d1372688e3d{\nbackground-color:#477fb7;\nbackground-image:unset;\n}\n<\/style>\n<div id='av_section_1'  class='avia-section av-az4sxu-5b5a260a03bddddf63819d1372688e3d alternate_color avia-section-small avia-no-shadow  avia-builder-el-0  el_before_av_layerslider  avia-builder-el-first  avia-bg-style-scroll container_wrap fullsize'  ><div class='container av-section-cont-open' ><main  role=\"main\" itemprop=\"mainContentOfPage\"  class='template-page content  av-content-full alpha units'><div class='post-entry post-entry-type-page post-entry-2450'><div class='entry-content-wrapper clearfix'>\n\n<style type=\"text\/css\" data-created_by=\"avia_inline_auto\" id=\"style-css-av-90x5ki-b64d3dec3dbf36d115d39a16a7591fb1\">\n#top .av-special-heading.av-90x5ki-b64d3dec3dbf36d115d39a16a7591fb1{\npadding-bottom:10px;\n}\nbody .av-special-heading.av-90x5ki-b64d3dec3dbf36d115d39a16a7591fb1 .av-special-heading-tag .heading-char{\nfont-size:25px;\n}\n.av-special-heading.av-90x5ki-b64d3dec3dbf36d115d39a16a7591fb1 .av-subheading{\nfont-size:15px;\n}\n<\/style>\n<div  class='av-special-heading av-90x5ki-b64d3dec3dbf36d115d39a16a7591fb1 av-special-heading-h1 blockquote modern-quote  avia-builder-el-1  avia-builder-el-no-sibling '><h1 class='av-special-heading-tag '  itemprop=\"headline\"  >Des interdictions en mati\u00e8re de publicit\u00e9<\/h1><div class=\"special-heading-border\"><div class=\"special-heading-inner-border\"><\/div><\/div><\/div>\n<\/div><\/div><\/main><!-- close content main element --><\/div><\/div><div id='layer_slider_1'  class='avia-layerslider main_color avia-shadow  avia-builder-el-2  el_after_av_section  el_before_av_section  slider-not-first container_wrap fullsize'  style='height: 421px; max-width: 1920px; margin: 0 auto;'  ><\/div><\/p>\n<div id='av_section_2'  class='avia-section av-5vn80i-b8f95794b8287710cf7dc4ec54bae547 main_color avia-section-default avia-no-shadow  avia-builder-el-3  el_after_av_layerslider  avia-builder-el-last  avia-bg-style-scroll container_wrap fullsize'  ><div class='container av-section-cont-open' ><div class='template-page content  av-content-full alpha units'><div class='post-entry post-entry-type-page post-entry-2450'><div class='entry-content-wrapper clearfix'>\n\n<style type=\"text\/css\" data-created_by=\"avia_inline_auto\" id=\"style-css-av-46sak2-28f9169053143777aae93a92eeb16dc2\">\n.flex_column.av-46sak2-28f9169053143777aae93a92eeb16dc2{\nborder-radius:0px 0px 0px 0px;\npadding:0px 0px 0px 0px;\n}\n<\/style>\n<div  class='flex_column av-46sak2-28f9169053143777aae93a92eeb16dc2 av_one_third  avia-builder-el-4  el_before_av_two_third  avia-builder-el-first  first flex_column_div av-zero-column-padding  '     ><style type=\"text\/css\" data-created_by=\"avia_inline_auto\" id=\"style-css-av-jz22pphd-8aa115d2717a1288dde4ab07683bbcd3\">\n.avia-image-container.av-jz22pphd-8aa115d2717a1288dde4ab07683bbcd3 img.avia_image{\nbox-shadow:none;\n}\n.avia-image-container.av-jz22pphd-8aa115d2717a1288dde4ab07683bbcd3 .av-image-caption-overlay-center{\ncolor:#ffffff;\n}\n<\/style>\n<div  class='avia-image-container av-jz22pphd-8aa115d2717a1288dde4ab07683bbcd3 av-styling- av-img-linked avia-align-center  avia-builder-el-5  avia-builder-el-no-sibling '   itemprop=\"image\" itemscope=\"itemscope\" itemtype=\"https:\/\/schema.org\/ImageObject\" ><div class=\"avia-image-container-inner\"><div class=\"avia-image-overlay-wrap\"><a href=\"https:\/\/stopmarketingtokids.ca\/fr\/take-action\/\" class='avia_image '  aria-label='19'><img decoding=\"async\" fetchpriority=\"high\" class='wp-image-7330 avia-img-lazy-loading-not-7330 avia_image ' src=\"https:\/\/stopmarketingtokids.ca\/wp-content\/uploads\/2019\/06\/19.png\" alt='' title='19'  height=\"512\" width=\"1024\"  itemprop=\"thumbnailUrl\" srcset=\"https:\/\/stopmarketingtokids.ca\/wp-content\/uploads\/2019\/06\/19.png 1024w, https:\/\/stopmarketingtokids.ca\/wp-content\/uploads\/2019\/06\/19-300x150.png 300w, https:\/\/stopmarketingtokids.ca\/wp-content\/uploads\/2019\/06\/19-768x384.png 768w, https:\/\/stopmarketingtokids.ca\/wp-content\/uploads\/2019\/06\/19-705x353.png 705w, https:\/\/stopmarketingtokids.ca\/wp-content\/uploads\/2019\/06\/19-450x225.png 450w\" sizes=\"(max-width: 1024px) 100vw, 1024px\" \/><\/a><\/div><\/div><\/div><\/div>\n<style type=\"text\/css\" data-created_by=\"avia_inline_auto\" id=\"style-css-av-7m6pu-0c16605e99edfe0fd410b643c40f467d\">\n.flex_column.av-7m6pu-0c16605e99edfe0fd410b643c40f467d{\nborder-radius:0px 0px 0px 0px;\npadding:0px 0px 0px 0px;\n}\n<\/style>\n<div  class='flex_column av-7m6pu-0c16605e99edfe0fd410b643c40f467d av_two_third  avia-builder-el-6  el_after_av_one_third  avia-builder-el-last  flex_column_div av-zero-column-padding  '     ><section  class='av_textblock_section av-jrovafdm-c9715457199d427a71350bd1259e5839 '   itemscope=\"itemscope\" itemtype=\"https:\/\/schema.org\/CreativeWork\" ><div class='avia_textblock'  itemprop=\"text\" ><p><b>Des interdictions en mati\u00e8re de publicit\u00e9<\/b><\/p>\n<p><span style=\"font-weight: 400;\">Plus de <\/span><a href=\"https:\/\/stopmarketingtokids.ca\/fr\/qui-sommes-nous\/\"><span style=\"font-weight: 400;\">120\u00a0organismes et d\u00e9fenseurs de la sant\u00e9 des enfants<\/span><\/a><span style=\"font-weight: 400;\"> des quatre coins du pays demandent \u00e0 nos gouvernements d\u2019interdire la publicit\u00e9 d\u2019aliments et de boissons aupr\u00e8s des enfants. <\/span><span style=\"font-weight: 400;\">Ensemble, nous appuyons<\/span><span style=\"font-weight: 400;\"> les <\/span><a href=\"https:\/\/stopmarketingtokids.ca\/fr\/les-principes-dottawa\/\"><span style=\"font-weight: 400;\">Principes d\u2019Ottawa<\/span><\/a><span style=\"font-weight: 400;\">, un ensemble de d\u00e9finitions et de principes destin\u00e9s \u00e0 orienter les interdictions au Canada.<\/span><\/p>\n<p><b>L\u2019autor\u00e9glementation de l\u2019industrie a \u00e9chou\u00e9.<\/b> <span style=\"font-weight: 400;\"><br \/>\n<\/span><span style=\"font-weight: 400;\">Depuis les promesses de l\u2019Initiative canadienne pour la publicit\u00e9 sur les aliments et les boissons, il y a presque dix ans, la valeur nutritive des aliments dont les publicit\u00e9s font la promotion ne s\u2019est pas am\u00e9lior\u00e9e.<\/span><\/p>\n<ul>\n<li style=\"font-weight: 400;\"><span style=\"font-weight: 400;\">Des personnages porte-parole, comme Tony le tigre de Kellogg\u2019s, et des personnages sous licence, comme Dora l\u2019exploratrice, sont de plus en plus utilis\u00e9s dans les publicit\u00e9s t\u00e9l\u00e9vis\u00e9es pour favoriser la vente de produits alimentaires.<\/span><\/li>\n<li style=\"font-weight: 400;\">La plupart des aliments et des boissons dans les publicit\u00e9s pour enfants sont toujours consid\u00e9r\u00e9s comme nocifs pour la sant\u00e9 et restent riches en graisses satur\u00e9es, en sucre et en sel.<\/li>\n<\/ul>\n<p><b>Nous pouvons en faire plus.<\/b> <span style=\"font-weight: 400;\"><br \/>\n<\/span><span style=\"font-weight: 400;\">Les maladies li\u00e9es \u00e0 l\u2019alimentation sont tout sauf simples.<\/span><span style=\"font-weight: 400;\"> Une r\u00e9glementation qui limite la publicit\u00e9 d\u2019aliments et de boissons \u00e0 faible valeur nutritive aupr\u00e8s des enfants n\u2019est pas la solution miracle qui r\u00e9soudra le probl\u00e8me d\u2019ob\u00e9sit\u00e9 infantile et de mauvaises habitudes alimentaires, mais elle est une composante essentielle d\u2019un plan global visant \u00e0 prot\u00e9ger les enfants et soutenir leurs parents, qui essaient de leur inculquer des habitudes alimentaires saines. Nous devons cr\u00e9er des environnements qui favorisent et facilitent les choix sant\u00e9. Avoir une saine alimentation est l\u2019une des choses les plus importantes que nous pouvons faire pour avoir une bonne sant\u00e9.<\/span><\/p>\n<p><span style=\"font-weight: 400;\">La recherche d\u00e9montre que l\u2019adoption pr\u00e9coce de saines habitudes alimentaires fait en sorte que celles-ci sont maintenues \u00e0 l\u2019\u00e2ge adulte.<\/span><\/p>\n<p><span style=\"font-weight: 400;\">Tous les paliers du gouvernement et des dirigeants d\u2019une collectivit\u00e9 peuvent jouer un r\u00f4le actif dans l\u2019interdiction de la publicit\u00e9 adress\u00e9e aux enfants. Cela comprend l\u2019interdiction de la publicit\u00e9 sur les aliments et les boissons dans les lieux publics o\u00f9 les enfants se rassemblent, y compris les garderies, les \u00e9coles et les cours d\u2019\u00e9cole, les biblioth\u00e8ques, les transports en commun, les centres r\u00e9cr\u00e9atifs, les parcs, les terrains de jeux, les activit\u00e9s sportives ou culturelles, ainsi que les h\u00f4pitaux. <\/span><span style=\"font-weight: 400;\"><br \/>\n<\/span><span style=\"font-weight: 400;\"><br \/>\n<\/span><span style=\"font-weight: 400;\">D\u2019autres mesures compl\u00e9mentaires sont \u00e9galement n\u00e9cessaires. Par exemple\u00a0:<\/span><\/p>\n<ul>\n<li style=\"font-weight: 400;\"><span style=\"font-weight: 400;\">Taxer les boissons sucr\u00e9es.\u00a0<\/span><\/li>\n<li style=\"font-weight: 400;\"><span style=\"font-weight: 400;\">Am\u00e9liorer l\u2019\u00e9tiquetage nutritionnel des aliments et boissons et rendre obligatoire l\u2019\u00e9tiquetage nutritionnel du menu des restaurants.\u00a0<\/span><\/li>\n<li style=\"font-weight: 400;\"><span style=\"font-weight: 400;\">\u00c9tablir une r\u00e9glementation pour limiter la teneur en sodium des aliments transform\u00e9s.\u00a0<\/span><\/li>\n<li style=\"font-weight: 400;\"><span style=\"font-weight: 400;\">Mettre en place des programmes de repas sant\u00e9 dans les \u00e9coles.\u00a0<\/span><\/li>\n<li style=\"font-weight: 400;\"><span style=\"font-weight: 400;\">Encourager les programmes \u00ab\u00a0de la ferme \u00e0 l\u2019\u00e9cole\u00a0\u00bb et les jardins communautaires.\u00a0<\/span><\/li>\n<li style=\"font-weight: 400;\"><span style=\"font-weight: 400;\">Sensibiliser les enfants, les adolescents et les familles au sujet de la cuisine saine et de la saine alimentation en les encourageant notamment \u00e0 privil\u00e9gier les aliments entiers non transform\u00e9s.<\/span><\/li>\n<\/ul>\n<\/div><\/section><\/div>\n","protected":false},"excerpt":{"rendered":"","protected":false},"author":6,"featured_media":0,"parent":0,"menu_order":0,"comment_status":"closed","ping_status":"open","template":"","meta":{"footnotes":""},"class_list":["post-2450","page","type-page","status-publish","hentry"],"yoast_head":"<!-- This site is optimized with the Yoast SEO plugin v27.4 - https:\/\/yoast.com\/product\/yoast-seo-wordpress\/ -->\n<title>Des interdictions en mati\u00e8re de publicit\u00e9 - Stop Marketing to Kids Coalition<\/title>\n<meta name=\"robots\" content=\"index, follow, max-snippet:-1, max-image-preview:large, max-video-preview:-1\" \/>\n<link rel=\"canonical\" href=\"https:\/\/stopmarketingtokids.ca\/fr\/des-interdictions-en-matiere-de-publicite\/\" \/>\n<meta property=\"og:locale\" content=\"fr_FR\" \/>\n<meta property=\"og:type\" content=\"article\" \/>\n<meta property=\"og:title\" content=\"Des interdictions en mati\u00e8re de publicit\u00e9 - Stop Marketing to Kids Coalition\" \/>\n<meta property=\"og:url\" content=\"https:\/\/stopmarketingtokids.ca\/fr\/des-interdictions-en-matiere-de-publicite\/\" \/>\n<meta property=\"og:site_name\" content=\"Stop Marketing to Kids Coalition\" \/>\n<meta property=\"article:publisher\" content=\"https:\/\/www.facebook.com\/heartandstroke\" \/>\n<meta property=\"article:modified_time\" content=\"2021-03-25T12:06:41+00:00\" \/>\n<meta name=\"twitter:card\" content=\"summary_large_image\" \/>\n<meta name=\"twitter:site\" content=\"@TheHSF\" \/>\n<meta name=\"twitter:label1\" content=\"Est. reading time\" \/>\n\t<meta name=\"twitter:data1\" content=\"5 minutes\" \/>\n<script type=\"application\/ld+json\" class=\"yoast-schema-graph\">{\"@context\":\"https:\\\/\\\/schema.org\",\"@graph\":[{\"@type\":\"WebPage\",\"@id\":\"https:\\\/\\\/stopmarketingtokids.ca\\\/fr\\\/des-interdictions-en-matiere-de-publicite\\\/\",\"url\":\"https:\\\/\\\/stopmarketingtokids.ca\\\/fr\\\/des-interdictions-en-matiere-de-publicite\\\/\",\"name\":\"Des interdictions en mati\u00e8re de publicit\u00e9 - Stop Marketing to Kids Coalition\",\"isPartOf\":{\"@id\":\"https:\\\/\\\/stopmarketingtokids.ca\\\/#website\"},\"datePublished\":\"2017-01-20T16:37:17+00:00\",\"dateModified\":\"2021-03-25T12:06:41+00:00\",\"breadcrumb\":{\"@id\":\"https:\\\/\\\/stopmarketingtokids.ca\\\/fr\\\/des-interdictions-en-matiere-de-publicite\\\/#breadcrumb\"},\"inLanguage\":\"fr-FR\",\"potentialAction\":[{\"@type\":\"ReadAction\",\"target\":[\"https:\\\/\\\/stopmarketingtokids.ca\\\/fr\\\/des-interdictions-en-matiere-de-publicite\\\/\"]}]},{\"@type\":\"BreadcrumbList\",\"@id\":\"https:\\\/\\\/stopmarketingtokids.ca\\\/fr\\\/des-interdictions-en-matiere-de-publicite\\\/#breadcrumb\",\"itemListElement\":[{\"@type\":\"ListItem\",\"position\":1,\"name\":\"Home\",\"item\":\"https:\\\/\\\/stopmarketingtokids.ca\\\/fr\\\/page-daccueil\\\/\"},{\"@type\":\"ListItem\",\"position\":2,\"name\":\"Des interdictions en mati\u00e8re de publicit\u00e9\"}]},{\"@type\":\"WebSite\",\"@id\":\"https:\\\/\\\/stopmarketingtokids.ca\\\/#website\",\"url\":\"https:\\\/\\\/stopmarketingtokids.ca\\\/\",\"name\":\"Stop Marketing to Kids Coalition\",\"description\":\"Coalition Arr\u00eatons La Pub Destin\u00e9e Aux Enfants\",\"publisher\":{\"@id\":\"https:\\\/\\\/stopmarketingtokids.ca\\\/#organization\"},\"potentialAction\":[{\"@type\":\"SearchAction\",\"target\":{\"@type\":\"EntryPoint\",\"urlTemplate\":\"https:\\\/\\\/stopmarketingtokids.ca\\\/?s={search_term_string}\"},\"query-input\":{\"@type\":\"PropertyValueSpecification\",\"valueRequired\":true,\"valueName\":\"search_term_string\"}}],\"inLanguage\":\"fr-FR\"},{\"@type\":\"Organization\",\"@id\":\"https:\\\/\\\/stopmarketingtokids.ca\\\/#organization\",\"name\":\"Heart and Stroke Foundation of Canada\",\"url\":\"https:\\\/\\\/stopmarketingtokids.ca\\\/\",\"logo\":{\"@type\":\"ImageObject\",\"inLanguage\":\"fr-FR\",\"@id\":\"https:\\\/\\\/stopmarketingtokids.ca\\\/#\\\/schema\\\/logo\\\/image\\\/\",\"url\":\"https:\\\/\\\/stopmarketingtokids.ca\\\/wp-content\\\/uploads\\\/2017\\\/05\\\/smtk-logo-english.png\",\"contentUrl\":\"https:\\\/\\\/stopmarketingtokids.ca\\\/wp-content\\\/uploads\\\/2017\\\/05\\\/smtk-logo-english.png\",\"width\":2095,\"height\":161,\"caption\":\"Heart and Stroke Foundation of Canada\"},\"image\":{\"@id\":\"https:\\\/\\\/stopmarketingtokids.ca\\\/#\\\/schema\\\/logo\\\/image\\\/\"},\"sameAs\":[\"https:\\\/\\\/www.facebook.com\\\/heartandstroke\",\"https:\\\/\\\/x.com\\\/TheHSF\",\"https:\\\/\\\/www.instagram.com\\\/thehsf\\\/\",\"https:\\\/\\\/ca.linkedin.com\\\/company\\\/heart-and-stroke-foundation\",\"https:\\\/\\\/www.youtube.com\\\/user\\\/heartandstrokefdn\"]}]}<\/script>\n<!-- \/ Yoast SEO plugin. -->","yoast_head_json":{"title":"Des interdictions en mati\u00e8re de publicit\u00e9 - Stop Marketing to Kids Coalition","robots":{"index":"index","follow":"follow","max-snippet":"max-snippet:-1","max-image-preview":"max-image-preview:large","max-video-preview":"max-video-preview:-1"},"canonical":"https:\/\/stopmarketingtokids.ca\/fr\/des-interdictions-en-matiere-de-publicite\/","og_locale":"fr_FR","og_type":"article","og_title":"Des interdictions en mati\u00e8re de publicit\u00e9 - Stop Marketing to Kids Coalition","og_url":"https:\/\/stopmarketingtokids.ca\/fr\/des-interdictions-en-matiere-de-publicite\/","og_site_name":"Stop Marketing to Kids Coalition","article_publisher":"https:\/\/www.facebook.com\/heartandstroke","article_modified_time":"2021-03-25T12:06:41+00:00","twitter_card":"summary_large_image","twitter_site":"@TheHSF","twitter_misc":{"Est. reading time":"5 minutes"},"schema":{"@context":"https:\/\/schema.org","@graph":[{"@type":"WebPage","@id":"https:\/\/stopmarketingtokids.ca\/fr\/des-interdictions-en-matiere-de-publicite\/","url":"https:\/\/stopmarketingtokids.ca\/fr\/des-interdictions-en-matiere-de-publicite\/","name":"Des interdictions en mati\u00e8re de publicit\u00e9 - Stop Marketing to Kids Coalition","isPartOf":{"@id":"https:\/\/stopmarketingtokids.ca\/#website"},"datePublished":"2017-01-20T16:37:17+00:00","dateModified":"2021-03-25T12:06:41+00:00","breadcrumb":{"@id":"https:\/\/stopmarketingtokids.ca\/fr\/des-interdictions-en-matiere-de-publicite\/#breadcrumb"},"inLanguage":"fr-FR","potentialAction":[{"@type":"ReadAction","target":["https:\/\/stopmarketingtokids.ca\/fr\/des-interdictions-en-matiere-de-publicite\/"]}]},{"@type":"BreadcrumbList","@id":"https:\/\/stopmarketingtokids.ca\/fr\/des-interdictions-en-matiere-de-publicite\/#breadcrumb","itemListElement":[{"@type":"ListItem","position":1,"name":"Home","item":"https:\/\/stopmarketingtokids.ca\/fr\/page-daccueil\/"},{"@type":"ListItem","position":2,"name":"Des interdictions en mati\u00e8re de publicit\u00e9"}]},{"@type":"WebSite","@id":"https:\/\/stopmarketingtokids.ca\/#website","url":"https:\/\/stopmarketingtokids.ca\/","name":"Stop Marketing to Kids Coalition","description":"Coalition Arr\u00eatons La Pub Destin\u00e9e Aux Enfants","publisher":{"@id":"https:\/\/stopmarketingtokids.ca\/#organization"},"potentialAction":[{"@type":"SearchAction","target":{"@type":"EntryPoint","urlTemplate":"https:\/\/stopmarketingtokids.ca\/?s={search_term_string}"},"query-input":{"@type":"PropertyValueSpecification","valueRequired":true,"valueName":"search_term_string"}}],"inLanguage":"fr-FR"},{"@type":"Organization","@id":"https:\/\/stopmarketingtokids.ca\/#organization","name":"Heart and Stroke Foundation of Canada","url":"https:\/\/stopmarketingtokids.ca\/","logo":{"@type":"ImageObject","inLanguage":"fr-FR","@id":"https:\/\/stopmarketingtokids.ca\/#\/schema\/logo\/image\/","url":"https:\/\/stopmarketingtokids.ca\/wp-content\/uploads\/2017\/05\/smtk-logo-english.png","contentUrl":"https:\/\/stopmarketingtokids.ca\/wp-content\/uploads\/2017\/05\/smtk-logo-english.png","width":2095,"height":161,"caption":"Heart and Stroke Foundation of Canada"},"image":{"@id":"https:\/\/stopmarketingtokids.ca\/#\/schema\/logo\/image\/"},"sameAs":["https:\/\/www.facebook.com\/heartandstroke","https:\/\/x.com\/TheHSF","https:\/\/www.instagram.com\/thehsf\/","https:\/\/ca.linkedin.com\/company\/heart-and-stroke-foundation","https:\/\/www.youtube.com\/user\/heartandstrokefdn"]}]}},"_links":{"self":[{"href":"https:\/\/stopmarketingtokids.ca\/fr\/wp-json\/wp\/v2\/pages\/2450\/"}],"collection":[{"href":"https:\/\/stopmarketingtokids.ca\/fr\/wp-json\/wp\/v2\/pages\/"}],"about":[{"href":"https:\/\/stopmarketingtokids.ca\/fr\/wp-json\/wp\/v2\/types\/page\/"}],"author":[{"embeddable":true,"href":"https:\/\/stopmarketingtokids.ca\/fr\/wp-json\/wp\/v2\/users\/6\/"}],"replies":[{"embeddable":true,"href":"https:\/\/stopmarketingtokids.ca\/fr\/wp-json\/wp\/v2\/comments\/?post=2450"}],"version-history":[{"count":18,"href":"https:\/\/stopmarketingtokids.ca\/fr\/wp-json\/wp\/v2\/pages\/2450\/revisions\/"}],"predecessor-version":[{"id":8233,"href":"https:\/\/stopmarketingtokids.ca\/fr\/wp-json\/wp\/v2\/pages\/2450\/revisions\/8233\/"}],"wp:attachment":[{"href":"https:\/\/stopmarketingtokids.ca\/fr\/wp-json\/wp\/v2\/media\/?parent=2450"}],"curies":[{"name":"wp","href":"https:\/\/api.w.org\/{rel}","templated":true}]}}