{"id":2540,"date":"2017-01-30T18:18:19","date_gmt":"2017-01-30T23:18:19","guid":{"rendered":"http:\/\/stopmarketingtokids.ca\/?page_id=2540\/"},"modified":"2021-05-18T13:23:23","modified_gmt":"2021-05-18T17:23:23","slug":"bibliotheque-video","status":"publish","type":"page","link":"https:\/\/stopmarketingtokids.ca\/fr\/bibliotheque-video\/","title":{"rendered":"Biblioth\u00e8que Vid\u00e9o"},"content":{"rendered":"\n<style type=\"text\/css\" data-created_by=\"avia_inline_auto\" id=\"style-css-av-av_section-a667b45f101257b5ed8e973b2c045fbf\">\n.avia-section.av-av_section-a667b45f101257b5ed8e973b2c045fbf{\nbackground-color:#477fb7;\nbackground-image:unset;\n}\n<\/style>\n<div id='av_section_1'  class='avia-section av-av_section-a667b45f101257b5ed8e973b2c045fbf alternate_color avia-section-small avia-no-shadow  avia-builder-el-0  el_before_av_layerslider  avia-builder-el-first  avia-bg-style-scroll container_wrap fullsize'  ><div class='container av-section-cont-open' ><main  role=\"main\" itemprop=\"mainContentOfPage\"  class='template-page content  av-content-full alpha units'><div class='post-entry post-entry-type-page post-entry-2540'><div class='entry-content-wrapper clearfix'>\n\n<style type=\"text\/css\" data-created_by=\"avia_inline_auto\" id=\"style-css-av-kouavpu8-8c06d7265b5e49933bbc9e2117e47c5a\">\n#top .av-special-heading.av-kouavpu8-8c06d7265b5e49933bbc9e2117e47c5a{\npadding-bottom:5px;\n}\nbody .av-special-heading.av-kouavpu8-8c06d7265b5e49933bbc9e2117e47c5a .av-special-heading-tag .heading-char{\nfont-size:25px;\n}\n.av-special-heading.av-kouavpu8-8c06d7265b5e49933bbc9e2117e47c5a .av-subheading{\nfont-size:15px;\n}\n<\/style>\n<div  class='av-special-heading av-kouavpu8-8c06d7265b5e49933bbc9e2117e47c5a av-special-heading-h1 blockquote modern-quote  avia-builder-el-1  avia-builder-el-no-sibling '><h1 class='av-special-heading-tag '  itemprop=\"headline\"  >Biblioth\u00e8que Vid\u00e9o<\/h1><div class=\"special-heading-border\"><div class=\"special-heading-inner-border\"><\/div><\/div><\/div>\n\n<\/div><\/div><\/main><!-- close content main element --><\/div><\/div><div id='layer_slider_1'  class='avia-layerslider main_color avia-shadow  avia-builder-el-2  el_after_av_section  el_before_av_section  slider-not-first container_wrap fullsize'  style='height: 421px; max-width: 1920px; margin: 0 auto;'  ><\/div>\n<div id='av_section_2'  class='avia-section av-av_section-d18d8c2c81d10022ebd21ffa95322c35 main_color avia-section-default avia-no-shadow  avia-builder-el-3  el_after_av_layerslider  el_before_av_section  avia-bg-style-scroll container_wrap fullsize'  ><div class='container av-section-cont-open' ><div class='template-page content  av-content-full alpha units'><div class='post-entry post-entry-type-page post-entry-2540'><div class='entry-content-wrapper clearfix'>\n<section  class='av_textblock_section av-kouat27x-ee24b3d64a957b568fad28bb25f75609 '   itemscope=\"itemscope\" itemtype=\"https:\/\/schema.org\/CreativeWork\" ><div class='avia_textblock'  itemprop=\"text\" ><h3 class=\"av-special-heading-tag\">\u00d4 CANADA<\/h3>\n<p><strong class=\"watch-time-text\">Publi\u00e9 2016<\/strong><\/p>\n<p>Nos enfants sont bombard\u00e9s et la recherche a montr\u00e9 que la jusqu\u2019\u00e0 90 % des publicit\u00e9s t\u00e9l\u00e9vis\u00e9es d\u2019aliments et de boissons portent sur des produits ayant une forte teneur en sel, en lipides, en sucre ou en calories.<\/p>\n<\/div><\/section>\n\n<style type=\"text\/css\" data-created_by=\"avia_inline_auto\" id=\"style-css-av-av_one_full-352b07ef7d3bc99b2e9f92e7a9e06bdb\">\n.flex_column.av-av_one_full-352b07ef7d3bc99b2e9f92e7a9e06bdb{\nborder-radius:0px 0px 0px 0px;\npadding:0px 0px 0px 0px;\n}\n<\/style>\n<div  class='flex_column av-av_one_full-352b07ef7d3bc99b2e9f92e7a9e06bdb av_one_full  avia-builder-el-5  el_after_av_textblock  avia-builder-el-last  first flex_column_div av-zero-column-padding  column-top-margin'     ><div  class='avia-video av-av_video-d219f9e3dc1890d9a5a1fdc63fe3e73c avia-video-16-9 av-no-preview-image avia-video-load-always av-lazyload-immediate av-lazyload-video-embed'  itemprop=\"video\" itemtype=\"https:\/\/schema.org\/VideoObject\"  data-original_url='https:\/\/vimeo.com\/175567337'><script type='text\/html' class='av-video-tmpl'><div class='avia-iframe-wrap'><iframe loading=\"lazy\" src=\"https:\/\/player.vimeo.com\/video\/175567337?autoplay=0&loop=0&controls=1&muted=0\" width=\"1500\" height=\"844\" frameborder=\"0\" title=\"Stop Marketing To Our Kids - Coalition Website Video FRENCH\" webkitallowfullscreen mozallowfullscreen allowfullscreen><\/iframe><\/div><\/script><div class='av-click-to-play-overlay'><div class=\"avia_playpause_icon\"><\/div><\/div><\/div><\/div><\/div><\/div><\/div><!-- close content main div --><\/div><\/div><div id='av_section_3'  class='avia-section av-av_section-31779286dc2676a8567fef3678c764df main_color avia-section-default avia-no-shadow  avia-builder-el-7  el_after_av_section  avia-builder-el-last  avia-bg-style-scroll container_wrap fullsize'  ><div class='container av-section-cont-open' ><div class='template-page content  av-content-full alpha units'><div class='post-entry post-entry-type-page post-entry-2540'><div class='entry-content-wrapper clearfix'>\n<section  class='av_textblock_section av-av_textblock-396ddf1f42196ca838231e61a4602801 '   itemscope=\"itemscope\" itemtype=\"https:\/\/schema.org\/CreativeWork\" ><div class='avia_textblock'  itemprop=\"text\" ><h3><strong>Comment l\u2019industrie des aliments et boissons met en p\u00e9ril la sant\u00e9 de nos enfants et de nos jeunes<\/strong><\/h3>\n<p><strong class=\"watch-time-text\">Publi\u00e9 f\u00e9vrier 24, 2016<\/strong><\/p>\n<p>Quels messages publicitaires vos enfants voient-ils en ligne? La D<sup>re<\/sup>\u00a0Monique Potvin Kent a fait enqu\u00eate. Ce qu\u2019elle a constat\u00e9 l\u2019a perturb\u00e9e.<\/p>\n<\/div><\/section>\n<section  class='av_textblock_section av-av_textblock-396ddf1f42196ca838231e61a4602801 '   itemscope=\"itemscope\" itemtype=\"https:\/\/schema.org\/CreativeWork\" ><div class='avia_textblock'  itemprop=\"text\" ><div class='avia-iframe-wrap'><iframe loading=\"lazy\" title=\"Comment l\u2019industrie des aliments et boissons met en p\u00e9ril la sant\u00e9 de nos enfants et de nos jeunes\" width=\"1500\" height=\"844\" src=\"https:\/\/www.youtube.com\/embed\/0507IL94pIo?feature=oembed\" frameborder=\"0\" allow=\"accelerometer; autoplay; clipboard-write; encrypted-media; gyroscope; picture-in-picture\" allowfullscreen><\/iframe><\/div>\n<\/div><\/section>\n<\/p>\n","protected":false},"excerpt":{"rendered":"","protected":false},"author":2,"featured_media":0,"parent":0,"menu_order":0,"comment_status":"closed","ping_status":"closed","template":"","meta":{"footnotes":""},"class_list":["post-2540","page","type-page","status-publish","hentry"],"yoast_head":"<!-- This site is optimized with the Yoast SEO plugin v23.3 - https:\/\/yoast.com\/wordpress\/plugins\/seo\/ -->\n<title>Biblioth\u00e8que Vid\u00e9o - Stop Marketing to Kids Coalition<\/title>\n<meta name=\"robots\" content=\"index, follow, max-snippet:-1, max-image-preview:large, max-video-preview:-1\" \/>\n<link rel=\"canonical\" href=\"https:\/\/stopmarketingtokids.ca\/fr\/bibliotheque-video\/\" \/>\n<meta property=\"og:locale\" content=\"fr_FR\" \/>\n<meta property=\"og:type\" content=\"article\" \/>\n<meta property=\"og:title\" content=\"Biblioth\u00e8que Vid\u00e9o - Stop Marketing to Kids Coalition\" \/>\n<meta property=\"og:url\" content=\"https:\/\/stopmarketingtokids.ca\/fr\/bibliotheque-video\/\" \/>\n<meta property=\"og:site_name\" content=\"Stop Marketing to Kids Coalition\" \/>\n<meta property=\"article:publisher\" content=\"https:\/\/www.facebook.com\/heartandstroke\" \/>\n<meta property=\"article:modified_time\" content=\"2021-05-18T17:23:23+00:00\" \/>\n<meta name=\"twitter:card\" content=\"summary_large_image\" \/>\n<meta name=\"twitter:site\" content=\"@TheHSF\" \/>\n<meta name=\"twitter:label1\" content=\"Est. reading time\" \/>\n\t<meta name=\"twitter:data1\" content=\"3 minutes\" \/>\n<script type=\"application\/ld+json\" class=\"yoast-schema-graph\">{\"@context\":\"https:\/\/schema.org\",\"@graph\":[{\"@type\":\"WebPage\",\"@id\":\"https:\/\/stopmarketingtokids.ca\/fr\/bibliotheque-video\/\",\"url\":\"https:\/\/stopmarketingtokids.ca\/fr\/bibliotheque-video\/\",\"name\":\"Biblioth\u00e8que Vid\u00e9o - Stop Marketing to Kids Coalition\",\"isPartOf\":{\"@id\":\"https:\/\/stopmarketingtokids.ca\/#website\"},\"datePublished\":\"2017-01-30T23:18:19+00:00\",\"dateModified\":\"2021-05-18T17:23:23+00:00\",\"breadcrumb\":{\"@id\":\"https:\/\/stopmarketingtokids.ca\/fr\/bibliotheque-video\/#breadcrumb\"},\"inLanguage\":\"fr-FR\",\"potentialAction\":[{\"@type\":\"ReadAction\",\"target\":[\"https:\/\/stopmarketingtokids.ca\/fr\/bibliotheque-video\/\"]}]},{\"@type\":\"BreadcrumbList\",\"@id\":\"https:\/\/stopmarketingtokids.ca\/fr\/bibliotheque-video\/#breadcrumb\",\"itemListElement\":[{\"@type\":\"ListItem\",\"position\":1,\"name\":\"Home\",\"item\":\"https:\/\/stopmarketingtokids.ca\/fr\/page-daccueil\/\"},{\"@type\":\"ListItem\",\"position\":2,\"name\":\"Biblioth\u00e8que Vid\u00e9o\"}]},{\"@type\":\"WebSite\",\"@id\":\"https:\/\/stopmarketingtokids.ca\/#website\",\"url\":\"https:\/\/stopmarketingtokids.ca\/\",\"name\":\"Stop Marketing to Kids Coalition\",\"description\":\"Coalition Arr\u00eatons La Pub Destin\u00e9e Aux Enfants\",\"publisher\":{\"@id\":\"https:\/\/stopmarketingtokids.ca\/#organization\"},\"potentialAction\":[{\"@type\":\"SearchAction\",\"target\":{\"@type\":\"EntryPoint\",\"urlTemplate\":\"https:\/\/stopmarketingtokids.ca\/?s={search_term_string}\"},\"query-input\":\"required name=search_term_string\"}],\"inLanguage\":\"fr-FR\"},{\"@type\":\"Organization\",\"@id\":\"https:\/\/stopmarketingtokids.ca\/#organization\",\"name\":\"Heart and Stroke Foundation of Canada\",\"url\":\"https:\/\/stopmarketingtokids.ca\/\",\"logo\":{\"@type\":\"ImageObject\",\"inLanguage\":\"fr-FR\",\"@id\":\"https:\/\/stopmarketingtokids.ca\/#\/schema\/logo\/image\/\",\"url\":\"https:\/\/stopmarketingtokids.ca\/wp-content\/uploads\/2017\/05\/smtk-logo-english.png\",\"contentUrl\":\"https:\/\/stopmarketingtokids.ca\/wp-content\/uploads\/2017\/05\/smtk-logo-english.png\",\"width\":2095,\"height\":161,\"caption\":\"Heart and Stroke Foundation of Canada\"},\"image\":{\"@id\":\"https:\/\/stopmarketingtokids.ca\/#\/schema\/logo\/image\/\"},\"sameAs\":[\"https:\/\/www.facebook.com\/heartandstroke\",\"https:\/\/x.com\/TheHSF\",\"https:\/\/www.instagram.com\/thehsf\/\",\"https:\/\/ca.linkedin.com\/company\/heart-and-stroke-foundation\",\"https:\/\/www.youtube.com\/user\/heartandstrokefdn\"]}]}<\/script>\n<!-- \/ Yoast SEO plugin. -->","yoast_head_json":{"title":"Biblioth\u00e8que Vid\u00e9o - Stop Marketing to Kids Coalition","robots":{"index":"index","follow":"follow","max-snippet":"max-snippet:-1","max-image-preview":"max-image-preview:large","max-video-preview":"max-video-preview:-1"},"canonical":"https:\/\/stopmarketingtokids.ca\/fr\/bibliotheque-video\/","og_locale":"fr_FR","og_type":"article","og_title":"Biblioth\u00e8que Vid\u00e9o - Stop Marketing to Kids Coalition","og_url":"https:\/\/stopmarketingtokids.ca\/fr\/bibliotheque-video\/","og_site_name":"Stop Marketing to Kids Coalition","article_publisher":"https:\/\/www.facebook.com\/heartandstroke","article_modified_time":"2021-05-18T17:23:23+00:00","twitter_card":"summary_large_image","twitter_site":"@TheHSF","twitter_misc":{"Est. reading time":"3 minutes"},"schema":{"@context":"https:\/\/schema.org","@graph":[{"@type":"WebPage","@id":"https:\/\/stopmarketingtokids.ca\/fr\/bibliotheque-video\/","url":"https:\/\/stopmarketingtokids.ca\/fr\/bibliotheque-video\/","name":"Biblioth\u00e8que Vid\u00e9o - Stop Marketing to Kids Coalition","isPartOf":{"@id":"https:\/\/stopmarketingtokids.ca\/#website"},"datePublished":"2017-01-30T23:18:19+00:00","dateModified":"2021-05-18T17:23:23+00:00","breadcrumb":{"@id":"https:\/\/stopmarketingtokids.ca\/fr\/bibliotheque-video\/#breadcrumb"},"inLanguage":"fr-FR","potentialAction":[{"@type":"ReadAction","target":["https:\/\/stopmarketingtokids.ca\/fr\/bibliotheque-video\/"]}]},{"@type":"BreadcrumbList","@id":"https:\/\/stopmarketingtokids.ca\/fr\/bibliotheque-video\/#breadcrumb","itemListElement":[{"@type":"ListItem","position":1,"name":"Home","item":"https:\/\/stopmarketingtokids.ca\/fr\/page-daccueil\/"},{"@type":"ListItem","position":2,"name":"Biblioth\u00e8que Vid\u00e9o"}]},{"@type":"WebSite","@id":"https:\/\/stopmarketingtokids.ca\/#website","url":"https:\/\/stopmarketingtokids.ca\/","name":"Stop Marketing to Kids Coalition","description":"Coalition Arr\u00eatons La Pub Destin\u00e9e Aux Enfants","publisher":{"@id":"https:\/\/stopmarketingtokids.ca\/#organization"},"potentialAction":[{"@type":"SearchAction","target":{"@type":"EntryPoint","urlTemplate":"https:\/\/stopmarketingtokids.ca\/?s={search_term_string}"},"query-input":"required name=search_term_string"}],"inLanguage":"fr-FR"},{"@type":"Organization","@id":"https:\/\/stopmarketingtokids.ca\/#organization","name":"Heart and Stroke Foundation of Canada","url":"https:\/\/stopmarketingtokids.ca\/","logo":{"@type":"ImageObject","inLanguage":"fr-FR","@id":"https:\/\/stopmarketingtokids.ca\/#\/schema\/logo\/image\/","url":"https:\/\/stopmarketingtokids.ca\/wp-content\/uploads\/2017\/05\/smtk-logo-english.png","contentUrl":"https:\/\/stopmarketingtokids.ca\/wp-content\/uploads\/2017\/05\/smtk-logo-english.png","width":2095,"height":161,"caption":"Heart and Stroke Foundation of Canada"},"image":{"@id":"https:\/\/stopmarketingtokids.ca\/#\/schema\/logo\/image\/"},"sameAs":["https:\/\/www.facebook.com\/heartandstroke","https:\/\/x.com\/TheHSF","https:\/\/www.instagram.com\/thehsf\/","https:\/\/ca.linkedin.com\/company\/heart-and-stroke-foundation","https:\/\/www.youtube.com\/user\/heartandstrokefdn"]}]}},"_links":{"self":[{"href":"https:\/\/stopmarketingtokids.ca\/fr\/wp-json\/wp\/v2\/pages\/2540\/"}],"collection":[{"href":"https:\/\/stopmarketingtokids.ca\/fr\/wp-json\/wp\/v2\/pages\/"}],"about":[{"href":"https:\/\/stopmarketingtokids.ca\/fr\/wp-json\/wp\/v2\/types\/page\/"}],"author":[{"embeddable":true,"href":"https:\/\/stopmarketingtokids.ca\/fr\/wp-json\/wp\/v2\/users\/2\/"}],"replies":[{"embeddable":true,"href":"https:\/\/stopmarketingtokids.ca\/fr\/wp-json\/wp\/v2\/comments\/?post=2540"}],"version-history":[{"count":11,"href":"https:\/\/stopmarketingtokids.ca\/fr\/wp-json\/wp\/v2\/pages\/2540\/revisions\/"}],"predecessor-version":[{"id":8408,"href":"https:\/\/stopmarketingtokids.ca\/fr\/wp-json\/wp\/v2\/pages\/2540\/revisions\/8408\/"}],"wp:attachment":[{"href":"https:\/\/stopmarketingtokids.ca\/fr\/wp-json\/wp\/v2\/media\/?parent=2540"}],"curies":[{"name":"wp","href":"https:\/\/api.w.org\/{rel}","templated":true}]}}