{"id":4911,"date":"2017-10-04T10:34:58","date_gmt":"2017-10-04T14:34:58","guid":{"rendered":"http:\/\/stopmarketingtokids.ca\/take-action\/"},"modified":"2026-03-27T12:00:21","modified_gmt":"2026-03-27T16:00:21","slug":"agissez","status":"publish","type":"page","link":"https:\/\/stopmarketingtokids.ca\/fr\/agissez\/","title":{"rendered":"AGISSEZ"},"content":{"rendered":"\n<style type=\"text\/css\" data-created_by=\"avia_inline_auto\" id=\"style-css-av-9tnsv2-51f451da6281229502b674391fecccc4\">\n.avia-section.av-9tnsv2-51f451da6281229502b674391fecccc4{\nbackground-color:#477fb7;\nbackground-image:unset;\n}\n<\/style>\n<div id='av_section_1'  class='avia-section av-9tnsv2-51f451da6281229502b674391fecccc4 main_color avia-section-default avia-no-shadow  avia-builder-el-0  el_before_av_layerslider  avia-builder-el-first  avia-bg-style-scroll container_wrap fullsize'  ><div class='container av-section-cont-open' ><main  role=\"main\" itemprop=\"mainContentOfPage\"  class='template-page content  av-content-full alpha units'><div class='post-entry post-entry-type-page post-entry-4911'><div class='entry-content-wrapper clearfix'>\n\n<style type=\"text\/css\" data-created_by=\"avia_inline_auto\" id=\"style-css-av-6xw5u6-9d72c622ddf9a67a6a64a6a5b2479261\">\n#top .av-special-heading.av-6xw5u6-9d72c622ddf9a67a6a64a6a5b2479261{\npadding-bottom:10px;\ncolor:#ffffff;\n}\nbody .av-special-heading.av-6xw5u6-9d72c622ddf9a67a6a64a6a5b2479261 .av-special-heading-tag .heading-char{\nfont-size:25px;\n}\n.av-special-heading.av-6xw5u6-9d72c622ddf9a67a6a64a6a5b2479261 .special-heading-inner-border{\nborder-color:#ffffff;\n}\n.av-special-heading.av-6xw5u6-9d72c622ddf9a67a6a64a6a5b2479261 .av-subheading{\nfont-size:15px;\n}\n<\/style>\n<div  class='av-special-heading av-6xw5u6-9d72c622ddf9a67a6a64a6a5b2479261 av-special-heading-h1 custom-color-heading blockquote modern-quote  avia-builder-el-1  avia-builder-el-no-sibling '><h1 class='av-special-heading-tag '  itemprop=\"headline\"  >Agissez<\/h1><div class=\"special-heading-border\"><div class=\"special-heading-inner-border\"><\/div><\/div><\/div>\n\n<\/div><\/div><\/main><!-- close content main element --><\/div><\/div><div id='layer_slider_1'  class='avia-layerslider main_color avia-shadow  avia-builder-el-2  el_after_av_section  el_before_av_two_third  slider-not-first container_wrap fullsize'  style='height: 421px; max-width: 1920px; margin: 0 auto;'  ><\/div><div id='after_layer_slider_1'  class='main_color av_default_container_wrap container_wrap fullsize'  ><div class='container av-section-cont-open' ><div class='template-page content  av-content-full alpha units'><div class='post-entry post-entry-type-page post-entry-4911'><div class='entry-content-wrapper clearfix'>\n\n<style type=\"text\/css\" data-created_by=\"avia_inline_auto\" id=\"style-css-av-49w89a-f81b9c886c93e773ac31cb4430e70df4\">\n.flex_column.av-49w89a-f81b9c886c93e773ac31cb4430e70df4{\nborder-radius:0px 0px 0px 0px;\npadding:0px 0px 0px 0px;\n}\n<\/style>\n<div  class='flex_column av-49w89a-f81b9c886c93e773ac31cb4430e70df4 av_two_third  avia-builder-el-3  el_after_av_layerslider  el_before_av_one_third  avia-builder-el-first  first flex_column_div av-zero-column-padding  '     ><style type=\"text\/css\" data-created_by=\"avia_inline_auto\" id=\"style-css-av-k1impb4k-3455f1ab1ff3141e587700ae43ca6261\">\n#top .av_textblock_section.av-k1impb4k-3455f1ab1ff3141e587700ae43ca6261 .avia_textblock{\ncolor:#1d6cc1;\n}\n<\/style>\n<section  class='av_textblock_section av-k1impb4k-3455f1ab1ff3141e587700ae43ca6261 '   itemscope=\"itemscope\" itemtype=\"https:\/\/schema.org\/CreativeWork\" ><div class='avia_textblock av_inherit_color'  itemprop=\"text\" ><h3 class=\"p1\">Avec votre aide, le Canada peut devenir un leader mondial dans le domaine de la sant\u00e9 des enfants et de la sant\u00e9 publique pour les g\u00e9n\u00e9rations \u00e0 venir.<\/h3>\n<\/div><\/section><br \/>\n<section  class='av_textblock_section av-jtr4ft2p-e9c88dc754e019402c6a4cb5902ca560 '   itemscope=\"itemscope\" itemtype=\"https:\/\/schema.org\/CreativeWork\" ><div class='avia_textblock'  itemprop=\"text\" ><p><b>1. Apportez du soutien.<\/b> <span style=\"font-weight: 400;\">Encouragez votre organisation \u00e0 nous soutenir ou \u00e0 se joindre \u00e0 la Coalition Arr\u00eatons la pub destin\u00e9e aux enfants. N\u2019h\u00e9sitez pas \u00e0 <\/span><a href=\"https:\/\/stopmarketingtokids.ca\/fr\/contactez-nous\/\"><span style=\"font-weight: 400;\">communiquer avec nous<\/span><\/a><span style=\"font-weight: 400;\"> pour conna\u00eetre les possibilit\u00e9s qui s\u2019offrent \u00e0 vous.<\/span><b><br \/>\n<\/b><\/p>\n<p class=\"p1\"><b>2. Informez-vous.<\/b><span style=\"font-weight: 400;\"> Lisez les <a href=\"https:\/\/stopmarketingtokids.ca\/news\/coalition-in-the-news\/\">derni\u00e8res nouvelles<\/a>\u00a0ou consultez nos <a href=\"https:\/\/stopmarketingtokids.ca\/resources\/\">ressources en ligne<\/a>.<\/span><\/p>\n<p><b>3. Contactez la d\u00e9put\u00e9e ou le d\u00e9put\u00e9 de votre r\u00e9gion.<\/b><span style=\"font-weight: 400;\"> Exprimez l\u2019importance d\u2019interdire la publicit\u00e9 visant les enfants et la n\u00e9cessit\u00e9 d\u2019avoir une r\u00e9glementation f\u00e9d\u00e9rale en la mati\u00e8re. Une liste \u00e0 jour des membres de la Chambre des communes est accessible <a href=\"https:\/\/www.noscommunes.ca\/Members\/fr\/search\">ici<\/a>.<\/span><\/p>\n<p class=\"p1\"><b>4. Tirez profit des m\u00e9dias sociaux. <\/b>Aidez-nous \u00e0 relayer le message sur les m\u00e9dias sociaux. Utilisez le mot-clic <a href=\"https:\/\/twitter.com\/hashtag\/marketing2kids?lang=en\">#PubDestineeAuxEnfants<\/a><b>.\u00a0<\/b><\/p>\n<ul>\n<li><span style=\"font-weight: 400;\">Je soutiens les restrictions pour arr\u00eater la #PubDestineeAuxEnfants #PolCan | Pour en savoir plus\u00a0: <\/span><a href=\"https:\/\/stopmarketingtokids.ca\/fr\/\"><span style=\"font-weight: 400;\">stopmarketingtokids.ca\/fr<\/span><\/a><\/li>\n<li style=\"font-weight: 400;\" aria-level=\"1\">Des restrictions en mati\u00e8re de publicit\u00e9 sont n\u00e9cessaires pour prot\u00e9ger les enfants et soutenir les parents. Mettons fin \u00e0 la #PubDestineeAuxEnfants sur les aliments et les boissons. #PolCan<\/li>\n<\/ul>\n<p><b>5. Ajoutez une page ou une section au site Web de votre organisation.<\/b><span style=\"font-weight: 400;\"> Voici des exemples de nos partenaires\u00a0:<\/span><\/p>\n<ol>\n<li style=\"font-weight: 400;\" aria-level=\"1\"><span style=\"font-weight: 400;\"><a href=\"https:\/\/childhoodhealthyliving.ca\/\">Childhood Healthy Living Foundation<\/a><\/span><\/li>\n<li style=\"font-weight: 400;\" aria-level=\"1\"><a href=\"https:\/\/cancer.ca\/fr\/get-involved\/advocacy\/what-we-are-doing\/healthy-living\"><span style=\"font-weight: 400;\">La Soci\u00e9t\u00e9 canadienne du cancer<\/span><\/a><\/li>\n<\/ol>\n<p><b>6. \u00c9crivez un article d\u2019opinion ou proposez un article. <\/b><span style=\"font-weight: 400;\">Les m\u00e9dias de nouvelles locales veulent vous entendre! Les exemples qui suivent sont en anglais uniquement\u00a0:<\/span><\/p>\n<ol>\n<li style=\"font-weight: 400;\" aria-level=\"1\"><span style=\"font-weight: 400;\">Globe and Mail :<a href=\"https:\/\/www.theglobeandmail.com\/opinion\/article-justin-trudeau-promised-to-stop-junk-food-companies-from-marketing-to\/\"> Trudeau promised to stop junk food companies from marketing to kids \u2013 but that was nine years ago<\/a><\/span><\/li>\n<li style=\"font-weight: 400;\" aria-level=\"1\"><span style=\"font-weight: 400;\">Toronto Star\u00a0: <\/span><a href=\"https:\/\/www.thestar.com\/opinion\/contributors\/2020\/10\/22\/vital-health-commitments-on-food-marketing-and-labelling-must-not-be-left-unfinished.html\"><span style=\"font-weight: 400;\">Vital health commitments on food marketing and labelling must not be left unfinished<\/span><\/a><\/li>\n<li style=\"font-weight: 400;\" aria-level=\"1\"><span style=\"font-weight: 400;\">Ottawa Citizen\u00a0: <\/span><a href=\"https:\/\/ottawacitizen.com\/opinion\/columnists\/munter-we-are-letting-our-kids-eat-themselves-sick\"><span style=\"font-weight: 400;\">We are letting our kids eat themselves sick<\/span><\/a><\/li>\n<li style=\"font-weight: 400;\" aria-level=\"1\"><span style=\"font-weight: 400;\">The Globe and Mail\u00a0: <\/span><a href=\"https:\/\/www.theglobeandmail.com\/opinion\/article-indigenous-peoples-must-look-to-the-past-to-nourish-our-children\/\"><span style=\"font-weight: 400;\">Indigenous peoples must look to the past to nourish our children<\/span><\/a><\/li>\n<li style=\"font-weight: 400;\" aria-level=\"1\"><span style=\"font-weight: 400;\">Coast Reporter\u00a0: <\/span><a href=\"http:\/\/www.coastreporter.net\/community\/columnists\/how-marketing-harms-our-kids-1.12681359\"><span style=\"font-weight: 400;\">How marketing harms our kids<\/span><\/a><\/li>\n<li style=\"font-weight: 400;\" aria-level=\"1\"><span style=\"font-weight: 400;\">Ottawa Citizen\u00a0: <\/span><a href=\"http:\/\/ottawacitizen.com\/opinion\/columnists\/warshawski-and-lewis-why-we-must-ban-advertising-to-children\"><span style=\"font-weight: 400;\">Why we must ban food advertising to children<\/span><\/a><\/li>\n<li style=\"font-weight: 400;\" aria-level=\"1\"><span style=\"font-weight: 400;\">The Globe and Mail\u00a0: <\/span><a href=\"https:\/\/www.theglobeandmail.com\/opinion\/our-kids-should-be-protected-from-junk-food-ads\/article35167759\/\"><span style=\"font-weight: 400;\">Our kids should be protected from junk-food ads<\/span><\/a><\/li>\n<\/ol>\n<p class=\"p1\"><b>7. Faites part de votre expertise.<\/b><span style=\"font-weight: 400;\"> Aidez-nous \u00e0 monter une banque d\u2019\u00e9tudes scientifiques, d\u2019outils et de ressources pour prot\u00e9ger les enfants contre la publicit\u00e9 d\u2019aliments et de boissons. <a href=\"https:\/\/stopmarketingtokids.ca\/fr\/contactez-nous\/\">Contactez-nous<\/a>.<\/span><\/p>\n<\/div><\/section><\/p><\/div>\n<style type=\"text\/css\" data-created_by=\"avia_inline_auto\" id=\"style-css-av-35tr8u-5331f2136e3d78b66712ba89aa459d0d\">\n.flex_column.av-35tr8u-5331f2136e3d78b66712ba89aa459d0d{\nborder-radius:0px 0px 0px 0px;\npadding:0px 0px 0px 0px;\n}\n<\/style>\n<div  class='flex_column av-35tr8u-5331f2136e3d78b66712ba89aa459d0d av_one_third  avia-builder-el-6  el_after_av_two_third  avia-builder-el-last  flex_column_div av-zero-column-padding  '     ><style type=\"text\/css\" data-created_by=\"avia_inline_auto\" id=\"style-css-av-jtr4febe-c7a10e26217a8fd7a2208a7afd659c1c\">\n.avia-image-container.av-jtr4febe-c7a10e26217a8fd7a2208a7afd659c1c img.avia_image{\nbox-shadow:none;\n}\n.avia-image-container.av-jtr4febe-c7a10e26217a8fd7a2208a7afd659c1c .av-image-caption-overlay-center{\ncolor:#ffffff;\n}\n<\/style>\n<div  class='avia-image-container av-jtr4febe-c7a10e26217a8fd7a2208a7afd659c1c av-styling- avia-align-center  avia-builder-el-7  avia-builder-el-no-sibling '   itemprop=\"image\" itemscope=\"itemscope\" itemtype=\"https:\/\/schema.org\/ImageObject\" ><div class=\"avia-image-container-inner\"><div class=\"avia-image-overlay-wrap\"><img decoding=\"async\" fetchpriority=\"high\" class='wp-image-7330 avia-img-lazy-loading-not-7330 avia_image ' src=\"https:\/\/stopmarketingtokids.ca\/wp-content\/uploads\/2019\/06\/19.png\" alt='' title='19'  height=\"512\" width=\"1024\"  itemprop=\"thumbnailUrl\" srcset=\"https:\/\/stopmarketingtokids.ca\/wp-content\/uploads\/2019\/06\/19.png 1024w, https:\/\/stopmarketingtokids.ca\/wp-content\/uploads\/2019\/06\/19-300x150.png 300w, https:\/\/stopmarketingtokids.ca\/wp-content\/uploads\/2019\/06\/19-768x384.png 768w, https:\/\/stopmarketingtokids.ca\/wp-content\/uploads\/2019\/06\/19-705x353.png 705w, https:\/\/stopmarketingtokids.ca\/wp-content\/uploads\/2019\/06\/19-450x225.png 450w\" sizes=\"(max-width: 1024px) 100vw, 1024px\" \/><\/div><\/div><\/div><\/div><\/p>\n","protected":false},"excerpt":{"rendered":"","protected":false},"author":6,"featured_media":0,"parent":0,"menu_order":0,"comment_status":"closed","ping_status":"closed","template":"","meta":{"footnotes":""},"class_list":["post-4911","page","type-page","status-publish","hentry"],"yoast_head":"<!-- This site is optimized with the Yoast SEO plugin v27.4 - https:\/\/yoast.com\/product\/yoast-seo-wordpress\/ -->\n<title>AGISSEZ - Stop Marketing to Kids Coalition<\/title>\n<meta name=\"robots\" content=\"index, follow, max-snippet:-1, max-image-preview:large, max-video-preview:-1\" \/>\n<link rel=\"canonical\" href=\"https:\/\/stopmarketingtokids.ca\/fr\/agissez\/\" \/>\n<meta property=\"og:locale\" content=\"fr_FR\" \/>\n<meta property=\"og:type\" content=\"article\" \/>\n<meta property=\"og:title\" content=\"AGISSEZ - Stop Marketing to Kids Coalition\" \/>\n<meta property=\"og:url\" content=\"https:\/\/stopmarketingtokids.ca\/fr\/agissez\/\" \/>\n<meta property=\"og:site_name\" content=\"Stop Marketing to Kids Coalition\" \/>\n<meta property=\"article:publisher\" content=\"https:\/\/www.facebook.com\/heartandstroke\" \/>\n<meta property=\"article:modified_time\" content=\"2026-03-27T16:00:21+00:00\" \/>\n<meta name=\"twitter:card\" content=\"summary_large_image\" \/>\n<meta name=\"twitter:site\" content=\"@TheHSF\" \/>\n<meta name=\"twitter:label1\" content=\"Est. reading time\" \/>\n\t<meta name=\"twitter:data1\" content=\"3 minutes\" \/>\n<script type=\"application\/ld+json\" class=\"yoast-schema-graph\">{\"@context\":\"https:\\\/\\\/schema.org\",\"@graph\":[{\"@type\":\"WebPage\",\"@id\":\"https:\\\/\\\/stopmarketingtokids.ca\\\/fr\\\/agissez\\\/\",\"url\":\"https:\\\/\\\/stopmarketingtokids.ca\\\/fr\\\/agissez\\\/\",\"name\":\"AGISSEZ - Stop Marketing to Kids Coalition\",\"isPartOf\":{\"@id\":\"https:\\\/\\\/stopmarketingtokids.ca\\\/#website\"},\"datePublished\":\"2017-10-04T14:34:58+00:00\",\"dateModified\":\"2026-03-27T16:00:21+00:00\",\"breadcrumb\":{\"@id\":\"https:\\\/\\\/stopmarketingtokids.ca\\\/fr\\\/agissez\\\/#breadcrumb\"},\"inLanguage\":\"fr-FR\",\"potentialAction\":[{\"@type\":\"ReadAction\",\"target\":[\"https:\\\/\\\/stopmarketingtokids.ca\\\/fr\\\/agissez\\\/\"]}]},{\"@type\":\"BreadcrumbList\",\"@id\":\"https:\\\/\\\/stopmarketingtokids.ca\\\/fr\\\/agissez\\\/#breadcrumb\",\"itemListElement\":[{\"@type\":\"ListItem\",\"position\":1,\"name\":\"Home\",\"item\":\"https:\\\/\\\/stopmarketingtokids.ca\\\/fr\\\/page-daccueil\\\/\"},{\"@type\":\"ListItem\",\"position\":2,\"name\":\"AGISSEZ\"}]},{\"@type\":\"WebSite\",\"@id\":\"https:\\\/\\\/stopmarketingtokids.ca\\\/#website\",\"url\":\"https:\\\/\\\/stopmarketingtokids.ca\\\/\",\"name\":\"Stop Marketing to Kids Coalition\",\"description\":\"Coalition Arr\u00eatons La Pub Destin\u00e9e Aux Enfants\",\"publisher\":{\"@id\":\"https:\\\/\\\/stopmarketingtokids.ca\\\/#organization\"},\"potentialAction\":[{\"@type\":\"SearchAction\",\"target\":{\"@type\":\"EntryPoint\",\"urlTemplate\":\"https:\\\/\\\/stopmarketingtokids.ca\\\/?s={search_term_string}\"},\"query-input\":{\"@type\":\"PropertyValueSpecification\",\"valueRequired\":true,\"valueName\":\"search_term_string\"}}],\"inLanguage\":\"fr-FR\"},{\"@type\":\"Organization\",\"@id\":\"https:\\\/\\\/stopmarketingtokids.ca\\\/#organization\",\"name\":\"Heart and Stroke Foundation of Canada\",\"url\":\"https:\\\/\\\/stopmarketingtokids.ca\\\/\",\"logo\":{\"@type\":\"ImageObject\",\"inLanguage\":\"fr-FR\",\"@id\":\"https:\\\/\\\/stopmarketingtokids.ca\\\/#\\\/schema\\\/logo\\\/image\\\/\",\"url\":\"https:\\\/\\\/stopmarketingtokids.ca\\\/wp-content\\\/uploads\\\/2017\\\/05\\\/smtk-logo-english.png\",\"contentUrl\":\"https:\\\/\\\/stopmarketingtokids.ca\\\/wp-content\\\/uploads\\\/2017\\\/05\\\/smtk-logo-english.png\",\"width\":2095,\"height\":161,\"caption\":\"Heart and Stroke Foundation of Canada\"},\"image\":{\"@id\":\"https:\\\/\\\/stopmarketingtokids.ca\\\/#\\\/schema\\\/logo\\\/image\\\/\"},\"sameAs\":[\"https:\\\/\\\/www.facebook.com\\\/heartandstroke\",\"https:\\\/\\\/x.com\\\/TheHSF\",\"https:\\\/\\\/www.instagram.com\\\/thehsf\\\/\",\"https:\\\/\\\/ca.linkedin.com\\\/company\\\/heart-and-stroke-foundation\",\"https:\\\/\\\/www.youtube.com\\\/user\\\/heartandstrokefdn\"]}]}<\/script>\n<!-- \/ Yoast SEO plugin. -->","yoast_head_json":{"title":"AGISSEZ - Stop Marketing to Kids Coalition","robots":{"index":"index","follow":"follow","max-snippet":"max-snippet:-1","max-image-preview":"max-image-preview:large","max-video-preview":"max-video-preview:-1"},"canonical":"https:\/\/stopmarketingtokids.ca\/fr\/agissez\/","og_locale":"fr_FR","og_type":"article","og_title":"AGISSEZ - Stop Marketing to Kids Coalition","og_url":"https:\/\/stopmarketingtokids.ca\/fr\/agissez\/","og_site_name":"Stop Marketing to Kids Coalition","article_publisher":"https:\/\/www.facebook.com\/heartandstroke","article_modified_time":"2026-03-27T16:00:21+00:00","twitter_card":"summary_large_image","twitter_site":"@TheHSF","twitter_misc":{"Est. reading time":"3 minutes"},"schema":{"@context":"https:\/\/schema.org","@graph":[{"@type":"WebPage","@id":"https:\/\/stopmarketingtokids.ca\/fr\/agissez\/","url":"https:\/\/stopmarketingtokids.ca\/fr\/agissez\/","name":"AGISSEZ - Stop Marketing to Kids Coalition","isPartOf":{"@id":"https:\/\/stopmarketingtokids.ca\/#website"},"datePublished":"2017-10-04T14:34:58+00:00","dateModified":"2026-03-27T16:00:21+00:00","breadcrumb":{"@id":"https:\/\/stopmarketingtokids.ca\/fr\/agissez\/#breadcrumb"},"inLanguage":"fr-FR","potentialAction":[{"@type":"ReadAction","target":["https:\/\/stopmarketingtokids.ca\/fr\/agissez\/"]}]},{"@type":"BreadcrumbList","@id":"https:\/\/stopmarketingtokids.ca\/fr\/agissez\/#breadcrumb","itemListElement":[{"@type":"ListItem","position":1,"name":"Home","item":"https:\/\/stopmarketingtokids.ca\/fr\/page-daccueil\/"},{"@type":"ListItem","position":2,"name":"AGISSEZ"}]},{"@type":"WebSite","@id":"https:\/\/stopmarketingtokids.ca\/#website","url":"https:\/\/stopmarketingtokids.ca\/","name":"Stop Marketing to Kids Coalition","description":"Coalition Arr\u00eatons La Pub Destin\u00e9e Aux Enfants","publisher":{"@id":"https:\/\/stopmarketingtokids.ca\/#organization"},"potentialAction":[{"@type":"SearchAction","target":{"@type":"EntryPoint","urlTemplate":"https:\/\/stopmarketingtokids.ca\/?s={search_term_string}"},"query-input":{"@type":"PropertyValueSpecification","valueRequired":true,"valueName":"search_term_string"}}],"inLanguage":"fr-FR"},{"@type":"Organization","@id":"https:\/\/stopmarketingtokids.ca\/#organization","name":"Heart and Stroke Foundation of Canada","url":"https:\/\/stopmarketingtokids.ca\/","logo":{"@type":"ImageObject","inLanguage":"fr-FR","@id":"https:\/\/stopmarketingtokids.ca\/#\/schema\/logo\/image\/","url":"https:\/\/stopmarketingtokids.ca\/wp-content\/uploads\/2017\/05\/smtk-logo-english.png","contentUrl":"https:\/\/stopmarketingtokids.ca\/wp-content\/uploads\/2017\/05\/smtk-logo-english.png","width":2095,"height":161,"caption":"Heart and Stroke Foundation of Canada"},"image":{"@id":"https:\/\/stopmarketingtokids.ca\/#\/schema\/logo\/image\/"},"sameAs":["https:\/\/www.facebook.com\/heartandstroke","https:\/\/x.com\/TheHSF","https:\/\/www.instagram.com\/thehsf\/","https:\/\/ca.linkedin.com\/company\/heart-and-stroke-foundation","https:\/\/www.youtube.com\/user\/heartandstrokefdn"]}]}},"_links":{"self":[{"href":"https:\/\/stopmarketingtokids.ca\/fr\/wp-json\/wp\/v2\/pages\/4911\/"}],"collection":[{"href":"https:\/\/stopmarketingtokids.ca\/fr\/wp-json\/wp\/v2\/pages\/"}],"about":[{"href":"https:\/\/stopmarketingtokids.ca\/fr\/wp-json\/wp\/v2\/types\/page\/"}],"author":[{"embeddable":true,"href":"https:\/\/stopmarketingtokids.ca\/fr\/wp-json\/wp\/v2\/users\/6\/"}],"replies":[{"embeddable":true,"href":"https:\/\/stopmarketingtokids.ca\/fr\/wp-json\/wp\/v2\/comments\/?post=4911"}],"version-history":[{"count":37,"href":"https:\/\/stopmarketingtokids.ca\/fr\/wp-json\/wp\/v2\/pages\/4911\/revisions\/"}],"predecessor-version":[{"id":9279,"href":"https:\/\/stopmarketingtokids.ca\/fr\/wp-json\/wp\/v2\/pages\/4911\/revisions\/9279\/"}],"wp:attachment":[{"href":"https:\/\/stopmarketingtokids.ca\/fr\/wp-json\/wp\/v2\/media\/?parent=4911"}],"curies":[{"name":"wp","href":"https:\/\/api.w.org\/{rel}","templated":true}]}}