{"id":5933,"date":"2018-10-29T16:51:28","date_gmt":"2018-10-29T20:51:28","guid":{"rendered":"https:\/\/stopmarketingtokids.ca\/?page_id=5933"},"modified":"2021-05-18T13:46:44","modified_gmt":"2021-05-18T17:46:44","slug":"communique-de-presse-passe","status":"publish","type":"page","link":"https:\/\/stopmarketingtokids.ca\/fr\/nouvelles\/communique-de-presse-passe\/","title":{"rendered":"Past Media Releases"},"content":{"rendered":"<div id='layer_slider_1'  class='avia-layerslider main_color avia-shadow  avia-builder-el-0  el_before_av_section  avia-builder-el-first  container_wrap fullsize'  style='height: 421px; max-width: 1920px; margin: 0 auto;'  ><\/div>\n\n<style type=\"text\/css\" data-created_by=\"avia_inline_auto\" id=\"style-css-av-av_section-a667b45f101257b5ed8e973b2c045fbf\">\n.avia-section.av-av_section-a667b45f101257b5ed8e973b2c045fbf{\nbackground-color:#477fb7;\nbackground-image:unset;\n}\n<\/style>\n<div id='av_section_1'  class='avia-section av-av_section-a667b45f101257b5ed8e973b2c045fbf alternate_color avia-section-small avia-no-shadow  avia-builder-el-1  el_after_av_layerslider  el_before_av_section  avia-bg-style-scroll container_wrap fullsize'  ><div class='container av-section-cont-open' ><div class='template-page content  av-content-full alpha units'><div class='post-entry post-entry-type-page post-entry-5933'><div class='entry-content-wrapper clearfix'>\n\n<style type=\"text\/css\" data-created_by=\"avia_inline_auto\" id=\"style-css-av-k1jlxexe-d8985461c0fc6e858e168c48c8ec24cc\">\n#top .av-special-heading.av-k1jlxexe-d8985461c0fc6e858e168c48c8ec24cc{\npadding-bottom:5px;\n}\nbody .av-special-heading.av-k1jlxexe-d8985461c0fc6e858e168c48c8ec24cc .av-special-heading-tag .heading-char{\nfont-size:25px;\n}\n.av-special-heading.av-k1jlxexe-d8985461c0fc6e858e168c48c8ec24cc .av-subheading{\nfont-size:15px;\n}\n<\/style>\n<div  class='av-special-heading av-k1jlxexe-d8985461c0fc6e858e168c48c8ec24cc av-special-heading-h1 blockquote modern-quote  avia-builder-el-2  avia-builder-el-no-sibling  av-linked-heading'><h1 class='av-special-heading-tag '  itemprop=\"headline\"  >Communique de presse<\/h1><div class=\"special-heading-border\"><div class=\"special-heading-inner-border\"><\/div><\/div><\/div>\n\n<\/div><\/div><\/div><!-- close content main div --><\/div><\/div><div id='av_section_2'  class='avia-section av-av_section-d18d8c2c81d10022ebd21ffa95322c35 main_color avia-section-default avia-no-shadow  avia-builder-el-3  el_after_av_section  el_before_av_partner  avia-bg-style-scroll container_wrap fullsize'  ><div class='container av-section-cont-open' ><div class='template-page content  av-content-full alpha units'><div class='post-entry post-entry-type-page post-entry-5933'><div class='entry-content-wrapper clearfix'>\n\n<style type=\"text\/css\" data-created_by=\"avia_inline_auto\" id=\"style-css-av-av_one_third-352b07ef7d3bc99b2e9f92e7a9e06bdb\">\n.flex_column.av-av_one_third-352b07ef7d3bc99b2e9f92e7a9e06bdb{\nborder-radius:0px 0px 0px 0px;\npadding:0px 0px 0px 0px;\n}\n<\/style>\n<div  class='flex_column av-av_one_third-352b07ef7d3bc99b2e9f92e7a9e06bdb av_one_third  avia-builder-el-4  el_before_av_two_third  avia-builder-el-first  first flex_column_div av-zero-column-padding  '     ><style type=\"text\/css\" data-created_by=\"avia_inline_auto\" id=\"style-css-av-k1jlw5eu-bb13ab280eb8d9a5b09327d2613ee630\">\n.avia-image-container.av-k1jlw5eu-bb13ab280eb8d9a5b09327d2613ee630 img.avia_image{\nbox-shadow:none;\n}\n.avia-image-container.av-k1jlw5eu-bb13ab280eb8d9a5b09327d2613ee630 .av-image-caption-overlay-center{\ncolor:#ffffff;\n}\n<\/style>\n<div  class='avia-image-container av-k1jlw5eu-bb13ab280eb8d9a5b09327d2613ee630 av-styling- avia-align-center  avia-builder-el-5  avia-builder-el-no-sibling '   itemprop=\"image\" itemscope=\"itemscope\" itemtype=\"https:\/\/schema.org\/ImageObject\" ><div class=\"avia-image-container-inner\"><div class=\"avia-image-overlay-wrap\"><img decoding=\"async\" fetchpriority=\"high\" class='wp-image-7054 avia-img-lazy-loading-not-7054 avia_image ' src=\"https:\/\/stopmarketingtokids.ca\/wp-content\/uploads\/2019\/05\/M2K_FamilyEatingInKitchen-1030x687-1030x687.jpg\" alt='' title='M2K_FamilyEatingInKitchen-1030x687'  height=\"687\" width=\"1030\"  itemprop=\"thumbnailUrl\" srcset=\"https:\/\/stopmarketingtokids.ca\/wp-content\/uploads\/2019\/05\/M2K_FamilyEatingInKitchen-1030x687.jpg 1030w, https:\/\/stopmarketingtokids.ca\/wp-content\/uploads\/2019\/05\/M2K_FamilyEatingInKitchen-1030x687-300x200.jpg 300w, https:\/\/stopmarketingtokids.ca\/wp-content\/uploads\/2019\/05\/M2K_FamilyEatingInKitchen-1030x687-768x512.jpg 768w, https:\/\/stopmarketingtokids.ca\/wp-content\/uploads\/2019\/05\/M2K_FamilyEatingInKitchen-1030x687-705x470.jpg 705w, https:\/\/stopmarketingtokids.ca\/wp-content\/uploads\/2019\/05\/M2K_FamilyEatingInKitchen-1030x687-450x300.jpg 450w\" sizes=\"(max-width: 1030px) 100vw, 1030px\" \/><\/div><\/div><\/div><\/div>\n<style type=\"text\/css\" data-created_by=\"avia_inline_auto\" id=\"style-css-av-av_two_third-2a64de42b738552fe666ca889af77e28\">\n.flex_column.av-av_two_third-2a64de42b738552fe666ca889af77e28{\nborder-radius:0px 0px 0px 0px;\npadding:0px 0px 0px 0px;\n}\n<\/style>\n<div  class='flex_column av-av_two_third-2a64de42b738552fe666ca889af77e28 av_two_third  avia-builder-el-6  el_after_av_one_third  avia-builder-el-last  flex_column_div av-zero-column-padding  '     ><section  class='av_textblock_section av-k1jluda5-941f5a9527526ccac7dd480fff8e9640 '   itemscope=\"itemscope\" itemtype=\"https:\/\/schema.org\/CreativeWork\" ><div class='avia_textblock'  itemprop=\"text\" ><p><b>Les p\u00e9diatres exhortent le S\u00e9nat \u00e0 adopter le projet de loi sur la sant\u00e9 des enfants<\/b><\/p>\n<p>Toronto, ON, le 17 juin 2019 \u2013 La Coalition Arr\u00eatons la pub destin\u00e9e aux enfants attire l\u2019attention sur une communication adress\u00e9e aux s\u00e9nateurs dans le Hill Times pressant le S\u00e9nat d\u2019adopter le projet de loi S-228 avant la fin de la session parlementaire en cours. Le projet de loi, appel\u00e9 Loi sur la protection de la sant\u00e9 des enfants, a pour but de limiter le marketing des aliments et des boissons riches en sucre, en sel et en gras satur\u00e9s aux enfants de 12 ans et moins. La communication, qui est un appel urgent aux s\u00e9nateurs, a \u00e9t\u00e9 publi\u00e9e par la Soci\u00e9t\u00e9 canadienne de p\u00e9diatrie (une organisation ent\u00e9rin\u00e9e par la Coalition) et les Directeurs de p\u00e9diatrie du Canada. <a href=\"https:\/\/stopmarketingtokids.ca\/fr\/pour-la-presse\/\" target=\"_blank\" rel=\"noopener\">Lire la suite<\/a><\/p>\n<p class=\"p1\"><strong>16 ans et moins | Grandes id\u00e9es pour petits humains<\/strong><\/p>\n<p>TORONTO, le 23\u00a0mai 2017 \/CNW\/ \u2013 Afin d\u2019obtenir du soutien pour l\u2019adoption d\u2019une loi f\u00e9d\u00e9rale visant \u00e0 restreindre la publicit\u00e9 d\u2019aliments et de boissons destin\u00e9e aux enfants, la Fondation des maladies du c\u0153ur et de l\u2019AVC (C\u0153ur\u00a0+\u00a0AVC) a d\u00e9voil\u00e9 sa nouvelle campagne mettant en vedette une agence de publicit\u00e9 fictive, nomm\u00e9e 16\u00a0ans et moins, dont le mandat est de cr\u00e9er des publicit\u00e9s visant exclusivement les enfants.<\/p>\n<p class=\"p1\">La campagne a \u00e9t\u00e9 lanc\u00e9e avec un faux documentaire, que vous pouvez\u00a0<a class=\"mfp-iframe lightbox-added\" href=\"https:\/\/www.youtube.com\/watch?v=m0I7_mJOQeY\"><span class=\"s1\">voir ici<\/span><\/a>, parodiant les mani\u00e8res dont les annonceurs ciblent les enfants dans leurs messages. Le but est de lancer la conversation entre parents sur les m\u00e9dias sociaux \u00e0 propos du probl\u00e8me bien r\u00e9el qu\u2019est la publicit\u00e9 de boissons et aliments malsains destin\u00e9e aux enfants et du besoin d\u2019encadrement pour prot\u00e9ger ces derniers. L\u2019intention est \u00e9galement de les aider \u00e0 faire des choix plus sains pour leurs enfants.\u00a0<a href=\"https:\/\/stopmarketingtokids.ca\/fr\/la-nouvelle-campagne-parodique-de-coeur-avc-fait-la-promotion-dune-agence-de-publicite-qui-cible-exclusivement-les-enfants\/\">Lire la suite<\/a>\u2026<\/p>\n<p class=\"p1\"><i><strong>L\u2019industrie des aliments et boissons met en p\u00e9ril la sant\u00e9 de nos enfants et de nos jeunes<\/strong><\/i><\/p>\n<p>1<sup>er<\/sup>\u00a0f\u00e9vrier\u00a02017\u00a0\u2013 La Fondation des maladies du c\u0153ur et de l\u2019AVC\u00a0(C\u0153ur\u00a0+\u00a0AVC) souhaite que la population du pays r\u00e9alise que, en mati\u00e8re de nutrition, les enfants sont en p\u00e9ril; nos enfants et nos jeunes sont constamment bombard\u00e9s de publicit\u00e9 pour des produits mauvais pour la sant\u00e9, ce qui a des r\u00e9percussions sur leurs choix alimentaires. Cela a un effet d\u00e9vastateur sur leur sant\u00e9 et est source de conflit \u00e0 la maison.\u00a0<a href=\"https:\/\/stopmarketingtokids.ca\/fr\/lindustrie-des-aliments-et-boissons-met-en-peril-la-sante-de-nos-enfants-et-de-nos-jeunes-2\/\">Lire la suite\u2026<\/a><\/p>\n<\/div><\/section><\/div><\/div><\/div><\/div><!-- close content main div --><\/div><\/div><div id='after_section_2'  class='main_color av_default_container_wrap container_wrap fullsize'  ><div class='container av-section-cont-open' ><div class='template-page content  av-content-full alpha units'><div class='post-entry post-entry-type-page post-entry-5933'><div class='entry-content-wrapper clearfix'><\/p>\n","protected":false},"excerpt":{"rendered":"","protected":false},"author":6,"featured_media":0,"parent":8916,"menu_order":0,"comment_status":"closed","ping_status":"closed","template":"","meta":{"footnotes":""},"class_list":["post-5933","page","type-page","status-publish","hentry"],"yoast_head":"<!-- This site is optimized with the Yoast SEO plugin v27.4 - https:\/\/yoast.com\/product\/yoast-seo-wordpress\/ -->\n<title>Past Media Releases - Stop Marketing to Kids Coalition<\/title>\n<meta name=\"robots\" content=\"index, follow, max-snippet:-1, max-image-preview:large, max-video-preview:-1\" \/>\n<link rel=\"canonical\" href=\"https:\/\/stopmarketingtokids.ca\/fr\/nouvelles\/communique-de-presse-passe\/\" \/>\n<meta property=\"og:locale\" content=\"fr_FR\" \/>\n<meta property=\"og:type\" content=\"article\" \/>\n<meta property=\"og:title\" content=\"Past Media Releases - Stop Marketing to Kids Coalition\" \/>\n<meta property=\"og:url\" content=\"https:\/\/stopmarketingtokids.ca\/fr\/nouvelles\/communique-de-presse-passe\/\" \/>\n<meta property=\"og:site_name\" content=\"Stop Marketing to Kids Coalition\" \/>\n<meta property=\"article:publisher\" content=\"https:\/\/www.facebook.com\/heartandstroke\" \/>\n<meta property=\"article:modified_time\" content=\"2021-05-18T17:46:44+00:00\" \/>\n<meta name=\"twitter:card\" content=\"summary_large_image\" \/>\n<meta name=\"twitter:site\" content=\"@TheHSF\" \/>\n<meta name=\"twitter:label1\" content=\"Est. reading time\" \/>\n\t<meta name=\"twitter:data1\" content=\"4 minutes\" \/>\n<script type=\"application\/ld+json\" class=\"yoast-schema-graph\">{\"@context\":\"https:\\\/\\\/schema.org\",\"@graph\":[{\"@type\":\"WebPage\",\"@id\":\"https:\\\/\\\/stopmarketingtokids.ca\\\/fr\\\/nouvelles\\\/communique-de-presse-passe\\\/\",\"url\":\"https:\\\/\\\/stopmarketingtokids.ca\\\/fr\\\/nouvelles\\\/communique-de-presse-passe\\\/\",\"name\":\"Past Media Releases - Stop Marketing to Kids Coalition\",\"isPartOf\":{\"@id\":\"https:\\\/\\\/stopmarketingtokids.ca\\\/#website\"},\"datePublished\":\"2018-10-29T20:51:28+00:00\",\"dateModified\":\"2021-05-18T17:46:44+00:00\",\"breadcrumb\":{\"@id\":\"https:\\\/\\\/stopmarketingtokids.ca\\\/fr\\\/nouvelles\\\/communique-de-presse-passe\\\/#breadcrumb\"},\"inLanguage\":\"fr-FR\",\"potentialAction\":[{\"@type\":\"ReadAction\",\"target\":[\"https:\\\/\\\/stopmarketingtokids.ca\\\/fr\\\/nouvelles\\\/communique-de-presse-passe\\\/\"]}]},{\"@type\":\"BreadcrumbList\",\"@id\":\"https:\\\/\\\/stopmarketingtokids.ca\\\/fr\\\/nouvelles\\\/communique-de-presse-passe\\\/#breadcrumb\",\"itemListElement\":[{\"@type\":\"ListItem\",\"position\":1,\"name\":\"Home\",\"item\":\"https:\\\/\\\/stopmarketingtokids.ca\\\/fr\\\/page-daccueil\\\/\"},{\"@type\":\"ListItem\",\"position\":2,\"name\":\"Nouvelles\",\"item\":\"https:\\\/\\\/stopmarketingtokids.ca\\\/fr\\\/nouvelles\\\/\"},{\"@type\":\"ListItem\",\"position\":3,\"name\":\"Past Media Releases\"}]},{\"@type\":\"WebSite\",\"@id\":\"https:\\\/\\\/stopmarketingtokids.ca\\\/#website\",\"url\":\"https:\\\/\\\/stopmarketingtokids.ca\\\/\",\"name\":\"Stop Marketing to Kids Coalition\",\"description\":\"Coalition Arr\u00eatons La Pub Destin\u00e9e Aux Enfants\",\"publisher\":{\"@id\":\"https:\\\/\\\/stopmarketingtokids.ca\\\/#organization\"},\"potentialAction\":[{\"@type\":\"SearchAction\",\"target\":{\"@type\":\"EntryPoint\",\"urlTemplate\":\"https:\\\/\\\/stopmarketingtokids.ca\\\/?s={search_term_string}\"},\"query-input\":{\"@type\":\"PropertyValueSpecification\",\"valueRequired\":true,\"valueName\":\"search_term_string\"}}],\"inLanguage\":\"fr-FR\"},{\"@type\":\"Organization\",\"@id\":\"https:\\\/\\\/stopmarketingtokids.ca\\\/#organization\",\"name\":\"Heart and Stroke Foundation of Canada\",\"url\":\"https:\\\/\\\/stopmarketingtokids.ca\\\/\",\"logo\":{\"@type\":\"ImageObject\",\"inLanguage\":\"fr-FR\",\"@id\":\"https:\\\/\\\/stopmarketingtokids.ca\\\/#\\\/schema\\\/logo\\\/image\\\/\",\"url\":\"https:\\\/\\\/stopmarketingtokids.ca\\\/wp-content\\\/uploads\\\/2017\\\/05\\\/smtk-logo-english.png\",\"contentUrl\":\"https:\\\/\\\/stopmarketingtokids.ca\\\/wp-content\\\/uploads\\\/2017\\\/05\\\/smtk-logo-english.png\",\"width\":2095,\"height\":161,\"caption\":\"Heart and Stroke Foundation of Canada\"},\"image\":{\"@id\":\"https:\\\/\\\/stopmarketingtokids.ca\\\/#\\\/schema\\\/logo\\\/image\\\/\"},\"sameAs\":[\"https:\\\/\\\/www.facebook.com\\\/heartandstroke\",\"https:\\\/\\\/x.com\\\/TheHSF\",\"https:\\\/\\\/www.instagram.com\\\/thehsf\\\/\",\"https:\\\/\\\/ca.linkedin.com\\\/company\\\/heart-and-stroke-foundation\",\"https:\\\/\\\/www.youtube.com\\\/user\\\/heartandstrokefdn\"]}]}<\/script>\n<!-- \/ Yoast SEO plugin. -->","yoast_head_json":{"title":"Past Media Releases - Stop Marketing to Kids Coalition","robots":{"index":"index","follow":"follow","max-snippet":"max-snippet:-1","max-image-preview":"max-image-preview:large","max-video-preview":"max-video-preview:-1"},"canonical":"https:\/\/stopmarketingtokids.ca\/fr\/nouvelles\/communique-de-presse-passe\/","og_locale":"fr_FR","og_type":"article","og_title":"Past Media Releases - Stop Marketing to Kids Coalition","og_url":"https:\/\/stopmarketingtokids.ca\/fr\/nouvelles\/communique-de-presse-passe\/","og_site_name":"Stop Marketing to Kids Coalition","article_publisher":"https:\/\/www.facebook.com\/heartandstroke","article_modified_time":"2021-05-18T17:46:44+00:00","twitter_card":"summary_large_image","twitter_site":"@TheHSF","twitter_misc":{"Est. reading time":"4 minutes"},"schema":{"@context":"https:\/\/schema.org","@graph":[{"@type":"WebPage","@id":"https:\/\/stopmarketingtokids.ca\/fr\/nouvelles\/communique-de-presse-passe\/","url":"https:\/\/stopmarketingtokids.ca\/fr\/nouvelles\/communique-de-presse-passe\/","name":"Past Media Releases - Stop Marketing to Kids Coalition","isPartOf":{"@id":"https:\/\/stopmarketingtokids.ca\/#website"},"datePublished":"2018-10-29T20:51:28+00:00","dateModified":"2021-05-18T17:46:44+00:00","breadcrumb":{"@id":"https:\/\/stopmarketingtokids.ca\/fr\/nouvelles\/communique-de-presse-passe\/#breadcrumb"},"inLanguage":"fr-FR","potentialAction":[{"@type":"ReadAction","target":["https:\/\/stopmarketingtokids.ca\/fr\/nouvelles\/communique-de-presse-passe\/"]}]},{"@type":"BreadcrumbList","@id":"https:\/\/stopmarketingtokids.ca\/fr\/nouvelles\/communique-de-presse-passe\/#breadcrumb","itemListElement":[{"@type":"ListItem","position":1,"name":"Home","item":"https:\/\/stopmarketingtokids.ca\/fr\/page-daccueil\/"},{"@type":"ListItem","position":2,"name":"Nouvelles","item":"https:\/\/stopmarketingtokids.ca\/fr\/nouvelles\/"},{"@type":"ListItem","position":3,"name":"Past Media Releases"}]},{"@type":"WebSite","@id":"https:\/\/stopmarketingtokids.ca\/#website","url":"https:\/\/stopmarketingtokids.ca\/","name":"Stop Marketing to Kids Coalition","description":"Coalition Arr\u00eatons La Pub Destin\u00e9e Aux Enfants","publisher":{"@id":"https:\/\/stopmarketingtokids.ca\/#organization"},"potentialAction":[{"@type":"SearchAction","target":{"@type":"EntryPoint","urlTemplate":"https:\/\/stopmarketingtokids.ca\/?s={search_term_string}"},"query-input":{"@type":"PropertyValueSpecification","valueRequired":true,"valueName":"search_term_string"}}],"inLanguage":"fr-FR"},{"@type":"Organization","@id":"https:\/\/stopmarketingtokids.ca\/#organization","name":"Heart and Stroke Foundation of Canada","url":"https:\/\/stopmarketingtokids.ca\/","logo":{"@type":"ImageObject","inLanguage":"fr-FR","@id":"https:\/\/stopmarketingtokids.ca\/#\/schema\/logo\/image\/","url":"https:\/\/stopmarketingtokids.ca\/wp-content\/uploads\/2017\/05\/smtk-logo-english.png","contentUrl":"https:\/\/stopmarketingtokids.ca\/wp-content\/uploads\/2017\/05\/smtk-logo-english.png","width":2095,"height":161,"caption":"Heart and Stroke Foundation of Canada"},"image":{"@id":"https:\/\/stopmarketingtokids.ca\/#\/schema\/logo\/image\/"},"sameAs":["https:\/\/www.facebook.com\/heartandstroke","https:\/\/x.com\/TheHSF","https:\/\/www.instagram.com\/thehsf\/","https:\/\/ca.linkedin.com\/company\/heart-and-stroke-foundation","https:\/\/www.youtube.com\/user\/heartandstrokefdn"]}]}},"_links":{"self":[{"href":"https:\/\/stopmarketingtokids.ca\/fr\/wp-json\/wp\/v2\/pages\/5933\/"}],"collection":[{"href":"https:\/\/stopmarketingtokids.ca\/fr\/wp-json\/wp\/v2\/pages\/"}],"about":[{"href":"https:\/\/stopmarketingtokids.ca\/fr\/wp-json\/wp\/v2\/types\/page\/"}],"author":[{"embeddable":true,"href":"https:\/\/stopmarketingtokids.ca\/fr\/wp-json\/wp\/v2\/users\/6\/"}],"replies":[{"embeddable":true,"href":"https:\/\/stopmarketingtokids.ca\/fr\/wp-json\/wp\/v2\/comments\/?post=5933"}],"version-history":[{"count":7,"href":"https:\/\/stopmarketingtokids.ca\/fr\/wp-json\/wp\/v2\/pages\/5933\/revisions\/"}],"predecessor-version":[{"id":8417,"href":"https:\/\/stopmarketingtokids.ca\/fr\/wp-json\/wp\/v2\/pages\/5933\/revisions\/8417\/"}],"up":[{"embeddable":true,"href":"https:\/\/stopmarketingtokids.ca\/fr\/wp-json\/wp\/v2\/pages\/8916\/"}],"wp:attachment":[{"href":"https:\/\/stopmarketingtokids.ca\/fr\/wp-json\/wp\/v2\/media\/?parent=5933"}],"curies":[{"name":"wp","href":"https:\/\/api.w.org\/{rel}","templated":true}]}}