{"id":8867,"date":"2024-02-24T20:38:14","date_gmt":"2024-02-25T01:38:14","guid":{"rendered":"https:\/\/stopmarketingtokids.ca\/?page_id=8867"},"modified":"2026-03-27T11:41:30","modified_gmt":"2026-03-27T15:41:30","slug":"nous-recommandation-politique","status":"publish","type":"page","link":"https:\/\/stopmarketingtokids.ca\/fr\/nous-recommandation-politique\/","title":{"rendered":"Notre recommandation de politiques"},"content":{"rendered":"\n<style type=\"text\/css\" data-created_by=\"avia_inline_auto\" id=\"style-css-av-24wsqn-07fa28d575cadcd213e6e41124c3c598\">\n.avia-section.av-24wsqn-07fa28d575cadcd213e6e41124c3c598{\nbackground-color:#477fb7;\nbackground-image:unset;\n}\n<\/style>\n<div id='av_section_1'  class='avia-section av-24wsqn-07fa28d575cadcd213e6e41124c3c598 alternate_color avia-section-small avia-no-shadow  avia-builder-el-0  el_before_av_section  avia-builder-el-first  avia-bg-style-scroll container_wrap fullsize'  ><div class='container av-section-cont-open' ><main  role=\"main\" itemprop=\"mainContentOfPage\"  class='template-page content  av-content-full alpha units'><div class='post-entry post-entry-type-page post-entry-8867'><div class='entry-content-wrapper clearfix'>\n\n<style type=\"text\/css\" data-created_by=\"avia_inline_auto\" id=\"style-css-av-jdu6yn-53a16f2107f377d440fdafb9bf6016e3\">\n#top .av-special-heading.av-jdu6yn-53a16f2107f377d440fdafb9bf6016e3{\npadding-bottom:5px;\n}\nbody .av-special-heading.av-jdu6yn-53a16f2107f377d440fdafb9bf6016e3 .av-special-heading-tag .heading-char{\nfont-size:25px;\n}\n.av-special-heading.av-jdu6yn-53a16f2107f377d440fdafb9bf6016e3 .av-subheading{\nfont-size:15px;\n}\n<\/style>\n<div  class='av-special-heading av-jdu6yn-53a16f2107f377d440fdafb9bf6016e3 av-special-heading-h1 blockquote modern-quote  avia-builder-el-1  avia-builder-el-no-sibling '><h1 class='av-special-heading-tag '  itemprop=\"headline\"  >Notre recommandation de politiques<\/h1><div class=\"special-heading-border\"><div class=\"special-heading-inner-border\"><\/div><\/div><\/div>\n\n<\/div><\/div><\/main><!-- close content main element --><\/div><\/div><div id='av_section_2'  class='avia-section av-hwitqn-3ecd388219837fed843677d0ba341507 main_color avia-section-default avia-no-shadow  avia-builder-el-2  el_after_av_section  avia-builder-el-last  avia-bg-style-scroll container_wrap fullsize'  ><div class='container av-section-cont-open' ><div class='template-page content  av-content-full alpha units'><div class='post-entry post-entry-type-page post-entry-8867'><div class='entry-content-wrapper clearfix'>\n\n<style type=\"text\/css\" data-created_by=\"avia_inline_auto\" id=\"style-css-av-4mojbz-5801f77e593a709d228d814b8705c0c3\">\n.flex_column.av-4mojbz-5801f77e593a709d228d814b8705c0c3{\nborder-radius:0px 0px 0px 0px;\npadding:0px 0px 0px 0px;\n}\n<\/style>\n<div  class='flex_column av-4mojbz-5801f77e593a709d228d814b8705c0c3 av_one_full  avia-builder-el-3  avia-builder-el-no-sibling  first flex_column_div av-zero-column-padding  '     ><section  class='av_textblock_section av-297z5r-523b8b7c9e4d913ee6b02e65de3f0080 '   itemscope=\"itemscope\" itemtype=\"https:\/\/schema.org\/CreativeWork\" ><div class='avia_textblock'  itemprop=\"text\" ><p>La Coalition Arr\u00eatons la pub destin\u00e9e aux enfants presse le gouvernement f\u00e9d\u00e9ral d\u2019adopter sans d\u00e9lai un r\u00e8glement interdisant la publicit\u00e9 de boissons et d\u2019aliments \u00e0 teneur \u00e9lev\u00e9e en sel, en sucre et en gras satur\u00e9s aupr\u00e8s des enfants de moins de 13 ans.<\/p>\n<p>Concr\u00e8tement, nous recommandons que le gouvernement f\u00e9d\u00e9ral donne instruction \u00e0 Sant\u00e9 Canada de publier imm\u00e9diatement le r\u00e8glement dans la Partie II de la Gazette du Canada. Nous estimons qu\u2019il est justifi\u00e9 de renoncer \u00e0 la publication dans la Partie 1 de la Gazette du Canada, \u00e9tant donn\u00e9 les multiples cycles de consultations men\u00e9s sur une d\u00e9cennie et l\u2019existence de donn\u00e9es probantes solides en faveur d\u2019une intervention.<\/p>\n<\/div><\/section><\/div>\n","protected":false},"excerpt":{"rendered":"","protected":false},"author":8,"featured_media":0,"parent":0,"menu_order":0,"comment_status":"closed","ping_status":"open","template":"","meta":{"footnotes":""},"class_list":["post-8867","page","type-page","status-publish","hentry"],"yoast_head":"<!-- This site is optimized with the Yoast SEO plugin v23.3 - https:\/\/yoast.com\/wordpress\/plugins\/seo\/ -->\n<title>Notre recommandation de politiques - Stop Marketing to Kids Coalition<\/title>\n<meta name=\"robots\" content=\"index, follow, max-snippet:-1, max-image-preview:large, max-video-preview:-1\" \/>\n<link rel=\"canonical\" href=\"https:\/\/stopmarketingtokids.ca\/fr\/nous-recommandation-politique\/\" \/>\n<meta property=\"og:locale\" content=\"fr_FR\" \/>\n<meta property=\"og:type\" content=\"article\" \/>\n<meta property=\"og:title\" content=\"Notre recommandation de politiques - Stop Marketing to Kids Coalition\" \/>\n<meta property=\"og:url\" content=\"https:\/\/stopmarketingtokids.ca\/fr\/nous-recommandation-politique\/\" \/>\n<meta property=\"og:site_name\" content=\"Stop Marketing to Kids Coalition\" \/>\n<meta property=\"article:publisher\" content=\"https:\/\/www.facebook.com\/heartandstroke\" \/>\n<meta property=\"article:modified_time\" content=\"2026-03-27T15:41:30+00:00\" \/>\n<meta name=\"twitter:card\" content=\"summary_large_image\" \/>\n<meta name=\"twitter:site\" content=\"@TheHSF\" \/>\n<meta name=\"twitter:label1\" content=\"Est. reading time\" \/>\n\t<meta name=\"twitter:data1\" content=\"1 minute\" \/>\n<script type=\"application\/ld+json\" class=\"yoast-schema-graph\">{\"@context\":\"https:\/\/schema.org\",\"@graph\":[{\"@type\":\"WebPage\",\"@id\":\"https:\/\/stopmarketingtokids.ca\/fr\/nous-recommandation-politique\/\",\"url\":\"https:\/\/stopmarketingtokids.ca\/fr\/nous-recommandation-politique\/\",\"name\":\"Notre recommandation de politiques - Stop Marketing to Kids Coalition\",\"isPartOf\":{\"@id\":\"https:\/\/stopmarketingtokids.ca\/#website\"},\"datePublished\":\"2024-02-25T01:38:14+00:00\",\"dateModified\":\"2026-03-27T15:41:30+00:00\",\"breadcrumb\":{\"@id\":\"https:\/\/stopmarketingtokids.ca\/fr\/nous-recommandation-politique\/#breadcrumb\"},\"inLanguage\":\"fr-FR\",\"potentialAction\":[{\"@type\":\"ReadAction\",\"target\":[\"https:\/\/stopmarketingtokids.ca\/fr\/nous-recommandation-politique\/\"]}]},{\"@type\":\"BreadcrumbList\",\"@id\":\"https:\/\/stopmarketingtokids.ca\/fr\/nous-recommandation-politique\/#breadcrumb\",\"itemListElement\":[{\"@type\":\"ListItem\",\"position\":1,\"name\":\"Home\",\"item\":\"https:\/\/stopmarketingtokids.ca\/fr\/page-daccueil\/\"},{\"@type\":\"ListItem\",\"position\":2,\"name\":\"Notre recommandation de politiques\"}]},{\"@type\":\"WebSite\",\"@id\":\"https:\/\/stopmarketingtokids.ca\/#website\",\"url\":\"https:\/\/stopmarketingtokids.ca\/\",\"name\":\"Stop Marketing to Kids Coalition\",\"description\":\"Coalition Arr\u00eatons La Pub Destin\u00e9e Aux Enfants\",\"publisher\":{\"@id\":\"https:\/\/stopmarketingtokids.ca\/#organization\"},\"potentialAction\":[{\"@type\":\"SearchAction\",\"target\":{\"@type\":\"EntryPoint\",\"urlTemplate\":\"https:\/\/stopmarketingtokids.ca\/?s={search_term_string}\"},\"query-input\":\"required name=search_term_string\"}],\"inLanguage\":\"fr-FR\"},{\"@type\":\"Organization\",\"@id\":\"https:\/\/stopmarketingtokids.ca\/#organization\",\"name\":\"Heart and Stroke Foundation of Canada\",\"url\":\"https:\/\/stopmarketingtokids.ca\/\",\"logo\":{\"@type\":\"ImageObject\",\"inLanguage\":\"fr-FR\",\"@id\":\"https:\/\/stopmarketingtokids.ca\/#\/schema\/logo\/image\/\",\"url\":\"https:\/\/stopmarketingtokids.ca\/wp-content\/uploads\/2017\/05\/smtk-logo-english.png\",\"contentUrl\":\"https:\/\/stopmarketingtokids.ca\/wp-content\/uploads\/2017\/05\/smtk-logo-english.png\",\"width\":2095,\"height\":161,\"caption\":\"Heart and Stroke Foundation of Canada\"},\"image\":{\"@id\":\"https:\/\/stopmarketingtokids.ca\/#\/schema\/logo\/image\/\"},\"sameAs\":[\"https:\/\/www.facebook.com\/heartandstroke\",\"https:\/\/x.com\/TheHSF\",\"https:\/\/www.instagram.com\/thehsf\/\",\"https:\/\/ca.linkedin.com\/company\/heart-and-stroke-foundation\",\"https:\/\/www.youtube.com\/user\/heartandstrokefdn\"]}]}<\/script>\n<!-- \/ Yoast SEO plugin. -->","yoast_head_json":{"title":"Notre recommandation de politiques - Stop Marketing to Kids Coalition","robots":{"index":"index","follow":"follow","max-snippet":"max-snippet:-1","max-image-preview":"max-image-preview:large","max-video-preview":"max-video-preview:-1"},"canonical":"https:\/\/stopmarketingtokids.ca\/fr\/nous-recommandation-politique\/","og_locale":"fr_FR","og_type":"article","og_title":"Notre recommandation de politiques - Stop Marketing to Kids Coalition","og_url":"https:\/\/stopmarketingtokids.ca\/fr\/nous-recommandation-politique\/","og_site_name":"Stop Marketing to Kids Coalition","article_publisher":"https:\/\/www.facebook.com\/heartandstroke","article_modified_time":"2026-03-27T15:41:30+00:00","twitter_card":"summary_large_image","twitter_site":"@TheHSF","twitter_misc":{"Est. reading time":"1 minute"},"schema":{"@context":"https:\/\/schema.org","@graph":[{"@type":"WebPage","@id":"https:\/\/stopmarketingtokids.ca\/fr\/nous-recommandation-politique\/","url":"https:\/\/stopmarketingtokids.ca\/fr\/nous-recommandation-politique\/","name":"Notre recommandation de politiques - Stop Marketing to Kids Coalition","isPartOf":{"@id":"https:\/\/stopmarketingtokids.ca\/#website"},"datePublished":"2024-02-25T01:38:14+00:00","dateModified":"2026-03-27T15:41:30+00:00","breadcrumb":{"@id":"https:\/\/stopmarketingtokids.ca\/fr\/nous-recommandation-politique\/#breadcrumb"},"inLanguage":"fr-FR","potentialAction":[{"@type":"ReadAction","target":["https:\/\/stopmarketingtokids.ca\/fr\/nous-recommandation-politique\/"]}]},{"@type":"BreadcrumbList","@id":"https:\/\/stopmarketingtokids.ca\/fr\/nous-recommandation-politique\/#breadcrumb","itemListElement":[{"@type":"ListItem","position":1,"name":"Home","item":"https:\/\/stopmarketingtokids.ca\/fr\/page-daccueil\/"},{"@type":"ListItem","position":2,"name":"Notre recommandation de politiques"}]},{"@type":"WebSite","@id":"https:\/\/stopmarketingtokids.ca\/#website","url":"https:\/\/stopmarketingtokids.ca\/","name":"Stop Marketing to Kids Coalition","description":"Coalition Arr\u00eatons La Pub Destin\u00e9e Aux Enfants","publisher":{"@id":"https:\/\/stopmarketingtokids.ca\/#organization"},"potentialAction":[{"@type":"SearchAction","target":{"@type":"EntryPoint","urlTemplate":"https:\/\/stopmarketingtokids.ca\/?s={search_term_string}"},"query-input":"required name=search_term_string"}],"inLanguage":"fr-FR"},{"@type":"Organization","@id":"https:\/\/stopmarketingtokids.ca\/#organization","name":"Heart and Stroke Foundation of Canada","url":"https:\/\/stopmarketingtokids.ca\/","logo":{"@type":"ImageObject","inLanguage":"fr-FR","@id":"https:\/\/stopmarketingtokids.ca\/#\/schema\/logo\/image\/","url":"https:\/\/stopmarketingtokids.ca\/wp-content\/uploads\/2017\/05\/smtk-logo-english.png","contentUrl":"https:\/\/stopmarketingtokids.ca\/wp-content\/uploads\/2017\/05\/smtk-logo-english.png","width":2095,"height":161,"caption":"Heart and Stroke Foundation of Canada"},"image":{"@id":"https:\/\/stopmarketingtokids.ca\/#\/schema\/logo\/image\/"},"sameAs":["https:\/\/www.facebook.com\/heartandstroke","https:\/\/x.com\/TheHSF","https:\/\/www.instagram.com\/thehsf\/","https:\/\/ca.linkedin.com\/company\/heart-and-stroke-foundation","https:\/\/www.youtube.com\/user\/heartandstrokefdn"]}]}},"_links":{"self":[{"href":"https:\/\/stopmarketingtokids.ca\/fr\/wp-json\/wp\/v2\/pages\/8867\/"}],"collection":[{"href":"https:\/\/stopmarketingtokids.ca\/fr\/wp-json\/wp\/v2\/pages\/"}],"about":[{"href":"https:\/\/stopmarketingtokids.ca\/fr\/wp-json\/wp\/v2\/types\/page\/"}],"author":[{"embeddable":true,"href":"https:\/\/stopmarketingtokids.ca\/fr\/wp-json\/wp\/v2\/users\/8\/"}],"replies":[{"embeddable":true,"href":"https:\/\/stopmarketingtokids.ca\/fr\/wp-json\/wp\/v2\/comments\/?post=8867"}],"version-history":[{"count":7,"href":"https:\/\/stopmarketingtokids.ca\/fr\/wp-json\/wp\/v2\/pages\/8867\/revisions\/"}],"predecessor-version":[{"id":9273,"href":"https:\/\/stopmarketingtokids.ca\/fr\/wp-json\/wp\/v2\/pages\/8867\/revisions\/9273\/"}],"wp:attachment":[{"href":"https:\/\/stopmarketingtokids.ca\/fr\/wp-json\/wp\/v2\/media\/?parent=8867"}],"curies":[{"name":"wp","href":"https:\/\/api.w.org\/{rel}","templated":true}]}}